{"id":4794,"date":"2026-01-04T14:26:14","date_gmt":"2026-01-04T12:26:14","guid":{"rendered":"https:\/\/tammetorubbq.ee\/?post_type=product&#038;p=4794"},"modified":"2026-04-14T18:00:34","modified_gmt":"2026-04-14T15:00:34","slug":"kinders-roasted-garlic-bbq-kaste-439g","status":"publish","type":"product","link":"https:\/\/tammetorubbq.ee\/ru\/product-2\/kinders-roasted-garlic-bbq-kaste-439g\/","title":{"rendered":"Kinder\u2019s Roasted Garlic BBQ kaste 439g"},"content":{"rendered":"<p><strong data-start=\"57\" data-end=\"72\">\u0418\u043d\u0433\u0440\u0435\u0434\u0438\u0435\u043d\u0442\u044b: <\/strong>tomatip\u00fcree (vesi, tomatipasta), pruun suhkur, suhkur, \u00e4\u00e4dikas, naturaalne suitsumaitse, sool, maisit\u00e4rklis, Worcestershire\u2019i kaste (\u00e4\u00e4dikas, melass, maisisiirup, vesi, sool, karamelliv\u00e4rv, k\u00fc\u00fcslaugupulber, suhkur, v\u00fcrtsid, tamarind, naturaalne maitseaine), r\u00f6stitud kuivatatud k\u00fc\u00fcslauk, sibulapulber, k\u00fc\u00fcslaugupulber, karamelliv\u00e4rv, purustatud punane pipar, ksantaankummi.<\/p>\n<p><strong data-start=\"857\" data-end=\"871\">Netokogus:<\/strong> 439 g<\/p>","protected":false},"excerpt":{"rendered":"<p data-start=\"185\" data-end=\"534\"><strong data-start=\"225\" data-end=\"255\">Roasted Garlic <\/strong>BBQ kaste \u00fchendab k\u00fc\u00fcslaugu s\u00fcgava, karamellise maitse BBQ klassikaga, luues magusa, suitsuse ja veidi v\u00fcrtsika maitsekombinatsiooni.<\/p>\n<p data-start=\"185\" data-end=\"534\">Sobib ideaalselt grillitud, k\u00fcpsetatud v\u00f5i frititud liha, sealhulgas kana, veiseliha, sealiha ja isegi k\u00f6\u00f6giviljade maitsestamiseks.<\/p>\n<p data-start=\"536\" data-end=\"788\"><strong data-start=\"536\" data-end=\"548\"><img decoding=\"async\" class=\"emoji\" role=\"img\" draggable=\"false\" src=\"https:\/\/s.w.org\/images\/core\/emoji\/17.0.2\/svg\/1f4a1.svg\" alt=\"\ud83d\udca1\" \/> \u0421\u043e\u0432\u0435\u0442 \u043f\u0440\u043e\u0444\u0435\u0441\u0441\u0438\u043e\u043d\u0430\u043b\u0430:<\/strong> Kasuta kastet liha marineerimiseks v\u00e4hemalt 1 tund enne grillimist v\u00f5i k\u00fcpsetamist, v\u00f5i pintselda see liha peale k\u00fcpsetamise viimastel minutitel, et saada rikkalik, karamelline glasuur. Sobib ka v\u00f5ileibadele, burgeritele ja dipikastmeks.<\/p>\n<p data-start=\"536\" data-end=\"788\">\n<p data-start=\"536\" data-end=\"788\"><img loading=\"lazy\" decoding=\"async\" class=\"alignnone  wp-image-4780\" src=\"http:\/\/tammetorubbq.ee\/wp-content\/uploads\/2026\/01\/kinders-logo-black.svg\" alt=\"\" width=\"177\" height=\"112\" \/><\/p>","protected":false},"featured_media":4795,"comment_status":"closed","ping_status":"closed","template":"","meta":{"_uf_show_specific_survey":0,"_uf_disable_surveys":false},"pwb-brand":[265],"product_brand":[],"product_cat":[22],"product_tag":[118,266,121,114,119],"class_list":{"0":"post-4794","1":"product","2":"type-product","3":"status-publish","4":"has-post-thumbnail","6":"pwb-brand-kinders","7":"product_cat-kastmed-ja-marinaadid","8":"product_tag-kanaliha","9":"product_tag-kinders","10":"product_tag-koogiviljad","11":"product_tag-sealiha","12":"product_tag-veiseliha","14":"first","15":"outofstock","16":"taxable","17":"shipping-taxable","18":"purchasable","19":"product-type-simple"},"brands":[{"id":265,"name":"Kinder's","slug":"kinders"}],"_links":{"self":[{"href":"https:\/\/tammetorubbq.ee\/ru\/wp-json\/wp\/v2\/product\/4794","targetHints":{"allow":["GET"]}}],"collection":[{"href":"https:\/\/tammetorubbq.ee\/ru\/wp-json\/wp\/v2\/product"}],"about":[{"href":"https:\/\/tammetorubbq.ee\/ru\/wp-json\/wp\/v2\/types\/product"}],"replies":[{"embeddable":true,"href":"https:\/\/tammetorubbq.ee\/ru\/wp-json\/wp\/v2\/comments?post=4794"}],"wp:featuredmedia":[{"embeddable":true,"href":"https:\/\/tammetorubbq.ee\/ru\/wp-json\/wp\/v2\/media\/4795"}],"wp:attachment":[{"href":"https:\/\/tammetorubbq.ee\/ru\/wp-json\/wp\/v2\/media?parent=4794"}],"wp:term":[{"taxonomy":"pwb-brand","embeddable":true,"href":"https:\/\/tammetorubbq.ee\/ru\/wp-json\/wp\/v2\/pwb-brand?post=4794"},{"taxonomy":"product_brand","embeddable":true,"href":"https:\/\/tammetorubbq.ee\/ru\/wp-json\/wp\/v2\/product_brand?post=4794"},{"taxonomy":"product_cat","embeddable":true,"href":"https:\/\/tammetorubbq.ee\/ru\/wp-json\/wp\/v2\/product_cat?post=4794"},{"taxonomy":"product_tag","embeddable":true,"href":"https:\/\/tammetorubbq.ee\/ru\/wp-json\/wp\/v2\/product_tag?post=4794"}],"curies":[{"name":"wp","href":"https:\/\/api.w.org\/{rel}","templated":true}]}}