{"id":5010,"date":"2026-01-29T17:39:43","date_gmt":"2026-01-29T15:39:43","guid":{"rendered":"https:\/\/tammetorubbq.ee\/?post_type=product&#038;p=5010"},"modified":"2026-05-12T13:00:11","modified_gmt":"2026-05-12T10:00:11","slug":"enn-tobrelutsu-the-ultimate-bbq-kaste-vaarika-ja-chipotlega-280g","status":"publish","type":"product","link":"https:\/\/tammetorubbq.ee\/ru\/toode\/enn-tobrelutsu-the-ultimate-bbq-kaste-vaarika-ja-chipotlega-280g\/","title":{"rendered":"Enn Tobrelutsu The Ultimate BBQ kaste vaarika ja chipotle\u2019ga 280g"},"content":{"rendered":"<p><strong>\u0418\u043d\u0433\u0440\u0435\u0434\u0438\u0435\u043d\u0442\u044b:<\/strong> vesi, pruunsuhkur, agaavinektar, valge suhkur, \u00e4\u00e4dikas, chipotle t\u0161illip\u00fcree (4%) (tomatipulber, riisit\u00e4rklis, siidri\u00e4\u00e4dikas, rapsi\u00f5li, v\u00fcrtsid, vaarikapulber (1%), sibulapulber, k\u00fc\u00fcslaugupulber, looduslik maitseaine, \u00fcrdid, tamarindipasta, s\u00e4ilitusaine (kaaliumsorbaat)).<\/p>\n<p data-start=\"814\" data-end=\"1018\"><strong data-start=\"814\" data-end=\"837\">Toitumisalane teave<\/strong><br data-start=\"837\" data-end=\"840\" \/>Toitumisalane teave 100 g kohta: energiasisaldus 153 kcal, rasvad 2,3 g, millest k\u00fcllastunud rasvhapped 0 g, s\u00fcsivesikud 32,2 g, millest suhkrud 26,9 g, valgud 1,0 g, sool 2,2 g.<\/p>\n<p data-start=\"1020\" data-end=\"1103\"><strong data-start=\"1020\" data-end=\"1035\">S\u00e4ilitamine<\/strong><br data-start=\"1035\" data-end=\"1038\" \/>S\u00e4ilitada toatemperatuuril ja kaitsta otsese p\u00e4ikesevalguse eest.<\/p>","protected":false},"excerpt":{"rendered":"<p><strong>The Ultimate BBQ Sauce with RASPBERRY &amp; CHIPOTLE \/ BBQ kaste vaarika ja chipotle\u2019ga<\/strong><\/p>\n<p>The Ultimate Sauce\u2019i sari on loodud BBQ Entertainment grillmeistri Enn Tobrelutsu retseptide j\u00e4rgi. Vaarika ja chipotle\u2019ga BBQ-kaste on marjase ja m\u00f5\u00f5dukalt v\u00fcrtsika iseloomuga \u2013 vaarikas annab kergelt magusa marjasuse ning chipotle lisab suitsuse ja keskmise teravusega n\u00fcansi. Kaste on selge ja kauni l\u00e4ikega ning sobib suurep\u00e4raselt erinevateks grilli- ja ahjuroogadeks.<\/p>\n<p><strong data-start=\"61\" data-end=\"82\">\u0418\u0434\u0435\u0430\u043b\u044c\u043d\u0430\u044f \u043f\u043e\u0441\u0430\u0434\u043a\u0430:<\/strong><br data-start=\"82\" data-end=\"85\" \/>\u2022 sealiha, kana ja veiseliha glasuurimiseks grillil v\u00f5i ahjus<br data-start=\"146\" data-end=\"149\" \/>\u2022 burgerite, ribide ja pulled pork\u2019i k\u00f5rvale kastmena<br data-start=\"202\" data-end=\"205\" \/>\u2022 marinaadidesse, kui soovid marjast, suitsust ja v\u00fcrtsikat maitset \u00fcheskoos<br data-start=\"281\" data-end=\"284\" \/>\u2022 ahjukartulite ja suupistete dipikastmena<\/p>\n<p><img loading=\"lazy\" decoding=\"async\" class=\"\" src=\"http:\/\/tammetorubbq.ee\/wp-content\/uploads\/2025\/07\/BBQ-Entertainment-N-Catering-Enn-Tobreluts-Logo-300x127.png\" alt=\"\u0420\u0430\u0437\u0432\u043b\u0435\u0447\u0435\u043d\u0438\u044f \u0441 \u0431\u0430\u0440\u0431\u0435\u043a\u044e\" width=\"234\" height=\"99\" \/><\/p>","protected":false},"featured_media":5003,"comment_status":"closed","ping_status":"closed","template":"","meta":{"_uf_show_specific_survey":0,"_uf_disable_surveys":false},"pwb-brand":[183],"product_brand":[407],"product_cat":[22,20],"product_tag":[250,138,280,118,121,166,114,122,119],"class_list":{"0":"post-5010","1":"product","2":"type-product","3":"status-publish","4":"has-post-thumbnail","6":"pwb-brand-bbq-entertainment","7":"product_brand-bbq-entertainment","8":"product_cat-kastmed-ja-marinaadid","9":"product_cat-kampaania","10":"product_tag-bbq-kaste","11":"product_tag-burger","12":"product_tag-enn-tobreluts","13":"product_tag-kanaliha","14":"product_tag-koogiviljad","15":"product_tag-rebitudliha","16":"product_tag-sealiha","17":"product_tag-searibi","18":"product_tag-veiseliha","20":"first","21":"instock","22":"sale","23":"taxable","24":"shipping-taxable","25":"purchasable","26":"product-type-simple"},"brands":[{"id":183,"name":"\u0420\u0430\u0437\u0432\u043b\u0435\u0447\u0435\u043d\u0438\u044f \u0441 \u0431\u0430\u0440\u0431\u0435\u043a\u044e","slug":"bbq-entertainment"}],"_links":{"self":[{"href":"https:\/\/tammetorubbq.ee\/ru\/wp-json\/wp\/v2\/product\/5010","targetHints":{"allow":["GET"]}}],"collection":[{"href":"https:\/\/tammetorubbq.ee\/ru\/wp-json\/wp\/v2\/product"}],"about":[{"href":"https:\/\/tammetorubbq.ee\/ru\/wp-json\/wp\/v2\/types\/product"}],"replies":[{"embeddable":true,"href":"https:\/\/tammetorubbq.ee\/ru\/wp-json\/wp\/v2\/comments?post=5010"}],"wp:featuredmedia":[{"embeddable":true,"href":"https:\/\/tammetorubbq.ee\/ru\/wp-json\/wp\/v2\/media\/5003"}],"wp:attachment":[{"href":"https:\/\/tammetorubbq.ee\/ru\/wp-json\/wp\/v2\/media?parent=5010"}],"wp:term":[{"taxonomy":"pwb-brand","embeddable":true,"href":"https:\/\/tammetorubbq.ee\/ru\/wp-json\/wp\/v2\/pwb-brand?post=5010"},{"taxonomy":"product_brand","embeddable":true,"href":"https:\/\/tammetorubbq.ee\/ru\/wp-json\/wp\/v2\/product_brand?post=5010"},{"taxonomy":"product_cat","embeddable":true,"href":"https:\/\/tammetorubbq.ee\/ru\/wp-json\/wp\/v2\/product_cat?post=5010"},{"taxonomy":"product_tag","embeddable":true,"href":"https:\/\/tammetorubbq.ee\/ru\/wp-json\/wp\/v2\/product_tag?post=5010"}],"curies":[{"name":"wp","href":"https:\/\/api.w.org\/{rel}","templated":true}]}}