{"id":5199,"date":"2026-01-31T15:47:40","date_gmt":"2026-01-31T13:47:40","guid":{"rendered":"https:\/\/tammetorubbq.ee\/?post_type=product&#038;p=5199"},"modified":"2026-04-06T02:01:17","modified_gmt":"2026-04-05T23:01:17","slug":"smeg-veekeedukann-50ndate-stiil-kreem","status":"publish","type":"product","link":"https:\/\/tammetorubbq.ee\/ru\/product-2\/smeg-veekeedukann-50ndate-stiil-kreem\/","title":{"rendered":"Smeg veekeedukann 50`ndate stiil (kreem)"},"content":{"rendered":"<h3 class=\"text-xl font-semibold\">\u0422\u0435\u0445\u043d\u0438\u0447\u0435\u0441\u043a\u0438\u0435 \u0434\u0430\u043d\u043d\u044b\u0435<\/h3>\n<div class=\"divider m-1\"><\/div>\n<table class=\"table text-base\">\n<tbody>\n<tr>\n<th class=\"align-top w-1\/2 pl-0 py-1\">\u0411\u0440\u0435\u043d\u0434<\/th>\n<td class=\"align-top w-1\/2 py-1\">Smeg<\/td>\n<\/tr>\n<tr>\n<th class=\"align-top w-1\/2 pl-0 py-1\">Veekeedukannu t\u00fc\u00fcp<\/th>\n<td class=\"align-top w-1\/2 py-1\">Elektriline veekeetja<\/td>\n<\/tr>\n<tr>\n<th class=\"align-top w-1\/2 pl-0 py-1\">Disain<\/th>\n<td class=\"align-top w-1\/2 py-1\">50\u00b4ndate stiil<\/td>\n<\/tr>\n<tr>\n<th class=\"align-top w-1\/2 pl-0 py-1\">Nimiv\u00f5imsus W<\/th>\n<td class=\"align-top w-1\/2 py-1\">1400<\/td>\n<\/tr>\n<tr>\n<th class=\"align-top w-1\/2 pl-0 py-1\">V\u00e4rvus<\/th>\n<td class=\"align-top w-1\/2 py-1\">Kreem<\/td>\n<\/tr>\n<tr>\n<th class=\"align-top w-1\/2 pl-0 py-1\">Maht l<\/th>\n<td class=\"align-top w-1\/2 py-1\">0,8<\/td>\n<\/tr>\n<tr>\n<th class=\"align-top w-1\/2 pl-0 py-1\">\u041c\u0430\u0442\u0435\u0440\u0438\u0430\u043b \u0438\u0437<\/th>\n<td class=\"align-top w-1\/2 py-1\">rv-teras<\/td>\n<\/tr>\n<tr>\n<th class=\"align-top w-1\/2 pl-0 py-1\">Pakendi k\u00f5rgus<\/th>\n<td class=\"align-top w-1\/2 py-1\">25,7<\/td>\n<\/tr>\n<tr>\n<th class=\"align-top w-1\/2 pl-0 py-1\">Pakendi laius<\/th>\n<td class=\"align-top w-1\/2 py-1\">24,7<\/td>\n<\/tr>\n<tr>\n<th class=\"align-top w-1\/2 pl-0 py-1\">Pakendi s\u00fcgavus<\/th>\n<td class=\"align-top w-1\/2 py-1\">21,8<\/td>\n<\/tr>\n<\/tbody>\n<\/table>\n<h3 data-start=\"107\" data-end=\"150\">Smeg \u2013 stiil ja kvaliteet teie k\u00f6\u00f6gis<\/h3>\n<p data-start=\"152\" data-end=\"502\">Avastage Smeg v\u00e4ikeelektroonika, mis \u00fchendab\u00a0<strong>Itaalia disain<\/strong>i, funktsionaalsuse ja kvaliteedi. Alates retrostiilis r\u00f6steritest ja kohvimasinatest kuni modernsete blenderite ja veekeetjateni \u2013 Smeg tooted toovad teie k\u00f6\u00f6ki erilise elegantsi. Iga seade on loodud vastupidavaks ja mugavaks kasutamiseks, pakkudes samal ajal stiilset visuaalset elamust.<\/p>\n<p data-start=\"504\" data-end=\"611\">Valige Smeg ja muutke igap\u00e4evane toiduvalmistamine nauditavaks \u2013 sest hea disain ei ole kunagi \u00fcleliigne.<\/p>\n<p><iframe loading=\"lazy\" title=\"Mini kettle\" src=\"https:\/\/www.youtube.com\/embed\/dwcIxRxrKTA?feature=oembed\" width=\"500\" height=\"281\" frameborder=\"0\" allowfullscreen=\"allowfullscreen\" data-mce-fragment=\"1\"><\/iframe><\/p>","protected":false},"excerpt":{"rendered":"<h4 data-start=\"95\" data-end=\"175\"><strong data-start=\"95\" data-end=\"173\">Smeg KLF05 mini veekeedukann, 0,8\u202fl \u2013 kompaktne, stiilne ja funktsionaalne<\/strong><\/h4>\n<p data-start=\"177\" data-end=\"371\">Kompaktne ja funktsionaalne 0,8\u202fl elektriline veekeedukann, ideaalne igasse ruumi. T\u00e4nu 360\u00b0 p\u00f6\u00f6ratavale alusele ja mugavalt avatavale k\u00e4sitsi juhitavale kaanele on kasutamine lihtne ja mugav.<\/p>\n<ul data-start=\"373\" data-end=\"1153\">\n<li data-start=\"373\" data-end=\"440\">\n<p data-start=\"375\" data-end=\"440\"><strong data-start=\"375\" data-end=\"397\">360\u00b0 p\u00f6\u00f6ratav alus<\/strong>\u00a0\u2013 kannu saab asetada mistahes asendisse.<\/p>\n<\/li>\n<li data-start=\"441\" data-end=\"538\">\n<p data-start=\"443\" data-end=\"538\"><strong data-start=\"443\" data-end=\"470\">\u0410\u0432\u0442\u043e\u043c\u0430\u0442\u0438\u0447\u0435\u0441\u043a\u043e\u0435 \u043e\u0442\u043a\u043b\u044e\u0447\u0435\u043d\u0438\u0435<\/strong>\u00a0\u2013 keedukann l\u00fclitub automaatselt v\u00e4lja, kui vesi saavutab 100\u202f\u00b0C.<\/p>\n<\/li>\n<li data-start=\"539\" data-end=\"630\">\n<p data-start=\"541\" data-end=\"630\"><strong data-start=\"541\" data-end=\"564\">Kompaktne mahutavus<\/strong>\u00a0\u2013 0,8\u202fl, ehk umbes 3 tassi, ideaalne ka v\u00e4ikestesse ruumidesse.<\/p>\n<\/li>\n<li data-start=\"631\" data-end=\"706\">\n<p data-start=\"633\" data-end=\"706\"><strong data-start=\"633\" data-end=\"670\">Topelt roostevabast terasest sein<\/strong>\u00a0\u2013 aitab vett kauem soojana hoida.<\/p>\n<\/li>\n<li data-start=\"707\" data-end=\"933\">\n<p data-start=\"709\" data-end=\"933\"><strong data-start=\"709\" data-end=\"732\">L\u00e4bim\u00f5eldud v\u00e4limus<\/strong>\u00a0\u2013 elegantne ja v\u00e4rvikas, saadaval pastelse toonides (kreem, roheline, roosa, sinine) v\u00f5i julgetes v\u00e4rvitoonides (punane, must, valge), mis r\u00f5hutavad kroomitud alust ja roostevabast terasest detaile.<\/p>\n<\/li>\n<li data-start=\"934\" data-end=\"1001\">\n<p data-start=\"936\" data-end=\"1001\"><strong data-start=\"936\" data-end=\"953\">Pehme avamine<\/strong>\u00a0\u2013 kaant saab lihtsalt avada keskse nupu abil.<\/p>\n<\/li>\n<li data-start=\"1002\" data-end=\"1084\">\n<p data-start=\"1004\" data-end=\"1084\"><strong data-start=\"1004\" data-end=\"1024\">Soolakivi filter<\/strong>\u00a0\u2013 eemaldab loomuliku soolakivi, eemaldatav ja puhastatav.<\/p>\n<\/li>\n<li data-start=\"1085\" data-end=\"1153\">\n<p data-start=\"1087\" data-end=\"1153\"><strong data-start=\"1087\" data-end=\"1105\">Kiire keetmine<\/strong>\u00a0\u2013 1400\u202fW v\u00f5imsus tagab vee kiire kuumenemise.<\/p>\n<\/li>\n<\/ul>\n<p data-start=\"1155\" data-end=\"1537\"><strong data-start=\"1155\" data-end=\"1180\">Stiilne ja kompaktne:<\/strong><br data-start=\"1180\" data-end=\"1183\" \/>Smeg KLF05 mini kannu disain kuulub 50 Style kollektsiooni ja on loodud Raffaella Mangiarotti ja Matteo Bazzicalupo (Deepdesign) poolt. T\u00e4nu kompaktsetele m\u00f5\u00f5tmetele sobib see igasse interj\u00f6\u00f6ri, ka v\u00e4ikestesse ruumidesse nagu kodukontor, elutuba v\u00f5i hotellitoad. Topeltsein hoiab vee kauem kuumana, samal ajal kui plastist v\u00e4limine kest j\u00e4\u00e4b k\u00e4es jahe.<\/p>\n<p data-start=\"1539\" data-end=\"1880\"><strong data-start=\"1539\" data-end=\"1570\">Lihtne ja ohutu kasutamine:<\/strong><br data-start=\"1570\" data-end=\"1573\" \/>Praktiline 360\u00b0 alus ja libisemiskindlad jalad tagavad stabiilse kasutuse. Kaant saab avada kuni 80\u00b0 nurga all, mis teeb kannu t\u00e4itmise mugavaks. Veekeedukann l\u00fclitub automaatselt v\u00e4lja keemise korral, aga ka juhul, kui veetase on liiga madal v\u00f5i korpus on alusest eemaldatud, tagades maksimaalse ohutuse.<\/p>\n<p><img loading=\"lazy\" decoding=\"async\" class=\"wp-image-4840\" src=\"http:\/\/tammetorubbq.ee\/wp-content\/uploads\/2026\/01\/Smeg_logo.svg-300x60.png\" alt=\"Smeg\" width=\"230\" height=\"46\" srcset=\"https:\/\/tammetorubbq.ee\/wp-content\/uploads\/2026\/01\/Smeg_logo.svg-300x60.png 300w, https:\/\/tammetorubbq.ee\/wp-content\/uploads\/2026\/01\/Smeg_logo.svg-1024x204.png 1024w, https:\/\/tammetorubbq.ee\/wp-content\/uploads\/2026\/01\/Smeg_logo.svg-768x153.png 768w, https:\/\/tammetorubbq.ee\/wp-content\/uploads\/2026\/01\/Smeg_logo.svg-1536x305.png 1536w, https:\/\/tammetorubbq.ee\/wp-content\/uploads\/2026\/01\/Smeg_logo.svg-2048x407.png 2048w, https:\/\/tammetorubbq.ee\/wp-content\/uploads\/2026\/01\/Smeg_logo.svg-18x4.png 18w, https:\/\/tammetorubbq.ee\/wp-content\/uploads\/2026\/01\/Smeg_logo.svg-600x119.png 600w, https:\/\/tammetorubbq.ee\/wp-content\/uploads\/2026\/01\/Smeg_logo.svg-64x13.png 64w\" sizes=\"auto, (max-width: 230px) 100vw, 230px\" \/><\/p>\n<p>&nbsp;<\/p>\n<p><a href=\"https:\/\/tammetorubbq.ee\/ru\/%d0%b7%d0%b0%d0%bf%d0%bb%d0%b0%d1%82%d0%b8%d1%82%d1%8c-%d0%bf%d0%be%d0%b7%d0%b6%d0%b5\/\"><strong>\u041a\u0423\u041f\u0418 \u0421\u0415\u0419\u0427\u0410\u0421, \u0417\u0410\u041f\u041b\u0410\u0422\u0418 \u041f\u041e\u0422\u041e\u041c<\/strong><\/a>\u00a0- \u0431\u0435\u0441\u043f\u0440\u043e\u0446\u0435\u043d\u0442\u043d\u043e!<\/p>\n<p><img loading=\"lazy\" decoding=\"async\" class=\"alignnone wp-image-2646\" src=\"http:\/\/tammetorubbq.ee\/wp-content\/uploads\/2023\/12\/inbank-wordmark.png\" alt=\"\" width=\"167\" height=\"75\" srcset=\"https:\/\/tammetorubbq.ee\/wp-content\/uploads\/2023\/12\/inbank-wordmark.png 300w, https:\/\/tammetorubbq.ee\/wp-content\/uploads\/2023\/12\/inbank-wordmark-18x8.png 18w, https:\/\/tammetorubbq.ee\/wp-content\/uploads\/2023\/12\/inbank-wordmark-64x29.png 64w\" sizes=\"auto, (max-width: 167px) 100vw, 167px\" \/><\/p>\n<p>\u041c\u044b \u0442\u0430\u043a\u0436\u0435 \u043f\u0440\u0435\u0434\u043b\u0430\u0433\u0430\u0435\u043c \u0432\u043e\u0437\u043c\u043e\u0436\u043d\u043e\u0441\u0442\u044c \u043e\u043f\u043b\u0430\u0442\u0438\u0442\u044c \u0442\u043e\u0432\u0430\u0440 \u043f\u043e\u0437\u0436\u0435 - \u043e\u0434\u043d\u0438\u043c, \u0434\u0432\u0443\u043c\u044f \u0438\u043b\u0438 \u0442\u0440\u0435\u043c\u044f \u0440\u0430\u0432\u043d\u044b\u043c\u0438 \u043f\u043b\u0430\u0442\u0435\u0436\u0430\u043c\u0438 \u0431\u0435\u0437 \u043a\u0430\u043a\u0438\u0445-\u043b\u0438\u0431\u043e \u043f\u0440\u043e\u0446\u0435\u043d\u0442\u043e\u0432 \u0438\u043b\u0438 \u043d\u0430\u0434\u0431\u0430\u0432\u043e\u043a.<\/p>\n<p>\u0412 \u043d\u0430\u0448\u0435\u0439 \u043a\u043e\u0440\u0437\u0438\u043d\u0435 \u0432\u044b \u043c\u043e\u0436\u0435\u0442\u0435 \u0432\u044b\u0431\u0440\u0430\u0442\u044c \u0440\u0430\u0437\u043b\u0438\u0447\u043d\u044b\u0435 \u0432\u0430\u0440\u0438\u0430\u043d\u0442\u044b \u043e\u043f\u043b\u0430\u0442\u044b.<\/p>","protected":false},"featured_media":5209,"comment_status":"closed","ping_status":"closed","template":"","meta":{"_uf_show_specific_survey":0,"_uf_disable_surveys":false},"pwb-brand":[275],"product_brand":[],"product_cat":[269],"product_tag":[297,276,309,286],"class_list":{"0":"post-5199","1":"product","2":"type-product","3":"status-publish","4":"has-post-thumbnail","6":"pwb-brand-smeg","7":"product_cat-veekeedukannud","8":"product_tag-kreem","9":"product_tag-smeg","10":"product_tag-smeg-klf05","11":"product_tag-veekeedukann","13":"first","14":"instock","15":"taxable","16":"shipping-taxable","17":"purchasable","18":"product-type-simple"},"brands":[{"id":275,"name":"Smeg","slug":"smeg"}],"_links":{"self":[{"href":"https:\/\/tammetorubbq.ee\/ru\/wp-json\/wp\/v2\/product\/5199","targetHints":{"allow":["GET"]}}],"collection":[{"href":"https:\/\/tammetorubbq.ee\/ru\/wp-json\/wp\/v2\/product"}],"about":[{"href":"https:\/\/tammetorubbq.ee\/ru\/wp-json\/wp\/v2\/types\/product"}],"replies":[{"embeddable":true,"href":"https:\/\/tammetorubbq.ee\/ru\/wp-json\/wp\/v2\/comments?post=5199"}],"wp:featuredmedia":[{"embeddable":true,"href":"https:\/\/tammetorubbq.ee\/ru\/wp-json\/wp\/v2\/media\/5209"}],"wp:attachment":[{"href":"https:\/\/tammetorubbq.ee\/ru\/wp-json\/wp\/v2\/media?parent=5199"}],"wp:term":[{"taxonomy":"pwb-brand","embeddable":true,"href":"https:\/\/tammetorubbq.ee\/ru\/wp-json\/wp\/v2\/pwb-brand?post=5199"},{"taxonomy":"product_brand","embeddable":true,"href":"https:\/\/tammetorubbq.ee\/ru\/wp-json\/wp\/v2\/product_brand?post=5199"},{"taxonomy":"product_cat","embeddable":true,"href":"https:\/\/tammetorubbq.ee\/ru\/wp-json\/wp\/v2\/product_cat?post=5199"},{"taxonomy":"product_tag","embeddable":true,"href":"https:\/\/tammetorubbq.ee\/ru\/wp-json\/wp\/v2\/product_tag?post=5199"}],"curies":[{"name":"wp","href":"https:\/\/api.w.org\/{rel}","templated":true}]}}