{"id":5697,"date":"2026-02-27T11:46:00","date_gmt":"2026-02-27T09:46:00","guid":{"rendered":"https:\/\/tammetorubbq.ee\/?post_type=product&#038;p=5697"},"modified":"2026-04-15T00:00:04","modified_gmt":"2026-04-14T21:00:04","slug":"kamado-joe-korvikomplekt-elektrilisele-poord-grillvardaga-kupsetussusteemile-joetisserie","status":"publish","type":"product","link":"https:\/\/tammetorubbq.ee\/ru\/product-2\/kamado-joe-korvikomplekt-elektrilisele-poord-grillvardaga-kupsetussusteemile-joetisserie\/","title":{"rendered":"Kamado Joe korvikomplekt elektrilisele p\u00f6\u00f6rd-grillvardaga k\u00fcpsetuss\u00fcsteemile JoeTisserie"},"content":{"rendered":"<p data-start=\"369\" data-end=\"395\"><strong>Mis seda iseloomustab?<\/strong><\/p>\n<p data-start=\"397\" data-end=\"449\"><strong data-start=\"397\" data-end=\"449\">Kahe korvi s\u00fcsteem \u2013 maksimaalne paindlikkus<\/strong><\/p>\n<ul data-start=\"450\" data-end=\"667\">\n<li data-start=\"450\" data-end=\"553\">\n<p data-start=\"452\" data-end=\"553\"><strong data-start=\"452\" data-end=\"465\">Lame korv<\/strong> \u2013 sobib terve kala, kana, pardi v\u00f5i t\u00e4idetud liha \u00fchtlaseks p\u00f6\u00f6rlevaks k\u00fcpsetamiseks.<\/p>\n<\/li>\n<li data-start=\"554\" data-end=\"667\">\n<p data-start=\"556\" data-end=\"667\"><strong data-start=\"556\" data-end=\"580\">Trumlikorv (Tumbler)<\/strong> \u2013 ideaalne kanatiibade, friikartulite, k\u00f6\u00f6giviljade ja muude v\u00e4iksemate t\u00fckkide jaoks.<\/p>\n<\/li>\n<\/ul>\n<p data-start=\"669\" data-end=\"756\"><strong data-start=\"669\" data-end=\"712\">\u00dchtlane k\u00fcpsemine t\u00e4nu p\u00f6\u00f6rlemisele<\/strong><br data-start=\"712\" data-end=\"715\" \/>Toit p\u00f6\u00f6rleb pidevalt kuumuse kohal, mis:<\/p>\n<ul data-start=\"757\" data-end=\"851\">\n<li data-start=\"757\" data-end=\"785\">\n<p data-start=\"759\" data-end=\"785\">jaotab kuumuse \u00fchtlaselt<\/p>\n<\/li>\n<li data-start=\"786\" data-end=\"824\">\n<p data-start=\"788\" data-end=\"824\">aitab saavutada kr\u00f5beda v\u00e4lispinna<\/p>\n<\/li>\n<li data-start=\"825\" data-end=\"851\">\n<p data-start=\"827\" data-end=\"851\">v\u00e4hendab k\u00f5rbemise riski<\/p>\n<\/li>\n<\/ul>\n<p data-start=\"853\" data-end=\"965\"><strong data-start=\"853\" data-end=\"883\">Nutikas konstruktsioon<\/strong><br data-start=\"883\" data-end=\"886\" \/>Erinevalt paljudest teistest korvidest ei l\u00e4bi varras korvi sisemust, mist\u00f5ttu:<\/p>\n<ul data-start=\"966\" data-end=\"1052\">\n<li data-start=\"966\" data-end=\"1001\">\n<p data-start=\"968\" data-end=\"1001\">toit ei j\u00e4\u00e4 varraste taha kinni<\/p>\n<\/li>\n<li data-start=\"1002\" data-end=\"1027\">\n<p data-start=\"1004\" data-end=\"1027\">k\u00fcpsemine on \u00fchtlasem<\/p>\n<\/li>\n<li data-start=\"1028\" data-end=\"1052\">\n<p data-start=\"1030\" data-end=\"1052\">puhastamine on lihtsam<\/p>\n<\/li>\n<\/ul>\n<p data-start=\"1054\" data-end=\"1086\"><strong data-start=\"1054\" data-end=\"1086\">Kiir\u00fchendus ja \u00fchilduvus<\/strong><\/p>\n<ul data-start=\"1087\" data-end=\"1220\">\n<li data-start=\"1087\" data-end=\"1122\">\n<p data-start=\"1089\" data-end=\"1122\">\u041f\u043e\u0434\u0445\u043e\u0434\u0438\u0442 \u0434\u043b\u044f <strong data-start=\"1095\" data-end=\"1122\">JoeTisserie\u00ae s\u00fcsteemiga<\/strong><\/p>\n<\/li>\n<li data-start=\"1123\" data-end=\"1162\">\n<p data-start=\"1125\" data-end=\"1162\">\u00dchilduv Classic ja Big Joe mudelitega<\/p>\n<\/li>\n<li data-start=\"1163\" data-end=\"1220\">\n<p data-start=\"1165\" data-end=\"1220\">Saab kasutada ka standardsuuruses rotisserie varrastega<\/p>\n<\/li>\n<\/ul>\n<p data-start=\"1222\" data-end=\"1244\"><strong data-start=\"1222\" data-end=\"1244\">Lihtne hooldus<\/strong><\/p>\n<ul data-start=\"1245\" data-end=\"1319\">\n<li data-start=\"1245\" data-end=\"1291\">\n<p data-start=\"1247\" data-end=\"1291\">K\u00f5rgekvaliteediline mittenakkuv viimistlus<\/p>\n<\/li>\n<li data-start=\"1292\" data-end=\"1319\">\n<p data-start=\"1294\" data-end=\"1319\">\u041c\u043e\u0436\u043d\u043e \u043c\u044b\u0442\u044c \u0432 \u043f\u043e\u0441\u0443\u0434\u043e\u043c\u043e\u0435\u0447\u043d\u043e\u0439 \u043c\u0430\u0448\u0438\u043d\u0435<\/p>\n<\/li>\n<\/ul>","protected":false},"excerpt":{"rendered":"<p>Kamado Joe korvikomplekt elektrilisele p\u00f6\u00f6rd-grillvardaga k\u00fcpsetuss\u00fcsteemile JoeTisserie\u00a0on mitmek\u00fclgne lisatarvik, mis laiendab rotisserie kasutusv\u00f5imalusi ja v\u00f5imaldab k\u00fcpsetada nii suuremaid tervikuid kui ka v\u00e4iksemaid, kergesti pudenevaid toite.<\/p>\n<p>&nbsp;<\/p>\n<p data-start=\"377\" data-end=\"399\"><strong>\u0412 \u043d\u0430\u0431\u043e\u0440 \u0432\u0445\u043e\u0434\u044f\u0442:<\/strong><\/p>\n<ul data-start=\"400\" data-end=\"688\">\n<li data-start=\"400\" data-end=\"496\">\n<p data-start=\"402\" data-end=\"496\"><strong data-start=\"402\" data-end=\"415\">Lame korv<\/strong> \u2013 ideaalne unikaalsete roogade valmistamiseks, nagu terve kala, kana, part jpm<\/p>\n<\/li>\n<li data-start=\"497\" data-end=\"603\">\n<p data-start=\"499\" data-end=\"603\"><strong data-start=\"499\" data-end=\"530\">Trumlikorv (Tumbler Basket)<\/strong> \u2013 suurep\u00e4rane kanatiibade, friikartulite ja k\u00f6\u00f6giviljade k\u00fcpsetamiseks<\/p>\n<\/li>\n<li data-start=\"604\" data-end=\"688\">\n<p data-start=\"606\" data-end=\"688\"><strong data-start=\"606\" data-end=\"627\">Kiir\u00fchendusvarras<\/strong> \u2013 sobib nii Classic kui ka Big Joe JoeTisserie\u00ae s\u00fcsteemile &#8211; ei sisalda mootorit<\/p>\n<\/li>\n<\/ul>\n<p data-start=\"690\" data-end=\"838\">Erinevalt paljudest teistest k\u00fcpsetuskorvidest ei l\u00e4bi varras korvi sisemust ega sega toitu, tagades \u00fchtlase ja t\u00e4iusliku k\u00fcpsetustulemuse iga kord.<\/p>\n<p data-start=\"840\" data-end=\"922\">K\u00f5rgekvaliteediline mittenakkuv viimistlus muudab puhastamise kiireks ja lihtsaks.<\/p>\n<p>Sobib Classic ja Big Joe mudelitele.<\/p>\n<p>&nbsp;<\/p>\n<p><strong>Oleme tootja Kamado Joe ametlik esindaja, edasim\u00fc\u00fcja Eestis!<\/strong><\/p>\n<p><img loading=\"lazy\" decoding=\"async\" class=\"alignnone wp-image-1531\" src=\"http:\/\/tammetorubbq.ee\/wp-content\/uploads\/2024\/03\/kamado-joe-logo-300x40.webp\" alt=\"\u041b\u043e\u0433\u043e\u0442\u0438\u043f Kamado Joe\" width=\"180\" height=\"24\" srcset=\"https:\/\/tammetorubbq.ee\/wp-content\/uploads\/2024\/03\/kamado-joe-logo-300x40.webp 300w, https:\/\/tammetorubbq.ee\/wp-content\/uploads\/2024\/03\/kamado-joe-logo-768x104.webp 768w, https:\/\/tammetorubbq.ee\/wp-content\/uploads\/2024\/03\/kamado-joe-logo-18x2.webp 18w, https:\/\/tammetorubbq.ee\/wp-content\/uploads\/2024\/03\/kamado-joe-logo-600x81.webp 600w, https:\/\/tammetorubbq.ee\/wp-content\/uploads\/2024\/03\/kamado-joe-logo-64x9.webp 64w, https:\/\/tammetorubbq.ee\/wp-content\/uploads\/2024\/03\/kamado-joe-logo.webp 1024w\" sizes=\"auto, (max-width: 180px) 100vw, 180px\" \/><\/p>\n<p>&nbsp;<\/p>\n<p><a href=\"https:\/\/tammetorubbq.ee\/ru\/%d0%b7%d0%b0%d0%bf%d0%bb%d0%b0%d1%82%d0%b8%d1%82%d1%8c-%d0%bf%d0%be%d0%b7%d0%b6%d0%b5\/\"><strong>\u041a\u0423\u041f\u0418 \u0421\u0415\u0419\u0427\u0410\u0421, \u0417\u0410\u041f\u041b\u0410\u0422\u0418 \u041f\u041e\u0422\u041e\u041c<\/strong><\/a>\u00a0- \u0431\u0435\u0441\u043f\u0440\u043e\u0446\u0435\u043d\u0442\u043d\u043e!<\/p>\n<p><img loading=\"lazy\" decoding=\"async\" class=\"alignnone wp-image-2646\" src=\"http:\/\/tammetorubbq.ee\/wp-content\/uploads\/2023\/12\/inbank-wordmark.png\" alt=\"\u0418\u043d\u0431\u0430\u043d\u043a\" width=\"169\" height=\"76\" srcset=\"https:\/\/tammetorubbq.ee\/wp-content\/uploads\/2023\/12\/inbank-wordmark.png 300w, https:\/\/tammetorubbq.ee\/wp-content\/uploads\/2023\/12\/inbank-wordmark-18x8.png 18w, https:\/\/tammetorubbq.ee\/wp-content\/uploads\/2023\/12\/inbank-wordmark-64x29.png 64w\" sizes=\"auto, (max-width: 169px) 100vw, 169px\" \/><\/p>\n<p>\u041c\u044b \u0442\u0430\u043a\u0436\u0435 \u043f\u0440\u0435\u0434\u043b\u0430\u0433\u0430\u0435\u043c \u0432\u043e\u0437\u043c\u043e\u0436\u043d\u043e\u0441\u0442\u044c \u043e\u043f\u043b\u0430\u0442\u0438\u0442\u044c \u0442\u043e\u0432\u0430\u0440 \u043f\u043e\u0437\u0436\u0435 - \u043e\u0434\u043d\u0438\u043c, \u0434\u0432\u0443\u043c\u044f \u0438\u043b\u0438 \u0442\u0440\u0435\u043c\u044f \u0440\u0430\u0432\u043d\u044b\u043c\u0438 \u043f\u043b\u0430\u0442\u0435\u0436\u0430\u043c\u0438 \u0431\u0435\u0437 \u043a\u0430\u043a\u0438\u0445-\u043b\u0438\u0431\u043e \u043f\u0440\u043e\u0446\u0435\u043d\u0442\u043e\u0432 \u0438\u043b\u0438 \u043d\u0430\u0434\u0431\u0430\u0432\u043e\u043a.<\/p>\n<p>\u0412 \u043d\u0430\u0448\u0435\u0439 \u043a\u043e\u0440\u0437\u0438\u043d\u0435 \u0432\u044b \u043c\u043e\u0436\u0435\u0442\u0435 \u0432\u044b\u0431\u0440\u0430\u0442\u044c \u0440\u0430\u0437\u043b\u0438\u0447\u043d\u044b\u0435 \u0432\u0430\u0440\u0438\u0430\u043d\u0442\u044b \u043e\u043f\u043b\u0430\u0442\u044b.<\/p>","protected":false},"featured_media":5703,"comment_status":"closed","ping_status":"closed","template":"","meta":{"_uf_show_specific_survey":0,"_uf_disable_surveys":false},"pwb-brand":[69],"product_brand":[],"product_cat":[88],"product_tag":[324,126,326,325,323],"class_list":{"0":"post-5697","1":"product","2":"type-product","3":"status-publish","4":"has-post-thumbnail","6":"pwb-brand-kamado-joe","7":"product_cat-grillide-lisatarvikud","8":"product_tag-joetisserie","9":"product_tag-kamado-joe","10":"product_tag-kamado-joe-big-joe","11":"product_tag-kamado-joe-classic","12":"product_tag-kamado-joe-lisatarvikud","14":"first","15":"instock","16":"taxable","17":"shipping-taxable","18":"purchasable","19":"product-type-simple"},"brands":[{"id":69,"name":"\u041a\u0430\u043c\u0430\u0434\u043e \u0414\u0436\u043e","slug":"%d0%ba%d0%b0%d0%bc%d0%b0%d0%b4%d0%be-%d0%b4%d0%b6%d0%be"}],"_links":{"self":[{"href":"https:\/\/tammetorubbq.ee\/ru\/wp-json\/wp\/v2\/product\/5697","targetHints":{"allow":["GET"]}}],"collection":[{"href":"https:\/\/tammetorubbq.ee\/ru\/wp-json\/wp\/v2\/product"}],"about":[{"href":"https:\/\/tammetorubbq.ee\/ru\/wp-json\/wp\/v2\/types\/product"}],"replies":[{"embeddable":true,"href":"https:\/\/tammetorubbq.ee\/ru\/wp-json\/wp\/v2\/comments?post=5697"}],"wp:featuredmedia":[{"embeddable":true,"href":"https:\/\/tammetorubbq.ee\/ru\/wp-json\/wp\/v2\/media\/5703"}],"wp:attachment":[{"href":"https:\/\/tammetorubbq.ee\/ru\/wp-json\/wp\/v2\/media?parent=5697"}],"wp:term":[{"taxonomy":"pwb-brand","embeddable":true,"href":"https:\/\/tammetorubbq.ee\/ru\/wp-json\/wp\/v2\/pwb-brand?post=5697"},{"taxonomy":"product_brand","embeddable":true,"href":"https:\/\/tammetorubbq.ee\/ru\/wp-json\/wp\/v2\/product_brand?post=5697"},{"taxonomy":"product_cat","embeddable":true,"href":"https:\/\/tammetorubbq.ee\/ru\/wp-json\/wp\/v2\/product_cat?post=5697"},{"taxonomy":"product_tag","embeddable":true,"href":"https:\/\/tammetorubbq.ee\/ru\/wp-json\/wp\/v2\/product_tag?post=5697"}],"curies":[{"name":"wp","href":"https:\/\/api.w.org\/{rel}","templated":true}]}}