{"id":582,"date":"2023-12-04T10:12:25","date_gmt":"2023-12-04T08:12:25","guid":{"rendered":"https:\/\/tammetorubbq.ee\/?post_type=product&#038;p=582"},"modified":"2026-04-14T22:00:57","modified_gmt":"2026-04-14T19:00:57","slug":"bad-byrons-butt-rub-128g","status":"publish","type":"product","link":"https:\/\/tammetorubbq.ee\/ru\/product-2\/bad-byrons-butt-rub-128g\/","title":{"rendered":"Bad Byron's BUTT Rub 128 \u0433"},"content":{"rendered":"<p class=\"p1\"><strong>\u0418\u043d\u0433\u0440\u0435\u0434\u0438\u0435\u043d\u0442\u044b<\/strong>: \u0421\u043e\u043b\u044c, \u043f\u0435\u0440\u0435\u0446, \u0447\u0435\u0441\u043d\u043e\u043a, \u043b\u0443\u043a, \u043a\u043e\u043f\u0447\u0435\u043d\u044b\u0439 \u0445\u0430\u043b\u0430\u043f\u0435\u043d\u044c\u043e, \u043d\u0430\u0442\u0443\u0440\u0430\u043b\u044c\u043d\u044b\u0439 \u0430\u043d\u0442\u0438\u0441\u043b\u0435\u0436\u0438\u0432\u0430\u044e\u0449\u0438\u0439 \u0430\u0433\u0435\u043d\u0442.<\/p>\n<p class=\"p1\">Butt Rub \u043d\u0435 \u0441\u043e\u0434\u0435\u0440\u0436\u0438\u0442 \u0433\u043b\u044e\u0442\u0435\u043d\u0430.<\/p>\n<p>Bad Byron's Butt Rub \u043f\u0440\u0438\u043d\u0430\u0434\u043b\u0435\u0436\u0438\u0442 \u0438 \u0441\u043e\u0437\u0434\u0430\u0435\u0442\u0441\u044f \u0432\u0441\u0435\u043c\u0438\u0440\u043d\u043e \u0438\u0437\u0432\u0435\u0441\u0442\u043d\u044b\u043c \u043c\u0430\u0441\u0442\u0435\u0440\u043e\u043c \u0431\u0430\u0440\u0431\u0435\u043a\u044e \u0411\u0430\u0439\u0440\u043e\u043d\u043e\u043c \u0415 \u0427\u0438\u0437\u043c\u043e\u043c, \u043a\u043e\u0442\u043e\u0440\u044b\u0439 \u0432\u044b\u0438\u0433\u0440\u0430\u043b \u043e\u043a\u043e\u043b\u043e 100 \u0441\u043e\u0440\u0435\u0432\u043d\u043e\u0432\u0430\u043d\u0438\u0439 \u043f\u043e \u0431\u0430\u0440\u0431\u0435\u043a\u044e \u043f\u043e \u0432\u0441\u0435\u043c\u0443 \u043c\u0438\u0440\u0443 \u0438 \u044f\u0432\u043b\u044f\u0435\u0442\u0441\u044f \u0430\u0431\u0441\u043e\u043b\u044e\u0442\u043d\u044b\u043c \u043b\u0438\u0434\u0435\u0440\u043e\u043c \u0432 \u0441\u0432\u043e\u0435\u0439 \u043e\u0431\u043b\u0430\u0441\u0442\u0438.<\/p>\n<p><iframe loading=\"lazy\" title=\"Cooking With Butt Rub 04 - Butt Rub\/Apple Glazed Pork Ribs\" width=\"500\" height=\"281\" src=\"https:\/\/www.youtube.com\/embed\/8hIpbsN6m6U?feature=oembed&#038;enablejsapi=1&#038;origin=https:\/\/tammetorubbq.ee\" frameborder=\"0\" allow=\"accelerometer; autoplay; clipboard-write; encrypted-media; gyroscope; picture-in-picture; web-share\" referrerpolicy=\"strict-origin-when-cross-origin\" allowfullscreen><\/iframe><\/p>","protected":false},"excerpt":{"rendered":"<p><span style=\"color: #0000ff;\"><strong>\"\u041d\u0435\u043c\u043d\u043e\u0433\u043e \u043f\u043e\u043c\u0430\u0441\u0441\u0438\u0440\u043e\u0432\u0430\u0442\u044c \u043f\u043e\u043f\u043a\u0443 - \u0438 \u0432\u0441\u0435 \u0441\u0442\u0430\u043d\u0435\u0442 \u043b\u0443\u0447\u0448\u0435\"<\/strong><\/span><\/p>\n<p class=\"p1\">\u0411\u043e\u043b\u0435\u0435 25 \u043b\u0435\u0442 \u0438\u0441\u0442\u043e\u0440\u0438\u0438.<\/p>\n<p data-start=\"40\" data-end=\"358\">Bad Byron\u2019s Butt Rub on legendaarne Ameerika BBQ-maitseainesegu, mis on loodud t\u00f5elistele grillihuvilistele, kes hindavad rikkalikku, tasakaalustatud ja suitsust BBQ-maitset. Tegemist on universaalse dry rub\u2019iga, mis annab lihale s\u00fcgava maitses\u00fcgavuse, kerge suitsuse noodi ning isu\u00e4ratava kr\u00f5beda kooriku grillimisel.<\/p>\n<p data-start=\"360\" data-end=\"538\">Segu on tuntud oma lihtsa, kuid efektiivse koostise poolest \u2013 see ei vaja lisaks midagi keerulist, vaid t\u00f6\u00f6tab suurep\u00e4raselt nii aeglasel suitsutamisel kui ka kiirel grillimisel.<\/p>\n<p class=\"p1\">Unikaalne maitsekooslus sibulast, k\u00fc\u00fcslaugust, paprikast ja suitsutatud pipardest mis teeb selle kergelt v\u00fcrtsikaks &#8211; <strong>\u043f\u043e\u0434\u0445\u043e\u0434\u0438\u0442 10\/10 \u0434\u043b\u044f \u043a\u0440\u0430\u0441\u043d\u043e\u0439 \u0440\u044b\u0431\u044b<\/strong>\u0410 \u0442\u0430\u043a\u0436\u0435 \u0438\u0434\u0435\u0430\u043b\u044c\u043d\u043e \u0441\u043e\u0447\u0435\u0442\u0430\u0435\u0442\u0441\u044f \u0441 \u043c\u043e\u0440\u0435\u043f\u0440\u043e\u0434\u0443\u043a\u0442\u0430\u043c\u0438, \u0441\u0432\u0438\u043d\u0438\u043d\u043e\u0439, \u0433\u043e\u0432\u044f\u0434\u0438\u043d\u043e\u0439 \u0438 \u043a\u0443\u0440\u0438\u0446\u0435\u0439.<\/p>\n<p>&nbsp;<\/p>\n<p><img loading=\"lazy\" decoding=\"async\" class=\"wp-image-6544\" src=\"https:\/\/tammetorubbq.ee\/wp-content\/uploads\/2023\/12\/Butt-rub-logo-lg-300x234.jpg\" alt=\"Bad Byron\u2019s\" width=\"235\" height=\"183\" srcset=\"https:\/\/tammetorubbq.ee\/wp-content\/uploads\/2023\/12\/Butt-rub-logo-lg-300x234.jpg 300w, https:\/\/tammetorubbq.ee\/wp-content\/uploads\/2023\/12\/Butt-rub-logo-lg-1024x800.jpg 1024w, https:\/\/tammetorubbq.ee\/wp-content\/uploads\/2023\/12\/Butt-rub-logo-lg-768x600.jpg 768w, https:\/\/tammetorubbq.ee\/wp-content\/uploads\/2023\/12\/Butt-rub-logo-lg-1536x1201.jpg 1536w, https:\/\/tammetorubbq.ee\/wp-content\/uploads\/2023\/12\/Butt-rub-logo-lg-15x12.jpg 15w, https:\/\/tammetorubbq.ee\/wp-content\/uploads\/2023\/12\/Butt-rub-logo-lg-600x469.jpg 600w, https:\/\/tammetorubbq.ee\/wp-content\/uploads\/2023\/12\/Butt-rub-logo-lg-64x50.jpg 64w, https:\/\/tammetorubbq.ee\/wp-content\/uploads\/2023\/12\/Butt-rub-logo-lg.jpg 1832w\" sizes=\"auto, (max-width: 235px) 100vw, 235px\" \/><\/p>\n<p>&nbsp;<\/p>","protected":false},"featured_media":583,"comment_status":"open","ping_status":"closed","template":"","meta":{"_uf_show_specific_survey":0,"_uf_disable_surveys":false},"pwb-brand":[61],"product_brand":[381],"product_cat":[21],"product_tag":[176,138,163,118,159,121,259,120,166,114,122,123],"class_list":{"0":"post-582","1":"product","2":"type-product","3":"status-publish","4":"has-post-thumbnail","6":"pwb-brand-buttrub","7":"product_brand-bad-byrons","8":"product_cat-maitseainesegud","9":"product_tag-brisket","10":"product_tag-burger","11":"product_tag-kala","12":"product_tag-kanaliha","13":"product_tag-kanatiivad","14":"product_tag-koogiviljad","15":"product_tag-lohe","16":"product_tag-mereannid","17":"product_tag-rebitudliha","18":"product_tag-sealiha","19":"product_tag-searibi","20":"product_tag-steik","22":"first","23":"instock","24":"taxable","25":"shipping-taxable","26":"purchasable","27":"product-type-simple"},"brands":[{"id":61,"name":"\u0411\u0430\u0442\u0442\u0440\u0430\u0431","slug":"%d0%b1%d0%b0%d1%82%d1%82%d1%80%d0%b0%d0%b1"}],"_links":{"self":[{"href":"https:\/\/tammetorubbq.ee\/ru\/wp-json\/wp\/v2\/product\/582","targetHints":{"allow":["GET"]}}],"collection":[{"href":"https:\/\/tammetorubbq.ee\/ru\/wp-json\/wp\/v2\/product"}],"about":[{"href":"https:\/\/tammetorubbq.ee\/ru\/wp-json\/wp\/v2\/types\/product"}],"replies":[{"embeddable":true,"href":"https:\/\/tammetorubbq.ee\/ru\/wp-json\/wp\/v2\/comments?post=582"}],"wp:featuredmedia":[{"embeddable":true,"href":"https:\/\/tammetorubbq.ee\/ru\/wp-json\/wp\/v2\/media\/583"}],"wp:attachment":[{"href":"https:\/\/tammetorubbq.ee\/ru\/wp-json\/wp\/v2\/media?parent=582"}],"wp:term":[{"taxonomy":"pwb-brand","embeddable":true,"href":"https:\/\/tammetorubbq.ee\/ru\/wp-json\/wp\/v2\/pwb-brand?post=582"},{"taxonomy":"product_brand","embeddable":true,"href":"https:\/\/tammetorubbq.ee\/ru\/wp-json\/wp\/v2\/product_brand?post=582"},{"taxonomy":"product_cat","embeddable":true,"href":"https:\/\/tammetorubbq.ee\/ru\/wp-json\/wp\/v2\/product_cat?post=582"},{"taxonomy":"product_tag","embeddable":true,"href":"https:\/\/tammetorubbq.ee\/ru\/wp-json\/wp\/v2\/product_tag?post=582"}],"curies":[{"name":"wp","href":"https:\/\/api.w.org\/{rel}","templated":true}]}}