{"id":5861,"date":"2026-03-09T10:45:32","date_gmt":"2026-03-09T08:45:32","guid":{"rendered":"https:\/\/tammetorubbq.ee\/?post_type=product&#038;p=5861"},"modified":"2026-04-28T19:00:08","modified_gmt":"2026-04-28T16:00:08","slug":"inkbird-isc-028bw-ahju-temperatuuri-kontroller","status":"publish","type":"product","link":"https:\/\/tammetorubbq.ee\/ru\/toode\/inkbird-isc-028bw-ahju-temperatuuri-kontroller\/","title":{"rendered":"Inkbird ISC-028BW ahju temperatuuri kontroller"},"content":{"rendered":"<p><strong>\u0422\u0435\u0445\u043d\u0438\u0447\u0435\u0441\u043a\u0438\u0435 \u0445\u0430\u0440\u0430\u043a\u0442\u0435\u0440\u0438\u0441\u0442\u0438\u043a\u0438<\/strong><\/p>\n<p>Mudelinumber: ISC-028-BW<br \/>\nEkraan: LCD<br \/>\nAndme materjal: toidukvaliteediga roostevaba teras<br \/>\nSisendpinge: USB Type-C, DC 5V, 1A<br \/>\nL\u00fchiajaline m\u00f5\u00f5tmisvahemik: alates 0\u2103 kuni 300 \u2103 (32 \u2109 ~ 572 \u2109)<br \/>\nPidev j\u00e4lgimisvahemik: 0 \u2103 kuni 250 \u2103 (32 \u2109 ~ 482 \u2109)<br \/>\nSondi temperatuuri t\u00e4psus: MAX \u00b10,5 \u2103 \/ \u00b10,9 \u2109<br \/>\nWiFi-\u00fchendus: WiFi 5G ja 2,4G<br \/>\nBluetooth: Bluetooth 5.0, 50 m \/ 164 jalga takistusteta \u00fchenduse kaugus<br \/>\nKalibreerimine: \u00b112 \u2109 \/ \u00b112 \u2103<br \/>\nTaimeri seadistusvahemik: 0\u201399 tundi ja 59 minutit<\/p>\n<p><strong>Paki sisu<\/strong><\/p>\n<p>1x BBQ ahju kontroller ISC-028BW<br \/>\n4x lihasondi<br \/>\n1x ahjusond<br \/>\n1x USB-toiteadapter<br \/>\n1x USB-laadimiskaabel<br \/>\n2x grilliadapterit<br \/>\n1x \u0440\u0443\u043a\u043e\u0432\u043e\u0434\u0441\u0442\u0432\u043e \u043f\u043e\u043b\u044c\u0437\u043e\u0432\u0430\u0442\u0435\u043b\u044f<\/p>\n<div style=\"width: 1920px;\" class=\"wp-video\"><video class=\"wp-video-shortcode\" id=\"video-5861-1\" width=\"1920\" height=\"1080\" preload=\"metadata\" controls=\"controls\"><source type=\"video\/mp4\" src=\"https:\/\/tammetorubbq.ee\/wp-content\/uploads\/2026\/03\/7d614abb70c34adca31786dbb1b52d36.HD-1080p-7.2Mbps-66941669.mp4?_=1\" \/><a href=\"https:\/\/tammetorubbq.ee\/wp-content\/uploads\/2026\/03\/7d614abb70c34adca31786dbb1b52d36.HD-1080p-7.2Mbps-66941669.mp4\">https:\/\/tammetorubbq.ee\/wp-content\/uploads\/2026\/03\/7d614abb70c34adca31786dbb1b52d36.HD-1080p-7.2Mbps-66941669.mp4<\/a><\/video><\/div>","protected":false},"excerpt":{"rendered":"<p data-start=\"185\" data-end=\"610\"><strong data-start=\"185\" data-end=\"207\">INKBIRD ISC-028-BW<\/strong> on intelligentne ahju temperatuuri regulaator, mis \u00fchendab toidutemperatuuri j\u00e4lgimise ja ahju temperatuuri t\u00e4pse reguleerimise. Seade on loodud kasutamiseks nii kodustes kui ka professionaalsetes k\u00f6\u00f6kides, tagades optimaalsed k\u00fcpsetustulemused. ISC-028-BW j\u00e4lgib ahju sisetemperatuuri reaalajas ja reguleerib automaatselt ventilaatori kiirust, et hoida temperatuuri t\u00e4pselt eelseadistatud vahemikus.<\/p>\n<p data-start=\"612\" data-end=\"743\">See temperatuuri kontroller pakub t\u00e4pset juhtimist ja mugavat kasutuskogemust k\u00f5igile, kes hindavad kvaliteetset toiduvalmistamist.<\/p>\n<h4 data-section-id=\"134r8v8\" data-start=\"750\" data-end=\"771\">\u041e\u0441\u043d\u043e\u0432\u043d\u044b\u0435 \u0445\u0430\u0440\u0430\u043a\u0442\u0435\u0440\u0438\u0441\u0442\u0438\u043a\u0438<\/h4>\n<ul data-start=\"773\" data-end=\"1894\">\n<li data-section-id=\"h50gpt\" data-start=\"773\" data-end=\"845\">\n<p data-start=\"775\" data-end=\"845\"><strong data-start=\"775\" data-end=\"793\">Topelt\u00fchendus:<\/strong> WiFi 5G ja Bluetooth automaatse re\u017eiimivahetusega<\/p>\n<\/li>\n<li data-section-id=\"re9sro\" data-start=\"846\" data-end=\"925\">\n<p data-start=\"848\" data-end=\"925\"><strong data-start=\"848\" data-end=\"869\">Visuaalne liides:<\/strong> lokaalne juhtimine ja reaalajas k\u00fcpsetamise j\u00e4lgimine<\/p>\n<\/li>\n<li data-section-id=\"1t9qo8z\" data-start=\"926\" data-end=\"1023\">\n<p data-start=\"928\" data-end=\"1023\"><strong data-start=\"928\" data-end=\"965\">T\u00e4pne temperatuuri reguleerimine:<\/strong> \u00fclit\u00e4psed andurid ahju ja toidu temperatuuri m\u00f5\u00f5tmiseks<\/p>\n<\/li>\n<li data-section-id=\"11fjb1x\" data-start=\"1024\" data-end=\"1098\">\n<p data-start=\"1026\" data-end=\"1098\"><strong data-start=\"1026\" data-end=\"1040\">USB-toide:<\/strong> toetab 5V USB-toiteallikat, saab kasutada ka akupangaga<\/p>\n<\/li>\n<li data-section-id=\"1q7tohv\" data-start=\"1099\" data-end=\"1210\">\n<p data-start=\"1101\" data-end=\"1210\"><strong data-start=\"1101\" data-end=\"1124\">Nutikas funktsioon:<\/strong> grillikaane avamise tuvastamine ventilaatori automaatseks k\u00e4ivitamiseks\/peatamiseks<\/p>\n<\/li>\n<li data-section-id=\"11ibou9\" data-start=\"1211\" data-end=\"1294\">\n<p data-start=\"1213\" data-end=\"1294\"><strong data-start=\"1213\" data-end=\"1251\">Ventilaatori automaatne juhtimine:<\/strong> kohandub vastavalt grilli temperatuurile<\/p>\n<\/li>\n<li data-section-id=\"kw4enw\" data-start=\"1295\" data-end=\"1391\">\n<p data-start=\"1297\" data-end=\"1391\"><strong data-start=\"1297\" data-end=\"1321\">Alarmid ja taimerid:<\/strong> k\u00f5rge ja madala temperatuuri alarmid, sihtalarmid ja k\u00fcpsetustaimer<\/p>\n<\/li>\n<li data-section-id=\"17wah47\" data-start=\"1392\" data-end=\"1474\">\n<p data-start=\"1394\" data-end=\"1474\"><strong data-start=\"1394\" data-end=\"1415\">Nutikas rakendus:<\/strong> USDA soovitatud lihamen\u00fc\u00fcd h\u00f5lbustavad toiduvalmistamist<\/p>\n<\/li>\n<li data-section-id=\"1s9palf\" data-start=\"1475\" data-end=\"1570\">\n<p data-start=\"1477\" data-end=\"1570\"><strong data-start=\"1477\" data-end=\"1496\">Mitme anduriga:<\/strong> 4 lihaandurit ja 1 ahjuandur igap\u00e4evaseks toiduvalmistamiseks BBQ ahjus<\/p>\n<\/li>\n<li data-section-id=\"fa12y1\" data-start=\"1571\" data-end=\"1687\">\n<p data-start=\"1573\" data-end=\"1687\"><strong data-start=\"1573\" data-end=\"1603\">V\u00f5rgu\u00fchenduseta salvestus:<\/strong> 3-p\u00e4evane andmesalvestus ja automaatne s\u00fcnkroonimine rakendusega Bluetoothi kaudu<\/p>\n<\/li>\n<li data-section-id=\"tb0xqt\" data-start=\"1688\" data-end=\"1816\">\n<p data-start=\"1690\" data-end=\"1816\"><strong data-start=\"1690\" data-end=\"1704\">\u00dchilduvus:<\/strong> sobib grillidele nagu Dreamfire, Big Green Egg, <strong><a href=\"https:\/\/tammetorubbq.ee\/ru\/%d0%b1%d0%b8%d1%80%d0%ba%d0%b0-%d1%82%d0%be%d0%b2%d0%b0%d1%80%d0%b0\/kamado-joe-keraamiline-grill\/\">\u041a\u0430\u043c\u0430\u0434\u043e \u0414\u0436\u043e<\/a><\/strong>, Primo, Vision Grill, Akorn Kamado, Kamado Bono jt<\/p>\n<\/li>\n<li data-section-id=\"12uycd8\" data-start=\"1817\" data-end=\"1894\">\n<p data-start=\"1819\" data-end=\"1894\"><strong data-start=\"1819\" data-end=\"1841\">Mitmek\u00fclgne toide:<\/strong> USB-toide ja akupank kui alternatiivne toitallikas<\/p>\n<\/li>\n<\/ul>\n<p>&nbsp;<\/p>\n<p><img loading=\"lazy\" decoding=\"async\" class=\"alignnone wp-image-3250\" src=\"http:\/\/tammetorubbq.ee\/wp-content\/uploads\/2025\/05\/Inkbird-logo-PNG-300x85.png\" alt=\"\" width=\"173\" height=\"49\" srcset=\"https:\/\/tammetorubbq.ee\/wp-content\/uploads\/2025\/05\/Inkbird-logo-PNG-300x85.png 300w, https:\/\/tammetorubbq.ee\/wp-content\/uploads\/2025\/05\/Inkbird-logo-PNG-1024x290.png 1024w, https:\/\/tammetorubbq.ee\/wp-content\/uploads\/2025\/05\/Inkbird-logo-PNG-768x218.png 768w, https:\/\/tammetorubbq.ee\/wp-content\/uploads\/2025\/05\/Inkbird-logo-PNG-18x5.png 18w, https:\/\/tammetorubbq.ee\/wp-content\/uploads\/2025\/05\/Inkbird-logo-PNG-600x170.png 600w, https:\/\/tammetorubbq.ee\/wp-content\/uploads\/2025\/05\/Inkbird-logo-PNG-64x18.png 64w, https:\/\/tammetorubbq.ee\/wp-content\/uploads\/2025\/05\/Inkbird-logo-PNG.png 1192w\" sizes=\"auto, (max-width: 173px) 100vw, 173px\" \/><\/p>\n<p><a href=\"https:\/\/tammetorubbq.ee\/ru\/%d0%b7%d0%b0%d0%bf%d0%bb%d0%b0%d1%82%d0%b8%d1%82%d1%8c-%d0%bf%d0%be%d0%b7%d0%b6%d0%b5\/\"><strong>\u041a\u0423\u041f\u0418 \u0421\u0415\u0419\u0427\u0410\u0421, \u0417\u0410\u041f\u041b\u0410\u0422\u0418 \u041f\u041e\u0422\u041e\u041c<\/strong><\/a>\u00a0- \u0431\u0435\u0441\u043f\u0440\u043e\u0446\u0435\u043d\u0442\u043d\u043e!<\/p>\n<p><img loading=\"lazy\" decoding=\"async\" class=\"alignnone wp-image-2646\" src=\"http:\/\/tammetorubbq.ee\/wp-content\/uploads\/2023\/12\/inbank-wordmark.png\" alt=\"\" width=\"167\" height=\"75\" srcset=\"https:\/\/tammetorubbq.ee\/wp-content\/uploads\/2023\/12\/inbank-wordmark.png 300w, https:\/\/tammetorubbq.ee\/wp-content\/uploads\/2023\/12\/inbank-wordmark-18x8.png 18w, https:\/\/tammetorubbq.ee\/wp-content\/uploads\/2023\/12\/inbank-wordmark-64x29.png 64w\" sizes=\"auto, (max-width: 167px) 100vw, 167px\" \/><\/p>\n<p>\u041c\u044b \u0442\u0430\u043a\u0436\u0435 \u043f\u0440\u0435\u0434\u043b\u0430\u0433\u0430\u0435\u043c \u0432\u043e\u0437\u043c\u043e\u0436\u043d\u043e\u0441\u0442\u044c \u043e\u043f\u043b\u0430\u0442\u0438\u0442\u044c \u0442\u043e\u0432\u0430\u0440 \u043f\u043e\u0437\u0436\u0435 - \u043e\u0434\u043d\u0438\u043c, \u0434\u0432\u0443\u043c\u044f \u0438\u043b\u0438 \u0442\u0440\u0435\u043c\u044f \u0440\u0430\u0432\u043d\u044b\u043c\u0438 \u043f\u043b\u0430\u0442\u0435\u0436\u0430\u043c\u0438 \u0431\u0435\u0437 \u043a\u0430\u043a\u0438\u0445-\u043b\u0438\u0431\u043e \u043f\u0440\u043e\u0446\u0435\u043d\u0442\u043e\u0432 \u0438\u043b\u0438 \u043d\u0430\u0434\u0431\u0430\u0432\u043e\u043a.<\/p>\n<p>\u0412 \u043d\u0430\u0448\u0435\u0439 \u043a\u043e\u0440\u0437\u0438\u043d\u0435 \u0432\u044b \u043c\u043e\u0436\u0435\u0442\u0435 \u0432\u044b\u0431\u0440\u0430\u0442\u044c \u0440\u0430\u0437\u043b\u0438\u0447\u043d\u044b\u0435 \u0432\u0430\u0440\u0438\u0430\u043d\u0442\u044b \u043e\u043f\u043b\u0430\u0442\u044b.<\/p>","protected":false},"featured_media":5862,"comment_status":"closed","ping_status":"closed","template":"","meta":{"_uf_show_specific_survey":0,"_uf_disable_surveys":false},"pwb-brand":[67],"product_brand":[],"product_cat":[66,88],"product_tag":[134,116,323,332,115],"class_list":{"0":"post-5861","1":"product","2":"type-product","3":"status-publish","4":"has-post-thumbnail","6":"pwb-brand-inkbird","7":"product_cat-termomeetrid","8":"product_cat-grillide-lisatarvikud","9":"product_tag-grillimise-tarvikud","10":"product_tag-inkbird","11":"product_tag-kamado-joe-lisatarvikud","12":"product_tag-temperatuuri-kontroller","13":"product_tag-termomeeter","15":"first","16":"instock","17":"taxable","18":"shipping-taxable","19":"purchasable","20":"product-type-simple"},"brands":[{"id":67,"name":"Inkbird","slug":"%d1%87%d0%b5%d1%80%d0%bd%d0%b8%d0%bb%d1%8c%d0%bd%d0%b0%d1%8f-%d0%bf%d1%82%d0%b8%d1%86%d0%b0"}],"_links":{"self":[{"href":"https:\/\/tammetorubbq.ee\/ru\/wp-json\/wp\/v2\/product\/5861","targetHints":{"allow":["GET"]}}],"collection":[{"href":"https:\/\/tammetorubbq.ee\/ru\/wp-json\/wp\/v2\/product"}],"about":[{"href":"https:\/\/tammetorubbq.ee\/ru\/wp-json\/wp\/v2\/types\/product"}],"replies":[{"embeddable":true,"href":"https:\/\/tammetorubbq.ee\/ru\/wp-json\/wp\/v2\/comments?post=5861"}],"wp:featuredmedia":[{"embeddable":true,"href":"https:\/\/tammetorubbq.ee\/ru\/wp-json\/wp\/v2\/media\/5862"}],"wp:attachment":[{"href":"https:\/\/tammetorubbq.ee\/ru\/wp-json\/wp\/v2\/media?parent=5861"}],"wp:term":[{"taxonomy":"pwb-brand","embeddable":true,"href":"https:\/\/tammetorubbq.ee\/ru\/wp-json\/wp\/v2\/pwb-brand?post=5861"},{"taxonomy":"product_brand","embeddable":true,"href":"https:\/\/tammetorubbq.ee\/ru\/wp-json\/wp\/v2\/product_brand?post=5861"},{"taxonomy":"product_cat","embeddable":true,"href":"https:\/\/tammetorubbq.ee\/ru\/wp-json\/wp\/v2\/product_cat?post=5861"},{"taxonomy":"product_tag","embeddable":true,"href":"https:\/\/tammetorubbq.ee\/ru\/wp-json\/wp\/v2\/product_tag?post=5861"}],"curies":[{"name":"wp","href":"https:\/\/api.w.org\/{rel}","templated":true}]}}