{"id":5888,"date":"2026-03-11T10:21:28","date_gmt":"2026-03-11T08:21:28","guid":{"rendered":"https:\/\/tammetorubbq.ee\/?post_type=product&#038;p=5888"},"modified":"2026-04-28T06:00:03","modified_gmt":"2026-04-28T03:00:03","slug":"maldon-helvessoola-kinkekomplekt-plekk-karbis-250g","status":"publish","type":"product","link":"https:\/\/tammetorubbq.ee\/ru\/toode\/maldon-helvessoola-kinkekomplekt-plekk-karbis-250g\/","title":{"rendered":"Maldon helvessoola kinkekomplekt plekk-karbis 250g"},"content":{"rendered":"<p><strong data-start=\"556\" data-end=\"572\">S\u00e4ilitamine: <\/strong>Hoida jahedas ja kuivas kohas.<\/p>\n<p>\u0421 1882 \u0433\u043e\u0434\u0430 \u043f\u0440\u0438\u043d\u0430\u0434\u043b\u0435\u0436\u0430\u0449\u0430\u044f \u0441\u0435\u043c\u044c\u0435 \u041e\u0441\u0431\u043e\u0440\u043d\u043e\u0432 \u043a\u043e\u043c\u043f\u0430\u043d\u0438\u044f Maldon Salt Company Limited \u043f\u0440\u043e\u0438\u0437\u0432\u043e\u0434\u0438\u0442 \u0441\u0430\u043c\u044b\u0435 \u0432\u044b\u0441\u043e\u043a\u043e \u0446\u0435\u043d\u0438\u043c\u044b\u0435 \u0432 \u043c\u0438\u0440\u0435 \u043d\u0430\u0442\u0443\u0440\u0430\u043b\u044c\u043d\u044b\u0435 \u043c\u043e\u0440\u0441\u043a\u0438\u0435 \u0441\u043e\u043b\u0435\u0432\u044b\u0435 \u043a\u043e\u043a\u0442\u0435\u0439\u043b\u0438. \u0425\u043b\u043e\u043f\u044c\u0435\u0432\u0438\u0434\u043d\u0430\u044f \u0441\u043e\u043b\u044c Maldon \u043e\u0434\u043e\u0431\u0440\u0435\u043d\u0430 \u0424\u0435\u0434\u0435\u0440\u0430\u0446\u0438\u0435\u0439 \u043e\u0440\u0433\u0430\u043d\u0438\u0447\u0435\u0441\u043a\u043e\u0433\u043e \u043f\u0438\u0442\u0430\u043d\u0438\u044f \u0438 \u0438\u043c\u0435\u0435\u0442 \u043a\u043e\u0448\u0435\u0440\u043d\u044b\u0439 \u0441\u0435\u0440\u0442\u0438\u0444\u0438\u043a\u0430\u0442. \u0421\u043e\u043b\u044c Maldon \u0434\u043e\u0441\u0442\u0443\u043f\u043d\u0430 \u043f\u0440\u0430\u043a\u0442\u0438\u0447\u0435\u0441\u043a\u0438 \u043f\u043e \u0432\u0441\u0435\u043c\u0443 \u043c\u0438\u0440\u0443 \u0438 \u044f\u0432\u043b\u044f\u0435\u0442\u0441\u044f \u0430\u0431\u0441\u043e\u043b\u044e\u0442\u043d\u043e\u0439 \u0432\u0435\u0440\u0448\u0438\u043d\u043e\u0439 \u043a\u0430\u0447\u0435\u0441\u0442\u0432\u0430!<\/p>\n<ul>\n<li>\u041c\u0430\u043b\u044c\u0434\u043e\u043d \u043f\u043e\u0434\u0445\u043e\u0434\u0438\u0442 \u0434\u043b\u044f \u043f\u0440\u0438\u043f\u0440\u0430\u0432\u044b \u043a \u043c\u044f\u0441\u0443, \u0440\u044b\u0431\u0435, \u043c\u043e\u0440\u0435\u043f\u0440\u043e\u0434\u0443\u043a\u0442\u0430\u043c, \u043e\u0432\u043e\u0449\u0430\u043c, \u0441\u043e\u0443\u0441\u0430\u043c, \u0441\u0443\u043f\u0430\u043c \u0438 \u043c\u0430\u0440\u0438\u043d\u0430\u0434\u0430\u043c. \u041e\u0434\u043d\u0430\u043a\u043e \u0432 \u043e\u0441\u043d\u043e\u0432\u043d\u043e\u043c \u043e\u043d \u0438\u0441\u043f\u043e\u043b\u044c\u0437\u0443\u0435\u0442\u0441\u044f \u0434\u043b\u044f \u043f\u0440\u0438\u0434\u0430\u043d\u0438\u044f \u043e\u043a\u043e\u043d\u0447\u0430\u0442\u0435\u043b\u044c\u043d\u043e\u0433\u043e \u0432\u043a\u0443\u0441\u0430 \u043f\u0438\u0449\u0435, \u0432 \u0442\u043e\u043c \u0447\u0438\u0441\u043b\u0435, \u043d\u0430\u043f\u0440\u0438\u043c\u0435\u0440, \u0434\u043b\u044f \u0432\u0441\u0442\u0440\u044f\u0445\u0438\u0432\u0430\u043d\u0438\u044f \u043c\u044f\u0441\u0430 \u043d\u0435\u043f\u043e\u0441\u0440\u0435\u0434\u0441\u0442\u0432\u0435\u043d\u043d\u043e \u043f\u0435\u0440\u0435\u0434 \u0443\u043f\u043e\u0442\u0440\u0435\u0431\u043b\u0435\u043d\u0438\u0435\u043c.<\/li>\n<li>\u0425\u043b\u043e\u043f\u044c\u044f \u0441\u043e\u043b\u0438 Maldon \u0440\u0430\u0441\u043a\u0440\u044b\u0432\u0430\u044e\u0442 \u0441\u0432\u043e\u044e \u0441\u043e\u043b\u0435\u043d\u043e\u0441\u0442\u044c \u0441 \u043b\u0435\u0433\u043a\u043e\u0439 \u0441\u043b\u0430\u0434\u043a\u043e\u0439 \u043d\u043e\u0442\u043a\u043e\u0439 \u0438 \u043f\u0440\u0438\u0434\u0430\u044e\u0442 \u0431\u043b\u044e\u0434\u0443 \u0435\u0449\u0435 \u043e\u0434\u0438\u043d \u0441\u043b\u043e\u0439 \u0432\u043e\u0441\u0445\u0438\u0442\u0438\u0442\u0435\u043b\u044c\u043d\u043e\u0439 \u0442\u0435\u043a\u0441\u0442\u0443\u0440\u044b \u0438 \u0430\u043f\u043f\u0435\u0442\u0438\u0442\u043d\u043e\u0433\u043e \u0445\u0440\u0443\u0441\u0442\u0430.<\/li>\n<li>\u041c\u044f\u0433\u043a\u0438\u0435, \u0445\u0440\u0443\u0441\u0442\u044f\u0449\u0438\u0435, \u0443\u0434\u0438\u0432\u0438\u0442\u0435\u043b\u044c\u043d\u043e \u0442\u043e\u043d\u043a\u0438\u0435 \u0445\u043b\u043e\u043f\u044c\u044f \u0441\u043e\u043b\u0438 Maldon \u043e\u0431\u043b\u0430\u0434\u0430\u044e\u0442 \u0441\u0432\u0435\u0436\u0438\u043c \u0438 \u0447\u0438\u0441\u0442\u044b\u043c \u0432\u043a\u0443\u0441\u043e\u043c, \u0432 \u043d\u0438\u0445 \u0441\u043e\u0434\u0435\u0440\u0436\u0438\u0442\u0441\u044f \u0438\u0434\u0435\u0430\u043b\u044c\u043d\u044b\u0439 \u0431\u0430\u043b\u0430\u043d\u0441 \u043f\u0440\u0438\u0440\u043e\u0434\u043d\u044b\u0445 \u043c\u0438\u043d\u0435\u0440\u0430\u043b\u043e\u0432, \u0441\u043f\u043e\u0441\u043e\u0431\u043d\u044b\u0445 \u0443\u043b\u0443\u0447\u0448\u0438\u0442\u044c \u043b\u044e\u0431\u043e\u0435 \u0431\u043b\u044e\u0434\u043e!<\/li>\n<li>\u0418\u0441\u043f\u043e\u043b\u044c\u0437\u0443\u044f \u0441\u043e\u043b\u044c Maldon \u0432 \u0432\u0438\u0434\u0435 \u0445\u043b\u043e\u043f\u044c\u0435\u0432, \u0432\u044b \u043f\u043e\u0442\u0440\u0435\u0431\u043b\u044f\u0435\u0442\u0435 \u043c\u0435\u043d\u044c\u0448\u0435 \u0441\u043e\u043b\u0438, \u0447\u0435\u043c \u0432 \u043f\u0440\u043e\u0442\u0438\u0432\u043d\u043e\u043c \u0441\u043b\u0443\u0447\u0430\u0435, \u043f\u043e\u0441\u043a\u043e\u043b\u044c\u043a\u0443 \u0445\u043b\u043e\u043f\u044c\u044f \u043e\u0447\u0435\u043d\u044c \u0442\u043e\u043d\u043a\u0438\u0435 \u0438 \u0434\u043e\u0431\u0430\u0432\u043b\u044f\u044e\u0442\u0441\u044f \u043a \u043c\u044f\u0441\u0443 \u0432 \u043e\u0441\u043d\u043e\u0432\u043d\u043e\u043c \u043f\u043e\u0441\u043b\u0435 \u043f\u0440\u0438\u0433\u043e\u0442\u043e\u0432\u043b\u0435\u043d\u0438\u044f \u043d\u0430 \u0433\u0440\u0438\u043b\u0435\/\u0436\u0430\u0440\u043a\u0438 (\u043d\u0435\u043f\u043e\u0441\u0440\u0435\u0434\u0441\u0442\u0432\u0435\u043d\u043d\u043e \u043f\u0435\u0440\u0435\u0434 \u0435\u0434\u043e\u0439), \u043f\u043e\u044d\u0442\u043e\u043c\u0443 \u043a\u043e\u043b\u0438\u0447\u0435\u0441\u0442\u0432\u043e \u0434\u043e\u0431\u0430\u0432\u043b\u044f\u0435\u043c\u043e\u0439 \u0441\u043e\u043b\u0438 \u043e\u0431\u044b\u0447\u043d\u043e \u043d\u0430\u043c\u043d\u043e\u0433\u043e \u043c\u0435\u043d\u044c\u0448\u0435. \u0425\u0440\u0443\u0441\u0442 \u0441\u043e\u043b\u0438 \u0432\u043e \u0440\u0442\u0443 \u0442\u0430\u043a\u0436\u0435 \u0440\u0430\u0441\u043a\u0440\u044b\u0432\u0430\u0435\u0442 \u043d\u0430\u0448\u0438 \u0432\u043a\u0443\u0441\u043e\u0432\u044b\u0435 \u0440\u0435\u0446\u0435\u043f\u0442\u043e\u0440\u044b \u0438 \u0434\u0435\u043b\u0430\u0435\u0442 \u043c\u044f\u0441\u043e (\u0435\u0434\u0443) \u043d\u0430\u043c\u043d\u043e\u0433\u043e \u0432\u043a\u0443\u0441\u043d\u0435\u0435.<\/li>\n<\/ul>\n<p>\u0418\u0441\u043f\u043e\u043b\u044c\u0437\u043e\u0432\u0430\u043d\u0438\u0435 \u0441\u043e\u043b\u0438 Maldon \u0442\u0430\u043a\u0436\u0435 \u0441\u0442\u0430\u043d\u043e\u0432\u0438\u0442\u0441\u044f \u0432\u0441\u0435 \u0431\u043e\u043b\u0435\u0435 \u043f\u043e\u043f\u0443\u043b\u044f\u0440\u043d\u044b\u043c \u0432 \u042d\u0441\u0442\u043e\u043d\u0438\u0438.<\/p>","protected":false},"excerpt":{"rendered":"<h5><strong>Kinkige erakordne maitseelamus!<\/strong><\/h5>\n<p>\u00dcle sajandi pikkuse k\u00e4sit\u00f6\u00f6traditsiooniga Maldon Sea Salt on kvaliteedi ja maitse puhtuse s\u00fcmbol, mida kasutavad tippkokad \u00fcle maailma. See kinkekomplekt on praktiline kingitus neile, kes hindavad head toitu ja kvaliteetseid koostisosi.<\/p>\n<p>Maldon Sea Salt helbed\u00a0on oma tuntud p\u00fcramiidse kujuga, looduslikult mineraalirikkad ja kergesti murenevad. Helbed lahustuvad kiiresti ja \u00fchtlaselt. Need sobivad ideaalselt nii toidu viimistlemiseks kui serveerimisel lisamiseks.<\/p>\n<p data-start=\"600\" data-end=\"616\"><strong data-start=\"600\" data-end=\"614\">\u041f\u0440\u0435\u0434\u043e\u0441\u0442\u0430\u0432\u043b\u0435\u043d\u043e<\/strong><\/p>\n<ul>\n<li data-start=\"619\" data-end=\"664\">1 \u00d7 Maldon Sea Salt Original plekk-karp<\/li>\n<li data-start=\"667\" data-end=\"723\">1 \u00d7 Maldon Sea Salt helbelise meresoola karp 250 g<\/li>\n<\/ul>\n<p data-start=\"725\" data-end=\"908\">Sobib liha, kala, k\u00f6\u00f6giviljade, salatite ja magustoitude maitsestamiseks. T\u00e4nu oma \u00f5rnale tekstuurile on Maldoni helvessool ka ideaalne serveerimisel viimistluseks.<\/p>\n<p data-start=\"725\" data-end=\"908\">\n<p><img loading=\"lazy\" decoding=\"async\" class=\"size-medium wp-image-1589\" src=\"https:\/\/tammetorubbq.ee\/wp-content\/uploads\/2024\/04\/Maldon-salt-logo-300x225.png\" alt=\"\u041c\u0430\u043b\u044c\u0434\u043e\u043d\u0441\u043a\u0430\u044f \u0441\u043e\u043b\u044c\" width=\"300\" height=\"225\" srcset=\"https:\/\/tammetorubbq.ee\/wp-content\/uploads\/2024\/04\/Maldon-salt-logo-300x225.png 300w, https:\/\/tammetorubbq.ee\/wp-content\/uploads\/2024\/04\/Maldon-salt-logo-16x12.png 16w, https:\/\/tammetorubbq.ee\/wp-content\/uploads\/2024\/04\/Maldon-salt-logo-64x48.png 64w, https:\/\/tammetorubbq.ee\/wp-content\/uploads\/2024\/04\/Maldon-salt-logo.png 600w\" sizes=\"auto, (max-width: 300px) 100vw, 300px\" \/><\/p>\n<p>&nbsp;<\/p>","protected":false},"featured_media":5889,"comment_status":"closed","ping_status":"closed","template":"","meta":{"_uf_show_specific_survey":0,"_uf_disable_surveys":false},"pwb-brand":[91],"product_brand":[],"product_cat":[90],"product_tag":[311,237],"class_list":{"0":"post-5888","1":"product","2":"type-product","3":"status-publish","4":"has-post-thumbnail","6":"pwb-brand-maldon","7":"product_cat-soolad","8":"product_tag-maldon","9":"product_tag-meresool","11":"first","12":"instock","13":"taxable","14":"shipping-taxable","15":"purchasable","16":"product-type-simple"},"brands":[{"id":91,"name":"\u041c\u0430\u043b\u0434\u043e\u043d","slug":"maldon"}],"_links":{"self":[{"href":"https:\/\/tammetorubbq.ee\/ru\/wp-json\/wp\/v2\/product\/5888","targetHints":{"allow":["GET"]}}],"collection":[{"href":"https:\/\/tammetorubbq.ee\/ru\/wp-json\/wp\/v2\/product"}],"about":[{"href":"https:\/\/tammetorubbq.ee\/ru\/wp-json\/wp\/v2\/types\/product"}],"replies":[{"embeddable":true,"href":"https:\/\/tammetorubbq.ee\/ru\/wp-json\/wp\/v2\/comments?post=5888"}],"wp:featuredmedia":[{"embeddable":true,"href":"https:\/\/tammetorubbq.ee\/ru\/wp-json\/wp\/v2\/media\/5889"}],"wp:attachment":[{"href":"https:\/\/tammetorubbq.ee\/ru\/wp-json\/wp\/v2\/media?parent=5888"}],"wp:term":[{"taxonomy":"pwb-brand","embeddable":true,"href":"https:\/\/tammetorubbq.ee\/ru\/wp-json\/wp\/v2\/pwb-brand?post=5888"},{"taxonomy":"product_brand","embeddable":true,"href":"https:\/\/tammetorubbq.ee\/ru\/wp-json\/wp\/v2\/product_brand?post=5888"},{"taxonomy":"product_cat","embeddable":true,"href":"https:\/\/tammetorubbq.ee\/ru\/wp-json\/wp\/v2\/product_cat?post=5888"},{"taxonomy":"product_tag","embeddable":true,"href":"https:\/\/tammetorubbq.ee\/ru\/wp-json\/wp\/v2\/product_tag?post=5888"}],"curies":[{"name":"wp","href":"https:\/\/api.w.org\/{rel}","templated":true}]}}