{"id":5998,"date":"2026-03-13T09:12:22","date_gmt":"2026-03-13T07:12:22","guid":{"rendered":"https:\/\/tammetorubbq.ee\/?post_type=product&#038;p=5998"},"modified":"2026-04-29T09:00:03","modified_gmt":"2026-04-29T06:00:03","slug":"napoleon-pro-22%e2%80%b3-57-cm-soegrill-aluskaruga","status":"publish","type":"product","link":"https:\/\/tammetorubbq.ee\/ru\/toode\/napoleon-pro-22%e2%80%b3-57-cm-soegrill-aluskaruga\/","title":{"rendered":"\u0423\u0433\u043e\u043b\u044c\u043d\u044b\u0439 \u0431\u0430\u0440\u0431\u0435\u043a\u044e Napoleon PRO 22\u2033 (57 \u0441\u043c) \u0441 \u0431\u0430\u0437\u043e\u0432\u043e\u0439 \u0442\u0435\u043b\u0435\u0436\u043a\u043e\u0439"},"content":{"rendered":"<h5 data-start=\"91\" data-end=\"112\"><strong data-start=\"91\" data-end=\"112\">\u0422\u0435\u0445\u043d\u0438\u0447\u0435\u0441\u043a\u0438\u0435 \u0434\u0430\u043d\u043d\u044b\u0435<\/strong><\/h5>\n<ul data-start=\"114\" data-end=\"282\">\n<li data-section-id=\"bv6zzh\" data-start=\"114\" data-end=\"166\">\n<p data-start=\"116\" data-end=\"166\"><strong data-start=\"116\" data-end=\"140\">M\u00f5\u00f5tmed (K \u00d7 L \u00d7 S):<\/strong> 111,8 \u00d7 116,8 \u00d7 74,9 cm<\/p>\n<\/li>\n<li data-section-id=\"1u7n6y9\" data-start=\"167\" data-end=\"196\">\n<p data-start=\"169\" data-end=\"196\"><strong data-start=\"169\" data-end=\"184\">\u0413\u0440\u0438\u043b\u043b\u0438\u043f\u0438\u043d\u0434:<\/strong> ~2353 \u0441\u043c\u00b2<\/p>\n<\/li>\n<li data-section-id=\"1e632h\" data-start=\"197\" data-end=\"260\">\n<p data-start=\"199\" data-end=\"260\"><strong data-start=\"199\" data-end=\"212\">\u041c\u0430\u0442\u0435\u0440\u0438\u0430\u043b:<\/strong> portselanemailitud teras, <strong>malmist grillrestid<\/strong><\/p>\n<\/li>\n<li data-section-id=\"q20695\" data-start=\"261\" data-end=\"282\">\n<p data-start=\"263\" data-end=\"282\"><strong data-start=\"263\" data-end=\"272\">\u0412\u0435\u0441:<\/strong> 40,8 kg<\/p>\n<\/li>\n<\/ul>\n<h5 data-start=\"0\" data-end=\"18\"><strong data-start=\"0\" data-end=\"18\">Pakendi m\u00f5\u00f5dud<\/strong><\/h5>\n<ul data-start=\"20\" data-end=\"99\" data-is-last-node=\"\" data-is-only-node=\"\">\n<li data-section-id=\"p5w6lx\" data-start=\"20\" data-end=\"40\">K\u00f5rgus: 48,26 cm<\/li>\n<li data-section-id=\"1gvd7jr\" data-start=\"41\" data-end=\"60\">Laius: 88,27 cm<\/li>\n<li data-section-id=\"b5xjuv\" data-start=\"61\" data-end=\"82\">S\u00fcgavus: 66,68 cm<\/li>\n<li data-section-id=\"116o0ux\" data-start=\"83\" data-end=\"99\" data-is-last-node=\"\">Kaal: 51,08 kg<\/li>\n<\/ul>\n<h5 data-start=\"121\" data-end=\"152\"><strong>\u041f\u043e\u0447\u0435\u043c\u0443 \u0441\u0442\u043e\u0438\u0442 \u0432\u044b\u0431\u0440\u0430\u0442\u044c \u0433\u0440\u0438\u043b\u044c Napoleon?<\/strong><\/h5>\n<p class=\"\" data-start=\"154\" data-end=\"369\"><strong data-start=\"154\" data-end=\"166\">\u041d\u0430\u043f\u043e\u043b\u0435\u043e\u043d<\/strong>\u00a0\u044d\u0442\u043e \u0441\u0435\u043c\u0435\u0439\u043d\u0430\u044f \u043a\u043e\u043c\u043f\u0430\u043d\u0438\u044f, \u0440\u0430\u0441\u043f\u043e\u043b\u043e\u0436\u0435\u043d\u043d\u0430\u044f \u0432 \u041a\u0430\u043d\u0430\u0434\u0435, \u043a\u043e\u0442\u043e\u0440\u0430\u044f \u0443\u0436\u0435 \u043d\u0435\u0441\u043a\u043e\u043b\u044c\u043a\u043e \u0434\u0435\u0441\u044f\u0442\u0438\u043b\u0435\u0442\u0438\u0439 \u0440\u0430\u0437\u0440\u0430\u0431\u0430\u0442\u044b\u0432\u0430\u0435\u0442 \u0432\u044b\u0441\u043e\u043a\u043e\u043a\u0430\u0447\u0435\u0441\u0442\u0432\u0435\u043d\u043d\u044b\u0435 \u0433\u0440\u0438\u043b\u0438 \u0438 \u0440\u0435\u0448\u0435\u043d\u0438\u044f \u0434\u043b\u044f \u043f\u0440\u0438\u0433\u043e\u0442\u043e\u0432\u043b\u0435\u043d\u0438\u044f \u043f\u0438\u0449\u0438 \u043d\u0430 \u043e\u0442\u043a\u0440\u044b\u0442\u043e\u043c \u0432\u043e\u0437\u0434\u0443\u0445\u0435. \u0411\u0440\u0435\u043d\u0434 \u043f\u0440\u0438\u0437\u043d\u0430\u043d \u0432\u043e \u0432\u0441\u0435\u043c \u043c\u0438\u0440\u0435 \u0437\u0430 \u043d\u0430\u0434\u0435\u0436\u043d\u043e\u0441\u0442\u044c, \u0438\u043d\u043d\u043e\u0432\u0430\u0446\u0438\u0438 \u0438 \u0434\u043e\u043b\u0433\u043e\u0432\u0435\u0447\u043d\u043e\u0441\u0442\u044c.<\/p>\n<p class=\"\" data-start=\"371\" data-end=\"751\">\u041b\u044e\u0431\u043e\u0439\u00a0<strong data-start=\"375\" data-end=\"394\">\u0413\u0440\u0438\u043b\u044c Napoleon<\/strong>\u00a0\u043e\u0431\u0435\u0441\u043f\u0435\u0447\u0438\u0432\u0430\u044e\u0442 \u0442\u043e\u0447\u043d\u044b\u0439 \u043a\u043e\u043d\u0442\u0440\u043e\u043b\u044c \u0442\u0435\u043f\u043b\u0430, \u043f\u0440\u043e\u0447\u043d\u0443\u044e \u043a\u043e\u043d\u0441\u0442\u0440\u0443\u043a\u0446\u0438\u044e \u0438 \u0443\u0434\u043e\u0431\u0441\u0442\u0432\u043e \u0438\u0441\u043f\u043e\u043b\u044c\u0437\u043e\u0432\u0430\u043d\u0438\u044f. \u0411\u0443\u0434\u044c \u0442\u043e \u0443\u0433\u043e\u043b\u044c\u043d\u043e\u0435, \u0433\u0430\u0437\u043e\u0432\u043e\u0435 \u0438\u043b\u0438 \u043f\u0435\u043b\u043b\u0435\u0442\u043d\u043e\u0435 \u0431\u0430\u0440\u0431\u0435\u043a\u044e, Napoleon \u0441\u043e\u0447\u0435\u0442\u0430\u0435\u0442 \u0441\u043e\u0432\u0440\u0435\u043c\u0435\u043d\u043d\u044b\u0439 \u0434\u0438\u0437\u0430\u0439\u043d \u0441 \u043f\u0440\u0430\u043a\u0442\u0438\u0447\u043d\u044b\u043c\u0438 \u0440\u0435\u0448\u0435\u043d\u0438\u044f\u043c\u0438: \u0433\u043e\u0440\u0435\u043b\u043a\u0438 \u0438\u0437 \u043d\u0435\u0440\u0436\u0430\u0432\u0435\u044e\u0449\u0435\u0439 \u0441\u0442\u0430\u043b\u0438, \u0447\u0443\u0433\u0443\u043d\u043d\u044b\u0435 \u0433\u0440\u0438\u043b\u0438, \u0441\u0438\u0441\u0442\u0435\u043c\u0430 \u0440\u043e\u0437\u0436\u0438\u0433\u0430 JETFIRE\u2122, \u0442\u0435\u0440\u043c\u043e\u043c\u0435\u0442\u0440 ACCU-PROBE\u2122 \u0438 \u043f\u0440\u043e\u0434\u0443\u043c\u0430\u043d\u043d\u044b\u0435 \u0432\u0430\u0440\u0438\u0430\u043d\u0442\u044b \u0445\u0440\u0430\u043d\u0435\u043d\u0438\u044f - \u0432\u043e\u0442 \u043b\u0438\u0448\u044c \u043d\u0435\u0441\u043a\u043e\u043b\u044c\u043a\u043e \u043f\u0440\u0438\u043c\u0435\u0440\u043e\u0432.<\/p>\n<p class=\"\" data-start=\"753\" data-end=\"994\"><strong data-start=\"753\" data-end=\"777\">\u0410\u0441\u0441\u043e\u0440\u0442\u0438\u043c\u0435\u043d\u0442 \u043f\u0440\u043e\u0434\u0443\u043a\u0446\u0438\u0438 Napoleon<\/strong>\u00a0\u0443\u0434\u043e\u0432\u043b\u0435\u0442\u0432\u043e\u0440\u044f\u0435\u0442 \u043b\u044e\u0431\u044b\u0435 \u043f\u043e\u0442\u0440\u0435\u0431\u043d\u043e\u0441\u0442\u0438 - \u043e\u0442 \u043f\u043e\u0440\u0442\u0430\u0442\u0438\u0432\u043d\u044b\u0445 \u043c\u043e\u0434\u0435\u043b\u0435\u0439 \u0434\u043e \u043f\u043e\u043b\u043d\u043e\u0446\u0435\u043d\u043d\u044b\u0445 \u043a\u0443\u0445\u043e\u043d\u044c \u043d\u0430 \u043e\u0442\u043a\u0440\u044b\u0442\u043e\u043c \u0432\u043e\u0437\u0434\u0443\u0445\u0435. \u0415\u0441\u043b\u0438 \u0432\u044b \u0446\u0435\u043d\u0438\u0442\u0435 \u043d\u0430\u0434\u0435\u0436\u043d\u043e\u0441\u0442\u044c, \u0444\u0443\u043d\u043a\u0446\u0438\u043e\u043d\u0430\u043b\u044c\u043d\u043e\u0441\u0442\u044c \u0438 \u0432\u043e\u0437\u043c\u043e\u0436\u043d\u043e\u0441\u0442\u044c \u0433\u043e\u0442\u043e\u0432\u0438\u0442\u044c \u043d\u0430 \u0433\u0440\u0438\u043b\u0435 \u043a\u0440\u0443\u0433\u043b\u044b\u0439 \u0433\u043e\u0434, Napoleon - \u044d\u0442\u043e \u043f\u0440\u0430\u0432\u0438\u043b\u044c\u043d\u044b\u0439 \u0432\u044b\u0431\u043e\u0440.<\/p>\n<p><iframe loading=\"lazy\" title=\"\u0413\u0440\u0438\u043b\u044c Napoleon PRO Charcoal Kettle Grill\" width=\"500\" height=\"281\" src=\"https:\/\/www.youtube.com\/embed\/4SvNiWkkqC8?feature=oembed&#038;enablejsapi=1&#038;origin=https:\/\/tammetorubbq.ee\" frameborder=\"0\" allow=\"accelerometer; autoplay; clipboard-write; encrypted-media; gyroscope; picture-in-picture; web-share\" referrerpolicy=\"strict-origin-when-cross-origin\" allowfullscreen><\/iframe><\/p>","protected":false},"excerpt":{"rendered":"<p data-start=\"59\" data-end=\"465\">Napoleon PRO 22\u2033 s\u00f6egrill \u00fchendab klassikalise s\u00fctega grillimise kogemuse kaasaegse disaini ja praktilise k\u00e4rulahendusega. Vastupidav portselanemailitud teraskorpus koos suitsukorstnaga kaanega aitab hoida kuumuse stabiilsena ning tagab \u00fchtlase k\u00fcpsetustulemuse. T\u00e4nu Napoleon\u2019i <strong data-start=\"338\" data-end=\"365\">Vortex Heat Management\u2122<\/strong> s\u00fcsteemile jaotub kuumus grillis \u00fchtlasemalt, paraneb suitsutus ning k\u00fctust kasutatakse t\u00f5husamalt.<\/p>\n<p data-start=\"467\" data-end=\"754\">Grill on varustatud <strong data-start=\"487\" data-end=\"526\">hingedega valurauast grillrestidega<\/strong>, mis v\u00f5imaldavad k\u00fcpsetamise ajal h\u00f5lpsalt s\u00fctt juurde lisada v\u00f5i kuumuse tsoone reguleerida. Integreeritud lahendused temperatuurianduritele v\u00f5imaldavad k\u00fcpsetamist j\u00e4lgida ilma kaant avamata, s\u00e4ilitades nii stabiilse kuumuse.<\/p>\n<p data-start=\"756\" data-end=\"1151\">Praktiline <strong data-start=\"767\" data-end=\"806\">alusk\u00e4ru kokkuvolditava k\u00fcljelauaga<\/strong> pakub lisaruumi ettevalmistuseks ning teeb grilli liigutamise lihtsaks. Neli ratast \u2013 kaks suurt ja kaks p\u00f6\u00f6rlevat \u2013 tagavad sujuva liikumise nii terrassil kui aias. Grillile on lisatud ka <strong data-start=\"996\" data-end=\"1061\">roostevabast terasest k\u00f5rgendusr\u00f5ngas rotisserie kasutamiseks<\/strong>, mis v\u00f5imaldab grillimisv\u00f5imalusi veelgi laiendada (rotisserie komplekt saadaval eraldi).<\/p>\n<h5 data-start=\"1153\" data-end=\"1195\"><strong data-start=\"1153\" data-end=\"1195\">Miks valida Napoleon PRO 22\u2033 s\u00f6egrill?<\/strong><\/h5>\n<ul data-start=\"1197\" data-end=\"1694\">\n<li data-section-id=\"3muvik\" data-start=\"1197\" data-end=\"1266\">\n<p data-start=\"1199\" data-end=\"1266\">Vastupidav portselanemailitud teraskorpus ja suitsukorstnaga kaas<\/p>\n<\/li>\n<li data-section-id=\"480wk9\" data-start=\"1267\" data-end=\"1347\">\n<p data-start=\"1269\" data-end=\"1347\">Hingedega valurauast grillrestid \u2013 lihtne s\u00fctt lisada ja kuumust reguleerida<\/p>\n<\/li>\n<li data-section-id=\"1k90b9r\" data-start=\"1348\" data-end=\"1443\">\n<p data-start=\"1350\" data-end=\"1443\"><strong data-start=\"1350\" data-end=\"1377\">Vortex Heat Management\u2122<\/strong> \u2013 \u00fchtlasem kuumus, parem suitsutus ja efektiivsem k\u00fctusekasutus<\/p>\n<\/li>\n<li data-section-id=\"fyxfn8\" data-start=\"1444\" data-end=\"1509\">\n<p data-start=\"1446\" data-end=\"1509\">Avad temperatuurianduritele \u2013 j\u00e4lgi k\u00fcpsetamist kaant avamata<\/p>\n<\/li>\n<li data-section-id=\"azui9t\" data-start=\"1510\" data-end=\"1568\">\n<p data-start=\"1512\" data-end=\"1568\">Roostevabast terasest k\u00f5rgendusr\u00f5ngas rotisserie jaoks<\/p>\n<\/li>\n<li data-section-id=\"u0o4ra\" data-start=\"1569\" data-end=\"1629\">\n<p data-start=\"1571\" data-end=\"1629\">Stabiilne metallkonstruktsioon kokkuvolditava t\u00f6\u00f6pinnaga<\/p>\n<\/li>\n<li data-section-id=\"1nvqk68\" data-start=\"1630\" data-end=\"1694\">\n<p data-start=\"1632\" data-end=\"1694\">Kaks suurt ratast ja kaks p\u00f6\u00f6rdratast mugavaks liigutamiseks<\/p>\n<\/li>\n<\/ul>\n<p data-start=\"1696\" data-end=\"1912\" data-is-last-node=\"\" data-is-only-node=\"\">Napoleon Professional 22\u2033 on ideaalne valik grillihuvilisele, kes hindab <strong data-start=\"1769\" data-end=\"1849\">klassikalist s\u00fcte maitset, t\u00e4pset temperatuuri kontrolli ja mugavat kasutust<\/strong> nii igap\u00e4evasel grillimisel kui ka pikematel BBQ-sessioonidel.<\/p>\n<p data-start=\"1696\" data-end=\"1912\" data-is-last-node=\"\" data-is-only-node=\"\">\u27a1\ufe0f <strong><a href=\"https:\/\/tammetorubbq.ee\/ru\/product-2\/napoleon-pro-22-tollise-soegrilli-ratastega-alusele-ilmastikukindel-grillikate\/\">\u0412\u0441\u0435\u043f\u043e\u0433\u043e\u0434\u043d\u044b\u0439 \u0447\u0435\u0445\u043e\u043b \u0434\u043b\u044f \u0431\u0430\u0440\u0431\u0435\u043a\u044e<\/a><\/strong>\u00a0 \u2b05\ufe0f<\/p>\n<p data-start=\"1696\" data-end=\"1912\" data-is-last-node=\"\" data-is-only-node=\"\"><img loading=\"lazy\" decoding=\"async\" class=\"wp-image-2098\" src=\"http:\/\/tammetorubbq.ee\/wp-content\/uploads\/2024\/11\/napoleon-gas-grills-logo-vector-1-300x124.png\" alt=\"\u043d\u0430\u043f\u043e\u043b\u0435\u043e\u043d \u0433\u0430\u0437\u043e\u0432\u044b\u0435 \u0433\u0440\u0438\u043b\u0438 \u043b\u043e\u0433\u043e\u0442\u0438\u043f \u0432\u0435\u043a\u0442\u043e\u0440\" width=\"179\" height=\"74\" srcset=\"https:\/\/tammetorubbq.ee\/wp-content\/uploads\/2024\/11\/napoleon-gas-grills-logo-vector-1-300x124.png 300w, https:\/\/tammetorubbq.ee\/wp-content\/uploads\/2024\/11\/napoleon-gas-grills-logo-vector-1-768x317.png 768w, https:\/\/tammetorubbq.ee\/wp-content\/uploads\/2024\/11\/napoleon-gas-grills-logo-vector-1-18x7.png 18w, https:\/\/tammetorubbq.ee\/wp-content\/uploads\/2024\/11\/napoleon-gas-grills-logo-vector-1-600x248.png 600w, https:\/\/tammetorubbq.ee\/wp-content\/uploads\/2024\/11\/napoleon-gas-grills-logo-vector-1-64x26.png 64w, https:\/\/tammetorubbq.ee\/wp-content\/uploads\/2024\/11\/napoleon-gas-grills-logo-vector-1.png 847w\" sizes=\"auto, (max-width: 179px) 100vw, 179px\" \/><\/p>\n<p data-start=\"1696\" data-end=\"1912\" data-is-last-node=\"\" data-is-only-node=\"\">","protected":false},"featured_media":5999,"comment_status":"closed","ping_status":"closed","template":"","meta":{"_uf_show_specific_survey":0,"_uf_disable_surveys":false},"pwb-brand":[101],"product_brand":[389],"product_cat":[169],"product_tag":[317,78],"class_list":{"0":"post-5998","1":"product","2":"type-product","3":"status-publish","4":"has-post-thumbnail","6":"pwb-brand-napoleon","7":"product_brand-napoleon","8":"product_cat-soegrillid","9":"product_tag-napoleon-soegrill","10":"product_tag-soegrill","12":"first","13":"instock","14":"taxable","15":"shipping-taxable","16":"purchasable","17":"product-type-simple"},"brands":[{"id":101,"name":"\u041d\u0430\u043f\u043e\u043b\u0435\u043e\u043d","slug":"%d0%bd%d0%b0%d0%bf%d0%be%d0%bb%d0%b5%d0%be%d0%bd"}],"_links":{"self":[{"href":"https:\/\/tammetorubbq.ee\/ru\/wp-json\/wp\/v2\/product\/5998","targetHints":{"allow":["GET"]}}],"collection":[{"href":"https:\/\/tammetorubbq.ee\/ru\/wp-json\/wp\/v2\/product"}],"about":[{"href":"https:\/\/tammetorubbq.ee\/ru\/wp-json\/wp\/v2\/types\/product"}],"replies":[{"embeddable":true,"href":"https:\/\/tammetorubbq.ee\/ru\/wp-json\/wp\/v2\/comments?post=5998"}],"wp:featuredmedia":[{"embeddable":true,"href":"https:\/\/tammetorubbq.ee\/ru\/wp-json\/wp\/v2\/media\/5999"}],"wp:attachment":[{"href":"https:\/\/tammetorubbq.ee\/ru\/wp-json\/wp\/v2\/media?parent=5998"}],"wp:term":[{"taxonomy":"pwb-brand","embeddable":true,"href":"https:\/\/tammetorubbq.ee\/ru\/wp-json\/wp\/v2\/pwb-brand?post=5998"},{"taxonomy":"product_brand","embeddable":true,"href":"https:\/\/tammetorubbq.ee\/ru\/wp-json\/wp\/v2\/product_brand?post=5998"},{"taxonomy":"product_cat","embeddable":true,"href":"https:\/\/tammetorubbq.ee\/ru\/wp-json\/wp\/v2\/product_cat?post=5998"},{"taxonomy":"product_tag","embeddable":true,"href":"https:\/\/tammetorubbq.ee\/ru\/wp-json\/wp\/v2\/product_tag?post=5998"}],"curies":[{"name":"wp","href":"https:\/\/api.w.org\/{rel}","templated":true}]}}