{"id":6074,"date":"2026-03-18T14:54:00","date_gmt":"2026-03-18T12:54:00","guid":{"rendered":"https:\/\/tammetorubbq.ee\/?post_type=product&#038;p=6074"},"modified":"2026-05-06T18:00:10","modified_gmt":"2026-05-06T15:00:10","slug":"pelletgrill-traeger-woodridge-pro","status":"publish","type":"product","link":"https:\/\/tammetorubbq.ee\/ru\/toode\/pelletgrill-traeger-woodridge-pro\/","title":{"rendered":"\u041f\u0435\u043b\u043b\u0435\u0442\u043d\u044b\u0439 \u0433\u0440\u0438\u043b\u044c Traeger Woodridge PRO"},"content":{"rendered":"<h5 data-section-id=\"rr3c9i\" data-start=\"344\" data-end=\"376\"><strong data-start=\"348\" data-end=\"376\">K\u00fcpsetusala ja mahutavus<\/strong><\/h5>\n<ul data-start=\"1294\" data-end=\"1678\">\n<li data-section-id=\"hh13xy\" data-start=\"1294\" data-end=\"1482\">\n<p data-start=\"1296\" data-end=\"1388\"><strong data-start=\"1296\" data-end=\"1322\">Koguk\u00fcpsetusala kokku:<\/strong> 6260\u202fcm\u00b2<\/p>\n<ul data-start=\"1391\" data-end=\"1482\">\n<li data-section-id=\"1ea5vos\" data-start=\"1391\" data-end=\"1436\">\n<p data-start=\"1393\" data-end=\"1436\"><strong data-start=\"1393\" data-end=\"1411\">P\u00f5hirest:<\/strong> 3775\u202fcm\u00b2<\/p>\n<\/li>\n<li data-section-id=\"1z9oq0\" data-start=\"1439\" data-end=\"1482\">\n<p data-start=\"1441\" data-end=\"1482\"><strong data-start=\"1441\" data-end=\"1457\">Teine riiul:<\/strong> 2485\u202fcm\u00b2<\/p>\n<\/li>\n<\/ul>\n<\/li>\n<\/ul>\n<h5 data-section-id=\"1rdsa40\" data-start=\"99\" data-end=\"130\"><strong data-start=\"103\" data-end=\"130\">\u00dcldised m\u00f5\u00f5tmed ja kaal<\/strong><\/h5>\n<ul data-start=\"131\" data-end=\"342\">\n<li data-section-id=\"trczsd\" data-start=\"131\" data-end=\"255\">\n<p data-start=\"133\" data-end=\"255\"><strong data-start=\"133\" data-end=\"172\">M\u00f5\u00f5tmed (laius \u00d7 s\u00fcgavus \u00d7 k\u00f5rgus):<\/strong> 170 \u00d7 69 \u00d7 119 cm<\/p>\n<\/li>\n<li data-section-id=\"dztbuz\" data-start=\"256\" data-end=\"342\">\n<p data-start=\"258\" data-end=\"342\"><strong data-start=\"258\" data-end=\"273\">Toote kaal:<\/strong> 80 kg<\/p>\n<\/li>\n<\/ul>\n<h5><strong>V\u00f5rdlus Woodridge ja Woodridge PRO-ga \u2013 milline on erinevus<\/strong><\/h5>\n<table>\n<thead>\n<tr>\n<th><strong>Tehniline n\u00e4itaja<\/strong><\/th>\n<th><strong>Traeger Woodridge\u00a0<\/strong><\/th>\n<th><strong>Traeger Woodridge PRO<\/strong><\/th>\n<\/tr>\n<\/thead>\n<tbody>\n<tr>\n<td><strong>K\u00fcpsetusala<\/strong><\/td>\n<td>~860\u202fsq\u202fin (~5548\u202fcm\u00b2)<\/td>\n<td>~970\u202fsq\u202fin (~6260\u202fcm\u00b2)<\/td>\n<\/tr>\n<tr>\n<td><strong>WiFIRE\u00ae nutijuhtimine<\/strong><\/td>\n<td>Jah<\/td>\n<td>Jah<\/td>\n<\/tr>\n<tr>\n<td><strong>EZ\u2011Clean rasva &amp; tuhakogur<\/strong><\/td>\n<td>Jah<\/td>\n<td>Jah<\/td>\n<\/tr>\n<tr>\n<td><strong>P.A.L. Pop\u2011And\u2011Lock\u00ae \u00fchilduvus<\/strong><\/td>\n<td>Jah<\/td>\n<td>Jah<\/td>\n<\/tr>\n<tr>\n<td><strong>ModiFIRE\u00ae tarvikute \u00fchilduvus<\/strong><\/td>\n<td>Jah<\/td>\n<td>Jah<\/td>\n<\/tr>\n<tr>\n<td><strong>Digitaalne juhtpaneel<\/strong><\/td>\n<td>Jah<\/td>\n<td>Jah<\/td>\n<\/tr>\n<tr>\n<td><strong>Juhtmega lihatermomeeter kaasas<\/strong><\/td>\n<td>Jah<\/td>\n<td>Jah<\/td>\n<\/tr>\n<tr>\n<td><strong>Bluetooth\u2011termomeetri toetus<\/strong><\/td>\n<td>Jah<\/td>\n<td>Jah<\/td>\n<\/tr>\n<tr>\n<td><strong>Pelleti mahuti (hopper)<\/strong><\/td>\n<td>24\u202flbs (~10,9\u202fkg)<\/td>\n<td>24\u202flbs (~10,9\u202fkg)<\/td>\n<\/tr>\n<tr>\n<td><strong>\u0414\u0438\u0430\u043f\u0430\u0437\u043e\u043d \u0442\u0435\u043c\u043f\u0435\u0440\u0430\u0442\u0443\u0440<\/strong><\/td>\n<td>180\u2013500\u202f\u00b0F (82\u2013260\u202f\u00b0C)<\/td>\n<td>180\u2013500\u202f\u00b0F (82\u2013260\u202f\u00b0C)<\/td>\n<\/tr>\n<tr>\n<td><strong>Super Smoke Mode (rohkem suitsu)<\/strong><\/td>\n<td>\u274c Ei kuulu<\/td>\n<td>\u2714 Jah, ekstra suitsu funktsioon<\/td>\n<\/tr>\n<tr>\n<td><strong>Folding side shelf (k\u00f5rgendatud riiul)<\/strong><\/td>\n<td>\u274c Ei ole<\/td>\n<td>\u2714 Jah, lisat\u00f6\u00f6ruum ettevalmistuseks<\/td>\n<\/tr>\n<tr>\n<td><strong>Pelleti taseme sensor (rakenduses)<\/strong><\/td>\n<td>\u274c Ei ole<\/td>\n<td>\u2714 Jah, integreeritud sensor<\/td>\n<\/tr>\n<tr>\n<td><strong>Keep Warm funktsioon (soojas hoidmine)<\/strong><\/td>\n<td>\u2013 standardfunktsioon<\/td>\n<td>\u2714 Jah (lisav\u00f5imalus)<\/td>\n<\/tr>\n<tr>\n<td><strong>Sisseehitatud konksud restide puhastamiseks<\/strong><\/td>\n<td>Jah<\/td>\n<td>Jah<\/td>\n<\/tr>\n<tr>\n<td><strong>\u0412\u0435\u0441<\/strong><\/td>\n<td>ca 138\u202flbs (~63\u202fkg) (umbes)<\/td>\n<td>ca 174\u202flbs (~79\u202fkg)<\/td>\n<\/tr>\n<tr>\n<td><strong>Sobivus bigger cooks (suurem kogus toitu)<\/strong><\/td>\n<td>Hea igap\u00e4evakasutuseks<\/td>\n<td>Sobiv suuremate gruppide\/rohkemate roogade jaoks<\/td>\n<\/tr>\n<\/tbody>\n<\/table>\n<p>&nbsp;<\/p>\n<p><iframe loading=\"lazy\" title=\"Meet the All-New Woodridge\u2122 Pro | Traeger Grills\" width=\"500\" height=\"281\" src=\"https:\/\/www.youtube.com\/embed\/KyDntQCJQH4?feature=oembed\" frameborder=\"0\" allow=\"accelerometer; autoplay; clipboard-write; encrypted-media; gyroscope; picture-in-picture; web-share\" referrerpolicy=\"strict-origin-when-cross-origin\" allowfullscreen><\/iframe><\/p>","protected":false},"excerpt":{"rendered":"<h5 data-start=\"0\" data-end=\"33\"><strong data-start=\"0\" data-end=\"33\"><span style=\"color: #ff0000;\">UUS mudel!<\/span> Traeger Woodridge pelletgrill PRO<\/strong><\/h5>\n<p data-start=\"35\" data-end=\"764\">Tutvu pelletgrillide uue p\u00f5lvkonnaga. Traeger Woodridge pakub suurep\u00e4rast j\u00f5udlust hea hinnaga, mist\u00f5ttu sobib see ideaalselt neile, kes alles alustavad pelletgrillimisega. V\u00f5imalus j\u00e4ljendada nii traditsioonilist grillimist kui suitsutamist mis teeb sellest mitmek\u00fclgse seadme. Lisaks saab Traeger Woodridge\u2019iga ka k\u00fcpsetada, r\u00f6stida ja hautada, nii et saad \u00f5ues s\u00fc\u00fca valmistada nii tihti kui soovid. Temperatuurivahemik 8 \u2013 260 \u00b0C v\u00f5imaldab teha k\u00f5ike alates aeglaselt k\u00fcpsevast brisket\u2019ist kuni steikide kiire pruunistamiseni. Sisseehitatud pelletimahuti mahutab kuni 11kg pelleteid \u2013 erinevad puiduliigid, nagu n\u00e4iteks \u00f5una- v\u00f5i kirsipuu mis annavad roogadele erip\u00e4rase maitsen\u00fcansi.<\/p>\n<p data-start=\"766\" data-end=\"802\"><strong data-start=\"766\" data-end=\"802\">Lihtsaim viis pelletgrillimiseks<\/strong><\/p>\n<p data-start=\"804\" data-end=\"1570\">Traeger Woodridge muudab pelletgrillimise eriti lihtsaks t\u00e4nu intuitiivsetele juhtnuppudele, mis v\u00f5imaldavad p\u00f5him\u00f5ttel \u201cpane paika ja unusta\u201d (Set-It &amp; Forget-It) suurep\u00e4raseid tulemusi saavutada. Koos WiFIRE\u00ae nutika j\u00e4lgimistehnoloogiaga pole grillimine kunagi olnud mugavam \u2013 laadi lihtsalt Traegeri rakendus oma telefoni, et muuta temperatuuri, lisada suitsu, kasutada eksklusiivseid retsepte ja palju muud. Bluetoothiga \u00fchendatav lihatermomeeter v\u00f5imaldab sul k\u00fcpsetamist veelgi t\u00e4psemalt j\u00e4lgida, et n\u00e4ha, millal toit on saavutanud ideaalse sisetemperatuuri. P\u00e4rast k\u00fcpsetamist teeb Woodridge ka puhastamise lihtsaks: EZ Clean rasva- ja tuhakogur kogub nii toidumahlad kui pelletituhk \u00fchte mugavasse anumasse, mida saad vajadusel lihtsalt t\u00fchjendada ja pesta.<\/p>\n<p data-start=\"134\" data-end=\"150\"><strong data-start=\"134\" data-end=\"150\">\u041e\u0441\u043d\u043e\u0432\u043d\u044b\u0435 \u0445\u0430\u0440\u0430\u043a\u0442\u0435\u0440\u0438\u0441\u0442\u0438\u043a\u0438<\/strong><\/p>\n<ul data-start=\"152\" data-end=\"1011\">\n<li data-section-id=\"alckjq\" data-start=\"152\" data-end=\"246\">\n<p data-start=\"154\" data-end=\"246\">WiFIRE\u00ae \u00fchenduvus v\u00f5imaldab Traegeri rakenduse abil oma toiduvalmistamist j\u00e4lgida k\u00f5ikjalt<\/p>\n<\/li>\n<li data-section-id=\"1vj56tn\" data-start=\"247\" data-end=\"308\">\n<p data-start=\"249\" data-end=\"308\">Murevaba puhastamine t\u00e4nu EZ\u2011Clean rasva- ja tuhakogurile<\/p>\n<\/li>\n<li data-section-id=\"1dpeive\" data-start=\"309\" data-end=\"396\">\n<p data-start=\"311\" data-end=\"396\">Kohanda grill enda j\u00e4rgi P.A.L. Pop\u2011And\u2011Lock\u00ae siinile kinnitatavate lisatarvikutega<\/p>\n<\/li>\n<li data-section-id=\"157khaq\" data-start=\"397\" data-end=\"504\">\n<p data-start=\"399\" data-end=\"504\">ModiFIRE\u00ae tarvikud kinnituvad kindlalt grillile ja laiendavad koheselt sinu toiduvalmistamise v\u00f5imalusi<\/p>\n<\/li>\n<li data-section-id=\"otxgrq\" data-start=\"505\" data-end=\"567\">\n<p data-start=\"507\" data-end=\"567\">Lihtne kasutada t\u00e4nu t\u00e4ielikult digitaalsele juhtpaneelile<\/p>\n<\/li>\n<li data-section-id=\"1bbet47\" data-start=\"568\" data-end=\"619\">\n<p data-start=\"570\" data-end=\"619\">J\u00e4lgi k\u00fcpsetamist juhtmega lihatermomeetri abil<\/p>\n<\/li>\n<li data-section-id=\"1wauvcp\" data-start=\"620\" data-end=\"674\">\n<p data-start=\"622\" data-end=\"674\">Juhtmevaba kasutus Bluetooth\u2011lihatermomeetri toega<\/p>\n<\/li>\n<li data-section-id=\"1t510wo\" data-start=\"675\" data-end=\"754\">\n<p data-start=\"677\" data-end=\"754\">Mugav pelletimahuti t\u00fchjendus v\u00f5imaldab kiiresti pelletite maitset vahetada<\/p>\n<\/li>\n<li data-section-id=\"1m9olif\" data-start=\"755\" data-end=\"818\">\n<p data-start=\"757\" data-end=\"818\">Sisseehitatud konksud restide riputamiseks puhastamise ajal<\/p>\n<\/li>\n<li data-section-id=\"11brv7i\" data-start=\"819\" data-end=\"908\">\n<p data-start=\"821\" data-end=\"908\"><strong data-start=\"821\" data-end=\"841\">Super Smoke Mode<\/strong> pakub rikkalikumat suitsutatud maitset madalatel temperatuuridel<\/p>\n<\/li>\n<li data-section-id=\"yfjotw\" data-start=\"909\" data-end=\"961\">\n<p data-start=\"911\" data-end=\"961\">Suurem k\u00fcpsetusala kahe tasapinnaga (~970\u202fsq\u202fin)<\/p>\n<\/li>\n<li data-section-id=\"4oppyd\" data-start=\"962\" data-end=\"1011\">\n<p data-start=\"964\" data-end=\"1011\">Kokkupandav k\u00fclgriiul t\u00f6\u00f6ruumi suurendamiseks<\/p>\n<\/li>\n<\/ul>\n<p><img loading=\"lazy\" decoding=\"async\" class=\"size-medium wp-image-1509\" src=\"https:\/\/tammetorubbq.ee\/wp-content\/uploads\/2024\/03\/traeger-grills-logo-vector-300x167.png\" alt=\"\u041b\u043e\u0433\u043e\u0442\u0438\u043f Traeger\" width=\"300\" height=\"167\" srcset=\"https:\/\/tammetorubbq.ee\/wp-content\/uploads\/2024\/03\/traeger-grills-logo-vector-300x167.png 300w, https:\/\/tammetorubbq.ee\/wp-content\/uploads\/2024\/03\/traeger-grills-logo-vector-768x427.png 768w, https:\/\/tammetorubbq.ee\/wp-content\/uploads\/2024\/03\/traeger-grills-logo-vector-18x10.png 18w, https:\/\/tammetorubbq.ee\/wp-content\/uploads\/2024\/03\/traeger-grills-logo-vector-600x333.png 600w, https:\/\/tammetorubbq.ee\/wp-content\/uploads\/2024\/03\/traeger-grills-logo-vector-64x36.png 64w, https:\/\/tammetorubbq.ee\/wp-content\/uploads\/2024\/03\/traeger-grills-logo-vector.png 900w\" sizes=\"auto, (max-width: 300px) 100vw, 300px\" \/><\/p>\n<p><a href=\"https:\/\/tammetorubbq.ee\/ru\/%d0%b7%d0%b0%d0%bf%d0%bb%d0%b0%d1%82%d0%b8%d1%82%d1%8c-%d0%bf%d0%be%d0%b7%d0%b6%d0%b5\/\"><strong>\u041a\u0423\u041f\u0418 \u0421\u0415\u0419\u0427\u0410\u0421, \u0417\u0410\u041f\u041b\u0410\u0422\u0418 \u041f\u041e\u0422\u041e\u041c<\/strong><\/a>\u00a0- \u0431\u0435\u0441\u043f\u0440\u043e\u0446\u0435\u043d\u0442\u043d\u043e!<\/p>\n<p><img loading=\"lazy\" decoding=\"async\" class=\"alignnone wp-image-2646\" src=\"http:\/\/tammetorubbq.ee\/wp-content\/uploads\/2023\/12\/inbank-wordmark.png\" alt=\"\u0418\u043d\u0431\u0430\u043d\u043a\" width=\"167\" height=\"75\" srcset=\"https:\/\/tammetorubbq.ee\/wp-content\/uploads\/2023\/12\/inbank-wordmark.png 300w, https:\/\/tammetorubbq.ee\/wp-content\/uploads\/2023\/12\/inbank-wordmark-18x8.png 18w, https:\/\/tammetorubbq.ee\/wp-content\/uploads\/2023\/12\/inbank-wordmark-64x29.png 64w\" sizes=\"auto, (max-width: 167px) 100vw, 167px\" \/><\/p>\n<p>\u041c\u044b \u0442\u0430\u043a\u0436\u0435 \u043f\u0440\u0435\u0434\u043b\u0430\u0433\u0430\u0435\u043c \u0432\u043e\u0437\u043c\u043e\u0436\u043d\u043e\u0441\u0442\u044c \u043e\u043f\u043b\u0430\u0442\u0438\u0442\u044c \u0442\u043e\u0432\u0430\u0440 \u043f\u043e\u0437\u0436\u0435 - \u043e\u0434\u043d\u0438\u043c, \u0434\u0432\u0443\u043c\u044f \u0438\u043b\u0438 \u0442\u0440\u0435\u043c\u044f \u0440\u0430\u0432\u043d\u044b\u043c\u0438 \u043f\u043b\u0430\u0442\u0435\u0436\u0430\u043c\u0438 \u0431\u0435\u0437 \u043a\u0430\u043a\u0438\u0445-\u043b\u0438\u0431\u043e \u043f\u0440\u043e\u0446\u0435\u043d\u0442\u043e\u0432 \u0438\u043b\u0438 \u043d\u0430\u0434\u0431\u0430\u0432\u043e\u043a.<\/p>\n<p>\u0412 \u043d\u0430\u0448\u0435\u0439 \u043a\u043e\u0440\u0437\u0438\u043d\u0435 \u0432\u044b \u043c\u043e\u0436\u0435\u0442\u0435 \u0432\u044b\u0431\u0440\u0430\u0442\u044c \u0440\u0430\u0437\u043b\u0438\u0447\u043d\u044b\u0435 \u0432\u0430\u0440\u0438\u0430\u043d\u0442\u044b \u043e\u043f\u043b\u0430\u0442\u044b.<\/p>","protected":false},"featured_media":6076,"comment_status":"closed","ping_status":"closed","template":"","meta":{"_uf_show_specific_survey":0,"_uf_disable_surveys":false},"pwb-brand":[62],"product_brand":[],"product_cat":[56],"product_tag":[135,141,348],"class_list":{"0":"post-6074","1":"product","2":"type-product","3":"status-publish","4":"has-post-thumbnail","6":"pwb-brand-traeger","7":"product_cat-pelletgrillid","8":"product_tag-pelletgrillid","9":"product_tag-traeger","10":"product_tag-traeger-woodridge","12":"first","13":"instock","14":"taxable","15":"shipping-taxable","16":"purchasable","17":"product-type-simple"},"brands":[{"id":62,"name":"Traeger","slug":"traeger"}],"_links":{"self":[{"href":"https:\/\/tammetorubbq.ee\/ru\/wp-json\/wp\/v2\/product\/6074","targetHints":{"allow":["GET"]}}],"collection":[{"href":"https:\/\/tammetorubbq.ee\/ru\/wp-json\/wp\/v2\/product"}],"about":[{"href":"https:\/\/tammetorubbq.ee\/ru\/wp-json\/wp\/v2\/types\/product"}],"replies":[{"embeddable":true,"href":"https:\/\/tammetorubbq.ee\/ru\/wp-json\/wp\/v2\/comments?post=6074"}],"wp:featuredmedia":[{"embeddable":true,"href":"https:\/\/tammetorubbq.ee\/ru\/wp-json\/wp\/v2\/media\/6076"}],"wp:attachment":[{"href":"https:\/\/tammetorubbq.ee\/ru\/wp-json\/wp\/v2\/media?parent=6074"}],"wp:term":[{"taxonomy":"pwb-brand","embeddable":true,"href":"https:\/\/tammetorubbq.ee\/ru\/wp-json\/wp\/v2\/pwb-brand?post=6074"},{"taxonomy":"product_brand","embeddable":true,"href":"https:\/\/tammetorubbq.ee\/ru\/wp-json\/wp\/v2\/product_brand?post=6074"},{"taxonomy":"product_cat","embeddable":true,"href":"https:\/\/tammetorubbq.ee\/ru\/wp-json\/wp\/v2\/product_cat?post=6074"},{"taxonomy":"product_tag","embeddable":true,"href":"https:\/\/tammetorubbq.ee\/ru\/wp-json\/wp\/v2\/product_tag?post=6074"}],"curies":[{"name":"wp","href":"https:\/\/api.w.org\/{rel}","templated":true}]}}