{"id":6170,"date":"2026-03-23T10:10:10","date_gmt":"2026-03-23T08:10:10","guid":{"rendered":"https:\/\/tammetorubbq.ee\/?post_type=product&#038;p=6170"},"modified":"2026-05-10T01:00:12","modified_gmt":"2026-05-09T22:00:12","slug":"napoleon-kolmeosaline-grillitarvikute-premium-komplekt","status":"publish","type":"product","link":"https:\/\/tammetorubbq.ee\/ru\/toode\/napoleon-kolmeosaline-grillitarvikute-premium-komplekt\/","title":{"rendered":"Napoleon kolmeosaline grillitarvikute premium komplekt"},"content":{"rendered":"<h5 data-start=\"121\" data-end=\"152\"><strong>\u041f\u043e\u0447\u0435\u043c\u0443 \u0441\u0442\u043e\u0438\u0442 \u0432\u044b\u0431\u0440\u0430\u0442\u044c \u0433\u0440\u0438\u043b\u044c Napoleon?<\/strong><\/h5>\n<p class=\"\" data-start=\"154\" data-end=\"369\"><strong data-start=\"154\" data-end=\"166\">\u041d\u0430\u043f\u043e\u043b\u0435\u043e\u043d<\/strong>\u00a0\u044d\u0442\u043e \u0441\u0435\u043c\u0435\u0439\u043d\u0430\u044f \u043a\u043e\u043c\u043f\u0430\u043d\u0438\u044f, \u0440\u0430\u0441\u043f\u043e\u043b\u043e\u0436\u0435\u043d\u043d\u0430\u044f \u0432 \u041a\u0430\u043d\u0430\u0434\u0435, \u043a\u043e\u0442\u043e\u0440\u0430\u044f \u0443\u0436\u0435 \u043d\u0435\u0441\u043a\u043e\u043b\u044c\u043a\u043e \u0434\u0435\u0441\u044f\u0442\u0438\u043b\u0435\u0442\u0438\u0439 \u0440\u0430\u0437\u0440\u0430\u0431\u0430\u0442\u044b\u0432\u0430\u0435\u0442 \u0432\u044b\u0441\u043e\u043a\u043e\u043a\u0430\u0447\u0435\u0441\u0442\u0432\u0435\u043d\u043d\u044b\u0435 \u0433\u0440\u0438\u043b\u0438 \u0438 \u0440\u0435\u0448\u0435\u043d\u0438\u044f \u0434\u043b\u044f \u043f\u0440\u0438\u0433\u043e\u0442\u043e\u0432\u043b\u0435\u043d\u0438\u044f \u043f\u0438\u0449\u0438 \u043d\u0430 \u043e\u0442\u043a\u0440\u044b\u0442\u043e\u043c \u0432\u043e\u0437\u0434\u0443\u0445\u0435. \u0411\u0440\u0435\u043d\u0434 \u043f\u0440\u0438\u0437\u043d\u0430\u043d \u0432\u043e \u0432\u0441\u0435\u043c \u043c\u0438\u0440\u0435 \u0437\u0430 \u043d\u0430\u0434\u0435\u0436\u043d\u043e\u0441\u0442\u044c, \u0438\u043d\u043d\u043e\u0432\u0430\u0446\u0438\u0438 \u0438 \u0434\u043e\u043b\u0433\u043e\u0432\u0435\u0447\u043d\u043e\u0441\u0442\u044c.<\/p>\n<p class=\"\" data-start=\"371\" data-end=\"751\">\u041b\u044e\u0431\u043e\u0439\u00a0<strong data-start=\"375\" data-end=\"394\">\u0413\u0440\u0438\u043b\u044c Napoleon<\/strong>\u00a0\u043e\u0431\u0435\u0441\u043f\u0435\u0447\u0438\u0432\u0430\u044e\u0442 \u0442\u043e\u0447\u043d\u044b\u0439 \u043a\u043e\u043d\u0442\u0440\u043e\u043b\u044c \u0442\u0435\u043f\u043b\u0430, \u043f\u0440\u043e\u0447\u043d\u0443\u044e \u043a\u043e\u043d\u0441\u0442\u0440\u0443\u043a\u0446\u0438\u044e \u0438 \u0443\u0434\u043e\u0431\u0441\u0442\u0432\u043e \u0438\u0441\u043f\u043e\u043b\u044c\u0437\u043e\u0432\u0430\u043d\u0438\u044f. \u0411\u0443\u0434\u044c \u0442\u043e \u0443\u0433\u043e\u043b\u044c\u043d\u043e\u0435, \u0433\u0430\u0437\u043e\u0432\u043e\u0435 \u0438\u043b\u0438 \u043f\u0435\u043b\u043b\u0435\u0442\u043d\u043e\u0435 \u0431\u0430\u0440\u0431\u0435\u043a\u044e, Napoleon \u0441\u043e\u0447\u0435\u0442\u0430\u0435\u0442 \u0441\u043e\u0432\u0440\u0435\u043c\u0435\u043d\u043d\u044b\u0439 \u0434\u0438\u0437\u0430\u0439\u043d \u0441 \u043f\u0440\u0430\u043a\u0442\u0438\u0447\u043d\u044b\u043c\u0438 \u0440\u0435\u0448\u0435\u043d\u0438\u044f\u043c\u0438: \u0433\u043e\u0440\u0435\u043b\u043a\u0438 \u0438\u0437 \u043d\u0435\u0440\u0436\u0430\u0432\u0435\u044e\u0449\u0435\u0439 \u0441\u0442\u0430\u043b\u0438, \u0447\u0443\u0433\u0443\u043d\u043d\u044b\u0435 \u0433\u0440\u0438\u043b\u0438, \u0441\u0438\u0441\u0442\u0435\u043c\u0430 \u0440\u043e\u0437\u0436\u0438\u0433\u0430 JETFIRE\u2122, \u0442\u0435\u0440\u043c\u043e\u043c\u0435\u0442\u0440 ACCU-PROBE\u2122 \u0438 \u043f\u0440\u043e\u0434\u0443\u043c\u0430\u043d\u043d\u044b\u0435 \u0432\u0430\u0440\u0438\u0430\u043d\u0442\u044b \u0445\u0440\u0430\u043d\u0435\u043d\u0438\u044f - \u0432\u043e\u0442 \u043b\u0438\u0448\u044c \u043d\u0435\u0441\u043a\u043e\u043b\u044c\u043a\u043e \u043f\u0440\u0438\u043c\u0435\u0440\u043e\u0432.<\/p>\n<p class=\"\" data-start=\"753\" data-end=\"994\"><strong data-start=\"753\" data-end=\"777\">\u0410\u0441\u0441\u043e\u0440\u0442\u0438\u043c\u0435\u043d\u0442 \u043f\u0440\u043e\u0434\u0443\u043a\u0446\u0438\u0438 Napoleon<\/strong>\u00a0\u0443\u0434\u043e\u0432\u043b\u0435\u0442\u0432\u043e\u0440\u044f\u0435\u0442 \u043b\u044e\u0431\u044b\u0435 \u043f\u043e\u0442\u0440\u0435\u0431\u043d\u043e\u0441\u0442\u0438 - \u043e\u0442 \u043f\u043e\u0440\u0442\u0430\u0442\u0438\u0432\u043d\u044b\u0445 \u043c\u043e\u0434\u0435\u043b\u0435\u0439 \u0434\u043e \u043f\u043e\u043b\u043d\u043e\u0446\u0435\u043d\u043d\u044b\u0445 \u043a\u0443\u0445\u043e\u043d\u044c \u043d\u0430 \u043e\u0442\u043a\u0440\u044b\u0442\u043e\u043c \u0432\u043e\u0437\u0434\u0443\u0445\u0435. \u0415\u0441\u043b\u0438 \u0432\u044b \u0446\u0435\u043d\u0438\u0442\u0435 \u043d\u0430\u0434\u0435\u0436\u043d\u043e\u0441\u0442\u044c, \u0444\u0443\u043d\u043a\u0446\u0438\u043e\u043d\u0430\u043b\u044c\u043d\u043e\u0441\u0442\u044c \u0438 \u0432\u043e\u0437\u043c\u043e\u0436\u043d\u043e\u0441\u0442\u044c \u0433\u043e\u0442\u043e\u0432\u0438\u0442\u044c \u043d\u0430 \u0433\u0440\u0438\u043b\u0435 \u043a\u0440\u0443\u0433\u043b\u044b\u0439 \u0433\u043e\u0434, Napoleon - \u044d\u0442\u043e \u043f\u0440\u0430\u0432\u0438\u043b\u044c\u043d\u044b\u0439 \u0432\u044b\u0431\u043e\u0440.<\/p>","protected":false},"excerpt":{"rendered":"<h5>Grilltangid, -labidas ja -puhastushari<\/h5>\n<p data-start=\"170\" data-end=\"492\">T\u00f5sta oma grillimine uuele tasemele Napoleon Premium 3-osalise grillitarvikute komplektiga, mis on loodud mugavuse, kontrolli ja vastupidavuse tagamiseks. Komplekti kuuluvad Napoleon QuickClick\u2122 \u00fche k\u00e4ega kasutatavad tangid, 3-k\u00fclgse faasitud servaga grillilabidas ning tugev roostevabast terasest harjastega puhastushari.<\/p>\n<p data-start=\"494\" data-end=\"772\">QuickClick\u2122 tangid muudavad toidu k\u00e4sitlemise grillil eriti lihtsaks ja mugavaks. Grillilabida 3-k\u00fclgne faasitud serv v\u00f5imaldab toitu t\u00f5sta ja p\u00f6\u00f6rata iga nurga alt. Puhastushari aitab eemaldada rooste, katlakivi ja kinnip\u00f5lenud j\u00e4\u00e4gid, hoides grillresti puhta ja kasutusvalmis.<\/p>\n<p data-start=\"774\" data-end=\"1137\">K\u00f5ik t\u00f6\u00f6riistad on valmistatud vastupidavast roostevabast terasest ning varustatud libisemiskindla k\u00e4epidemega, et kasutamine oleks turvaline ja mugav. Alumiiniumisulamist riputusavad toimivad \u00fchtlasi pudeliavajatena, et t\u00f6\u00f6riistad oleksid alati k\u00e4ep\u00e4rast. Tangid ja grillilabidas on n\u00f5udepesumasinas pestavad, kuid pikema eluea tagamiseks on soovitatav k\u00e4sipesu.<\/p>\n<h5 data-section-id=\"1064f1e\" data-start=\"1139\" data-end=\"1155\"><strong>\u041e\u0441\u043d\u043e\u0432\u043d\u044b\u0435 \u0445\u0430\u0440\u0430\u043a\u0442\u0435\u0440\u0438\u0441\u0442\u0438\u043a\u0438<\/strong><\/h5>\n<ul data-start=\"1156\" data-end=\"1664\">\n<li data-section-id=\"1ryz1he\" data-start=\"1156\" data-end=\"1225\">Premium 3-osaline komplekt mugavaks ja vastupidavaks grillimiseks<\/li>\n<li data-section-id=\"1vzyh12\" data-start=\"1226\" data-end=\"1284\">Napoleon QuickClick\u2122 \u00fche k\u00e4ega kasutatavad grilltangid<\/li>\n<li data-section-id=\"3t7t5o\" data-start=\"1285\" data-end=\"1374\">3-k\u00fclgne faasitud servaga grillilabidas toidu p\u00f6\u00f6ramiseks ja t\u00f5stmiseks iga nurga alt<\/li>\n<li data-section-id=\"4f1a5h\" data-start=\"1375\" data-end=\"1425\">Sooneline disain t\u00e4psemaks toidu k\u00e4sitlemiseks<\/li>\n<li data-section-id=\"4ibyg8\" data-start=\"1426\" data-end=\"1491\">Roostevabast terasest konstruktsioon pikaajaliseks kasutuseks<\/li>\n<li data-section-id=\"1e9u0yb\" data-start=\"1492\" data-end=\"1595\">Tugevate roostevabast terasest harjastega puhastushari rooste ja kinnip\u00f5lenud j\u00e4\u00e4kide eemaldamiseks<\/li>\n<li data-section-id=\"nh71n6\" data-start=\"1596\" data-end=\"1664\">Libisemiskindlad k\u00e4epidemed turvaliseks ja kindlaks kasutamiseks<\/li>\n<\/ul>\n<p><img loading=\"lazy\" decoding=\"async\" class=\"wp-image-2098\" src=\"http:\/\/tammetorubbq.ee\/wp-content\/uploads\/2024\/11\/napoleon-gas-grills-logo-vector-1-300x124.png\" alt=\"\u043d\u0430\u043f\u043e\u043b\u0435\u043e\u043d \u0433\u0430\u0437\u043e\u0432\u044b\u0435 \u0433\u0440\u0438\u043b\u0438 \u043b\u043e\u0433\u043e\u0442\u0438\u043f \u0432\u0435\u043a\u0442\u043e\u0440\" width=\"174\" height=\"72\" srcset=\"https:\/\/tammetorubbq.ee\/wp-content\/uploads\/2024\/11\/napoleon-gas-grills-logo-vector-1-300x124.png 300w, https:\/\/tammetorubbq.ee\/wp-content\/uploads\/2024\/11\/napoleon-gas-grills-logo-vector-1-768x317.png 768w, https:\/\/tammetorubbq.ee\/wp-content\/uploads\/2024\/11\/napoleon-gas-grills-logo-vector-1-18x7.png 18w, https:\/\/tammetorubbq.ee\/wp-content\/uploads\/2024\/11\/napoleon-gas-grills-logo-vector-1-600x248.png 600w, https:\/\/tammetorubbq.ee\/wp-content\/uploads\/2024\/11\/napoleon-gas-grills-logo-vector-1-64x26.png 64w, https:\/\/tammetorubbq.ee\/wp-content\/uploads\/2024\/11\/napoleon-gas-grills-logo-vector-1.png 847w\" sizes=\"auto, (max-width: 174px) 100vw, 174px\" \/><\/p>","protected":false},"featured_media":6171,"comment_status":"closed","ping_status":"closed","template":"","meta":{"_uf_show_specific_survey":0,"_uf_disable_surveys":false},"pwb-brand":[101],"product_brand":[389],"product_cat":[30],"product_tag":[356,134,357,355],"class_list":{"0":"post-6170","1":"product","2":"type-product","3":"status-publish","4":"has-post-thumbnail","6":"pwb-brand-napoleon","7":"product_brand-napoleon","8":"product_cat-grillimise-tarvikud","9":"product_tag-grilli-labidas","10":"product_tag-grillimise-tarvikud","11":"product_tag-grillresti-puhastushari","12":"product_tag-grilltangid","14":"first","15":"instock","16":"taxable","17":"shipping-taxable","18":"purchasable","19":"product-type-simple"},"brands":[{"id":101,"name":"\u041d\u0430\u043f\u043e\u043b\u0435\u043e\u043d","slug":"%d0%bd%d0%b0%d0%bf%d0%be%d0%bb%d0%b5%d0%be%d0%bd"}],"_links":{"self":[{"href":"https:\/\/tammetorubbq.ee\/ru\/wp-json\/wp\/v2\/product\/6170","targetHints":{"allow":["GET"]}}],"collection":[{"href":"https:\/\/tammetorubbq.ee\/ru\/wp-json\/wp\/v2\/product"}],"about":[{"href":"https:\/\/tammetorubbq.ee\/ru\/wp-json\/wp\/v2\/types\/product"}],"replies":[{"embeddable":true,"href":"https:\/\/tammetorubbq.ee\/ru\/wp-json\/wp\/v2\/comments?post=6170"}],"wp:featuredmedia":[{"embeddable":true,"href":"https:\/\/tammetorubbq.ee\/ru\/wp-json\/wp\/v2\/media\/6171"}],"wp:attachment":[{"href":"https:\/\/tammetorubbq.ee\/ru\/wp-json\/wp\/v2\/media?parent=6170"}],"wp:term":[{"taxonomy":"pwb-brand","embeddable":true,"href":"https:\/\/tammetorubbq.ee\/ru\/wp-json\/wp\/v2\/pwb-brand?post=6170"},{"taxonomy":"product_brand","embeddable":true,"href":"https:\/\/tammetorubbq.ee\/ru\/wp-json\/wp\/v2\/product_brand?post=6170"},{"taxonomy":"product_cat","embeddable":true,"href":"https:\/\/tammetorubbq.ee\/ru\/wp-json\/wp\/v2\/product_cat?post=6170"},{"taxonomy":"product_tag","embeddable":true,"href":"https:\/\/tammetorubbq.ee\/ru\/wp-json\/wp\/v2\/product_tag?post=6170"}],"curies":[{"name":"wp","href":"https:\/\/api.w.org\/{rel}","templated":true}]}}