{"id":6347,"date":"2026-04-01T12:00:04","date_gmt":"2026-04-01T09:00:04","guid":{"rendered":"https:\/\/tammetorubbq.ee\/?post_type=product&#038;p=6347"},"modified":"2026-04-13T17:00:47","modified_gmt":"2026-04-13T14:00:47","slug":"franklin-bbq-salt-and-pepper-spice-rub-326g","status":"publish","type":"product","link":"https:\/\/tammetorubbq.ee\/ru\/product-2\/franklin-bbq-salt-and-pepper-spice-rub-326g\/","title":{"rendered":"Franklin BBQ Salt and Pepper Spice Rub 326g"},"content":{"rendered":"<p><strong>\u0418\u043d\u0433\u0440\u0435\u0434\u0438\u0435\u043d\u0442\u044b<\/strong>: Sool, pipar<\/p>\n<p data-start=\"15\" data-end=\"69\" data-is-last-node=\"\" data-is-only-node=\"\">GLUTEENIVABA, KO\u0160\u0160ER, ILMA TEHISMAITSEAINETE JA MSG-ta<\/p>\n<p data-start=\"15\" data-end=\"69\" data-is-last-node=\"\" data-is-only-node=\"\"><strong>Toitev\u00e4\u00e4rtuste teave<\/strong><\/p>\n<p data-start=\"0\" data-end=\"30\">Portsjoni suurus: \u00bc tl (1 g)<\/p>\n<p data-start=\"32\" data-end=\"57\">Portsjoni toitev\u00e4\u00e4rtus:<\/p>\n<ul data-start=\"58\" data-end=\"145\" data-is-last-node=\"\" data-is-only-node=\"\">\n<li data-section-id=\"142z6io\" data-start=\"58\" data-end=\"78\">Energiat: 0 kcal<\/li>\n<li data-section-id=\"qizlea\" data-start=\"79\" data-end=\"93\">Rasva: 0 g<\/li>\n<li data-section-id=\"1kd0rjx\" data-start=\"94\" data-end=\"110\">Sool: 280 mg<\/li>\n<li data-section-id=\"1l2yxoj\" data-start=\"111\" data-end=\"131\">S\u00fcsivesikud: 0 g<\/li>\n<li data-section-id=\"1ov2drc\" data-start=\"132\" data-end=\"145\" data-is-last-node=\"\">Valgud: 0 g<\/li>\n<\/ul>\n<p data-start=\"15\" data-end=\"69\" data-is-last-node=\"\" data-is-only-node=\"\">","protected":false},"excerpt":{"rendered":"<div class=\"flex flex-col text-sm\">\n<section class=\"text-token-text-primary w-full focus:outline-none [--shadow-height:45px] has-data-writing-block:pointer-events-none has-data-writing-block:-mt-(--shadow-height) has-data-writing-block:pt-(--shadow-height) [&amp;:has([data-writing-block])&gt;*]:pointer-events-auto scroll-mt-[calc(var(--header-height)+min(200px,max(70px,20svh)))]\" dir=\"auto\" data-turn-id=\"request-69b7b65f-04c4-8325-9c75-2f27acc89194-5\" data-testid=\"conversation-turn-102\" data-scroll-anchor=\"true\" data-turn=\"assistant\">\n<div class=\"text-base my-auto mx-auto pb-10 [--thread-content-margin:var(--thread-content-margin-xs,calc(var(--spacing)*4))] @w-sm\/main:[--thread-content-margin:var(--thread-content-margin-sm,calc(var(--spacing)*6))] @w-lg\/main:[--thread-content-margin:var(--thread-content-margin-lg,calc(var(--spacing)*16))] px-(--thread-content-margin)\">\n<div class=\"[--thread-content-max-width:40rem] @w-lg\/main:[--thread-content-max-width:48rem] mx-auto max-w-(--thread-content-max-width) flex-1 group\/turn-messages focus-visible:outline-hidden relative flex w-full min-w-0 flex-col agent-turn\">\n<div class=\"flex max-w-full flex-col gap-4 grow\">\n<div class=\"min-h-8 text-message relative flex w-full flex-col items-end gap-2 text-start break-words whitespace-normal outline-none keyboard-focused:focus-ring [.text-message+&amp;]:mt-1\" dir=\"auto\" tabindex=\"0\" data-message-author-role=\"assistant\" data-message-id=\"ad82ba1a-9570-472b-8d8e-a9fb214d0e1f\" data-message-model-slug=\"gpt-5-mini\" data-turn-start-message=\"true\">\n<div class=\"flex w-full flex-col gap-1 empty:hidden\">\n<div class=\"markdown prose dark:prose-invert w-full wrap-break-word light markdown-new-styling\">\n<h5 data-start=\"46\" data-end=\"300\"><strong>Lihtne, t\u00e4pselt tasakaalustatud ja autentne &#8211; t\u00f5eline Texase BBQ alustala.<\/strong><\/h5>\n<p data-start=\"46\" data-end=\"300\" data-is-last-node=\"\" data-is-only-node=\"\">See premium-maitseainesegu on valmistatud 16-mesh musta pipra ja j\u00e4meda ko\u0161\u0161ersoola segust, mis t\u00f5stab esile toidu loomuliku maitse.<\/p>\n<p data-start=\"46\" data-end=\"300\" data-is-last-node=\"\" data-is-only-node=\"\">Lihtne, kuid oluline alus iga kokkaja jaoks. <strong>Proovi seda ribi, veise-, sealiha, brisketi ja k\u00f6\u00f6giviljade maitsestamiseks.<\/strong><\/p>\n<p data-start=\"46\" data-end=\"300\" data-is-last-node=\"\" data-is-only-node=\"\">\n<\/div>\n<\/div>\n<\/div>\n<\/div>\n<p data-start=\"46\" data-end=\"300\" data-is-last-node=\"\" data-is-only-node=\"\">Austinist, Texasest p\u00e4rit Franklin Barbecue on kuulus oma aeglaselt suitsutatud liharoogade poolest. Proovi nende legendaarset brisketit, poolribisid v\u00f5i sealiha, mis on valmistatud traditsioonilise Texase meetodiga, pakkudes rikkalikku maitset ja t\u00e4iuslikku suitsu aroomi.<\/p>\n<div class=\"flex max-w-full flex-col gap-4 grow\">\n<div class=\"min-h-8 text-message relative flex w-full flex-col items-end gap-2 text-start break-words whitespace-normal outline-none keyboard-focused:focus-ring [.text-message+&amp;]:mt-1\" dir=\"auto\" tabindex=\"0\" data-message-author-role=\"assistant\" data-message-id=\"ad82ba1a-9570-472b-8d8e-a9fb214d0e1f\" data-message-model-slug=\"gpt-5-mini\" data-turn-start-message=\"true\">\n<div class=\"flex w-full flex-col gap-1 empty:hidden\">\n<div class=\"markdown prose dark:prose-invert w-full wrap-break-word light markdown-new-styling\">\n<p data-start=\"46\" data-end=\"300\" data-is-last-node=\"\" data-is-only-node=\"\">\n<\/div>\n<p data-start=\"46\" data-end=\"300\" data-is-last-node=\"\" data-is-only-node=\"\"><img loading=\"lazy\" decoding=\"async\" class=\"alignnone wp-image-1842\" src=\"http:\/\/tammetorubbq.ee\/wp-content\/uploads\/2024\/07\/Franklin-BBQ-logo.svg\" alt=\"Franklin BBQ logo\" width=\"195\" height=\"110\" \/><\/p>\n<\/div>\n<\/div>\n<\/div>\n<div class=\"z-0 flex min-h-[46px] justify-start\"><\/div>\n<div class=\"mt-3 w-full empty:hidden\">\n<div class=\"text-center\"><\/div>\n<\/div>\n<\/div>\n<\/div>\n<\/section>\n<\/div>\n<div class=\"pointer-events-none h-px w-px absolute bottom-0\" aria-hidden=\"true\" data-edge=\"true\"><\/div>\n","protected":false},"featured_media":6355,"comment_status":"closed","ping_status":"closed","template":"","meta":{"_uf_show_specific_survey":0,"_uf_disable_surveys":false},"pwb-brand":[83],"product_brand":[],"product_cat":[21],"product_tag":[176,369,121,114,123,119,165],"class_list":{"0":"post-6347","1":"product","2":"type-product","3":"status-publish","4":"has-post-thumbnail","6":"pwb-brand-franklin-barbecue","7":"product_cat-maitseainesegud","8":"product_tag-brisket","9":"product_tag-franklin-bbq","10":"product_tag-koogiviljad","11":"product_tag-sealiha","12":"product_tag-steik","13":"product_tag-veiseliha","14":"product_tag-veiseribi","16":"first","17":"instock","18":"taxable","19":"shipping-taxable","20":"purchasable","21":"product-type-simple"},"brands":[{"id":83,"name":"\u0424\u0440\u0430\u043d\u043a\u043b\u0438\u043d \u0411\u0430\u0440\u0431\u0435\u043a\u044e","slug":"franklin-barbecue"}],"_links":{"self":[{"href":"https:\/\/tammetorubbq.ee\/ru\/wp-json\/wp\/v2\/product\/6347","targetHints":{"allow":["GET"]}}],"collection":[{"href":"https:\/\/tammetorubbq.ee\/ru\/wp-json\/wp\/v2\/product"}],"about":[{"href":"https:\/\/tammetorubbq.ee\/ru\/wp-json\/wp\/v2\/types\/product"}],"replies":[{"embeddable":true,"href":"https:\/\/tammetorubbq.ee\/ru\/wp-json\/wp\/v2\/comments?post=6347"}],"wp:featuredmedia":[{"embeddable":true,"href":"https:\/\/tammetorubbq.ee\/ru\/wp-json\/wp\/v2\/media\/6355"}],"wp:attachment":[{"href":"https:\/\/tammetorubbq.ee\/ru\/wp-json\/wp\/v2\/media?parent=6347"}],"wp:term":[{"taxonomy":"pwb-brand","embeddable":true,"href":"https:\/\/tammetorubbq.ee\/ru\/wp-json\/wp\/v2\/pwb-brand?post=6347"},{"taxonomy":"product_brand","embeddable":true,"href":"https:\/\/tammetorubbq.ee\/ru\/wp-json\/wp\/v2\/product_brand?post=6347"},{"taxonomy":"product_cat","embeddable":true,"href":"https:\/\/tammetorubbq.ee\/ru\/wp-json\/wp\/v2\/product_cat?post=6347"},{"taxonomy":"product_tag","embeddable":true,"href":"https:\/\/tammetorubbq.ee\/ru\/wp-json\/wp\/v2\/product_tag?post=6347"}],"curies":[{"name":"wp","href":"https:\/\/api.w.org\/{rel}","templated":true}]}}