{"id":6397,"date":"2026-04-02T10:43:48","date_gmt":"2026-04-02T07:43:48","guid":{"rendered":"https:\/\/tammetorubbq.ee\/?post_type=product&#038;p=6397"},"modified":"2026-04-15T02:00:16","modified_gmt":"2026-04-14T23:00:16","slug":"heath-riles-hot-bbq-rub-370g","status":"publish","type":"product","link":"https:\/\/tammetorubbq.ee\/ru\/product-2\/heath-riles-hot-bbq-rub-370g\/","title":{"rendered":"Heath Riles Hot BBQ Rub 370g"},"content":{"rendered":"<p><strong data-start=\"116\" data-end=\"132\">\u0418\u043d\u0433\u0440\u0435\u0434\u0438\u0435\u043d\u0442\u044b:<\/strong> sool, suhkur, maitseained, pruunsuhkur, paprika, k\u00fc\u00fcslaugupulber, kuivatatud sibul, paprika oleoresiin ja v\u00e4hem kui 2% trikaltsiumfosfaati (kokkukleepumise v\u00e4ltimiseks).<\/p>\n<p><strong>Toitumisalane teave (100 g kohta)<\/strong><\/p>\n<table>\n<thead>\n<tr>\n<th>Toitev\u00e4\u00e4rtus<\/th>\n<th>100 g kohta<\/th>\n<\/tr>\n<\/thead>\n<tbody>\n<tr>\n<td>Energiat<\/td>\n<td>1046 kJ \/ 250 kcal<\/td>\n<\/tr>\n<tr>\n<td>Rasvad<\/td>\n<td>0 g<\/td>\n<\/tr>\n<tr>\n<td>\u2013 millest k\u00fcllastunud rasvhapped<\/td>\n<td>0 g<\/td>\n<\/tr>\n<tr>\n<td>S\u00fcsivesikud<\/td>\n<td>50 g<\/td>\n<\/tr>\n<tr>\n<td>\u2013 millest suhkrud<\/td>\n<td>50 g<\/td>\n<\/tr>\n<tr>\n<td>Valgud<\/td>\n<td>0 g<\/td>\n<\/tr>\n<tr>\n<td>Sool<\/td>\n<td>0,875 g<\/td>\n<\/tr>\n<\/tbody>\n<\/table>","protected":false},"excerpt":{"rendered":"<p data-start=\"151\" data-end=\"408\">Heath Riles Hot BBQ Rub on tulise iseloomuga BBQ\u2011segu, mis \u00fchendab t\u00e4idlase magususe, tugeva v\u00fcrtsika &#8220;kick`i&#8221; ja s\u00fcgava paprika\u2011k\u00fc\u00fcslaugu maitse. Rub on loodud t\u00f5elistele BBQ entusiastidele, kes soovivad oma roogasid t\u00e4iustada julge ja s\u00e4rtsaka maitsega.<\/p>\n<p data-start=\"410\" data-end=\"697\">See segu annab <strong>ribidele, seakaelale, kanatiibadele ja kogu BBQ\u2011maailmale<\/strong> \u00f5ige &#8220;kick\u2018i&#8221;, muutes maitse elavamaks ning lihale kauni karamellise pinna. Segu on tasakaalus \u2013 v\u00fcrtsikas, kuid maitset s\u00e4ilitades \u2013 sobides neile, kes soovivad toidule s\u00e4rtsu, mitte p\u00f5letavat tulisust.<\/p>\n<p data-start=\"699\" data-end=\"875\">Hot BBQ Rub sobib \u00fchtviisi h\u00e4sti grillile, ahju v\u00f5i suitsuahju. See loob lihale julge iseloomu, t\u00e4iustab maitseprofiili ja muudab igast roast n\u00fcansirikka ning p\u00f5neva elamuse.<\/p>\n<p data-start=\"699\" data-end=\"875\">\n<p data-start=\"699\" data-end=\"875\"><img loading=\"lazy\" decoding=\"async\" class=\"\" src=\"https:\/\/tammetorubbq.ee\/wp-content\/uploads\/2024\/02\/Heath-Riles-Logo-SQ-300x300.png\" width=\"167\" height=\"167\" \/><\/p>","protected":false},"featured_media":6400,"comment_status":"closed","ping_status":"closed","template":"","meta":{"_uf_show_specific_survey":0,"_uf_disable_surveys":false},"pwb-brand":[84],"product_brand":[],"product_cat":[21],"product_tag":[347,118,159,114,122],"class_list":{"0":"post-6397","1":"product","2":"type-product","3":"status-publish","4":"has-post-thumbnail","6":"pwb-brand-heath-riles","7":"product_cat-maitseainesegud","8":"product_tag-heath-riles","9":"product_tag-kanaliha","10":"product_tag-kanatiivad","11":"product_tag-sealiha","12":"product_tag-searibi","14":"first","15":"instock","16":"taxable","17":"shipping-taxable","18":"purchasable","19":"product-type-simple"},"brands":[{"id":84,"name":"\u0425\u0438\u0442 \u0420\u0430\u0439\u043b\u0441","slug":"heath-riles"}],"_links":{"self":[{"href":"https:\/\/tammetorubbq.ee\/ru\/wp-json\/wp\/v2\/product\/6397","targetHints":{"allow":["GET"]}}],"collection":[{"href":"https:\/\/tammetorubbq.ee\/ru\/wp-json\/wp\/v2\/product"}],"about":[{"href":"https:\/\/tammetorubbq.ee\/ru\/wp-json\/wp\/v2\/types\/product"}],"replies":[{"embeddable":true,"href":"https:\/\/tammetorubbq.ee\/ru\/wp-json\/wp\/v2\/comments?post=6397"}],"wp:featuredmedia":[{"embeddable":true,"href":"https:\/\/tammetorubbq.ee\/ru\/wp-json\/wp\/v2\/media\/6400"}],"wp:attachment":[{"href":"https:\/\/tammetorubbq.ee\/ru\/wp-json\/wp\/v2\/media?parent=6397"}],"wp:term":[{"taxonomy":"pwb-brand","embeddable":true,"href":"https:\/\/tammetorubbq.ee\/ru\/wp-json\/wp\/v2\/pwb-brand?post=6397"},{"taxonomy":"product_brand","embeddable":true,"href":"https:\/\/tammetorubbq.ee\/ru\/wp-json\/wp\/v2\/product_brand?post=6397"},{"taxonomy":"product_cat","embeddable":true,"href":"https:\/\/tammetorubbq.ee\/ru\/wp-json\/wp\/v2\/product_cat?post=6397"},{"taxonomy":"product_tag","embeddable":true,"href":"https:\/\/tammetorubbq.ee\/ru\/wp-json\/wp\/v2\/product_tag?post=6397"}],"curies":[{"name":"wp","href":"https:\/\/api.w.org\/{rel}","templated":true}]}}