{"id":6576,"date":"2026-04-12T10:01:59","date_gmt":"2026-04-12T07:01:59","guid":{"rendered":"https:\/\/tammetorubbq.ee\/?post_type=product&#038;p=6576"},"modified":"2026-04-15T02:00:09","modified_gmt":"2026-04-14T23:00:09","slug":"kamado-joe-classic-i-koos-ilmastikukindla-grillikattega","status":"publish","type":"product","link":"https:\/\/tammetorubbq.ee\/ru\/product-2\/kamado-joe-classic-i-koos-ilmastikukindla-grillikattega\/","title":{"rendered":"Kamado Joe Classic I koos ilmastikukindla grillikattega"},"content":{"rendered":"<p>\u041a\u0435\u0440\u0430\u043c\u0438\u0447\u0435\u0441\u043a\u0438\u0439 \u0433\u0440\u0438\u043b\u044c Kamado Joe \u0438\u0434\u0435\u0430\u043b\u044c\u043d\u043e\u0433\u043e \u0440\u0430\u0437\u043c\u0435\u0440\u0430 \u0434\u043b\u044f \u043f\u0440\u0438\u0433\u043e\u0442\u043e\u0432\u043b\u0435\u043d\u0438\u044f \u0433\u0440\u0438\u043b\u044f \u043d\u0430 \u0437\u0430\u0434\u043d\u0435\u043c \u0434\u0432\u043e\u0440\u0435 \u043d\u0430 \u0441\u043b\u0430\u0431\u043e\u043c \u0438 \u0441\u0438\u043b\u044c\u043d\u043e\u043c \u043e\u0433\u043d\u0435, \u0430 \u0442\u0430\u043a\u0436\u0435 \u0434\u043b\u044f \u043a\u043e\u043f\u0447\u0435\u043d\u0438\u044f. \u0413\u0440\u0438\u043b\u044c \u0438\u043c\u0435\u0435\u0442 \u0442\u043e\u043b\u0441\u0442\u043e\u0441\u0442\u0435\u043d\u043d\u044b\u0439 \u0436\u0430\u0440\u043e\u043f\u0440\u043e\u0447\u043d\u044b\u0439 \u043a\u0435\u0440\u0430\u043c\u0438\u0447\u0435\u0441\u043a\u0438\u0439 \u043a\u043e\u0440\u043f\u0443\u0441, \u043a\u043e\u0442\u043e\u0440\u044b\u0439 \u0443\u0434\u0435\u0440\u0436\u0438\u0432\u0430\u0435\u0442 \u0434\u044b\u043c \u0438 \u0432\u043b\u0430\u0433\u0443 \u043f\u0440\u0438 \u043b\u044e\u0431\u043e\u0439 \u0442\u0435\u043c\u043f\u0435\u0440\u0430\u0442\u0443\u0440\u0435. \u0420\u0435\u0448\u0435\u0442\u043a\u0430 \u0434\u043b\u044f \u043f\u0440\u0438\u0433\u043e\u0442\u043e\u0432\u043b\u0435\u043d\u0438\u044f \u043f\u0438\u0449\u0438 \u0438\u0437\u0433\u043e\u0442\u043e\u0432\u043b\u0435\u043d\u0430 \u0438\u0437 \u0432\u044b\u0441\u043e\u043a\u043e\u043a\u0430\u0447\u0435\u0441\u0442\u0432\u0435\u043d\u043d\u043e\u0439 \u043d\u0435\u0440\u0436\u0430\u0432\u0435\u044e\u0449\u0435\u0439 \u0441\u0442\u0430\u043b\u0438 \u043c\u0430\u0440\u043a\u0438 304. \u0412 \u0441\u0442\u0430\u043d\u0434\u0430\u0440\u0442\u043d\u0443\u044e \u043a\u043e\u043c\u043f\u043b\u0435\u043a\u0442\u0430\u0446\u0438\u044e Classic I \u0442\u0430\u043a\u0436\u0435 \u0432\u0445\u043e\u0434\u0438\u0442 \u043c\u043d\u043e\u0433\u043e\u043f\u0430\u043d\u0435\u043b\u044c\u043d\u0430\u044f \u043a\u0435\u0440\u0430\u043c\u0438\u0447\u0435\u0441\u043a\u0430\u044f \u0442\u043e\u043f\u043a\u0430 AMP, \u043d\u0430\u0434\u0435\u0436\u043d\u0430\u044f \u0440\u0430\u043c\u0430-\u043e\u0441\u043d\u043e\u0432\u0430\u043d\u0438\u0435 \u0438\u0437 \u043e\u0446\u0438\u043d\u043a\u043e\u0432\u0430\u043d\u043d\u043e\u0439 \u0441\u0442\u0430\u043b\u0438 \u043d\u0430 \u043a\u043e\u043b\u0435\u0441\u0438\u043a\u0430\u0445 \u0438 \u0437\u0430\u043f\u0430\u0442\u0435\u043d\u0442\u043e\u0432\u0430\u043d\u043d\u044b\u0439 \u0432\u044b\u0434\u0432\u0438\u0436\u043d\u043e\u0439 \u0437\u043e\u043b\u044c\u043d\u0438\u043a \u0434\u043b\u044f \u043b\u0435\u0433\u043a\u043e\u0439 \u043e\u0447\u0438\u0441\u0442\u043a\u0438 \u0433\u0440\u0438\u043b\u044f. \u0421 2020 \u0433\u043e\u0434\u0430 \u043c\u043e\u0434\u0435\u043b\u044c Classic I \u0431\u0443\u0434\u0435\u0442 \u0442\u0430\u043a\u0436\u0435 \u043e\u0441\u043d\u0430\u0449\u0430\u0442\u044c\u0441\u044f \u0433\u0438\u0431\u043a\u043e\u0439 \u0441\u0438\u0441\u0442\u0435\u043c\u043e\u0439 \u043f\u0440\u0438\u0433\u043e\u0442\u043e\u0432\u043b\u0435\u043d\u0438\u044f \"\u0420\u0430\u0437\u0434\u0435\u043b\u044f\u0439 \u0438 \u0432\u043b\u0430\u0441\u0442\u0432\u0443\u0439\u00ae\".<\/p>\n<p><strong>Kamado Joe Classic I komplekti kuulub<\/strong><\/p>\n<ul>\n<li>\u041a\u0435\u0440\u0430\u043c\u0438\u0447\u0435\u0441\u043a\u0438\u0439 \u0433\u0440\u0438\u043b\u044c 18\" (46 \u0441\u043c) \u0441 \u0440\u0430\u043c\u043e\u0439 \u0438\u0437 \u043e\u0446\u0438\u043d\u043a\u043e\u0432\u0430\u043d\u043d\u043e\u0439 \u0441\u0442\u0430\u043b\u0438 \u0438 \u0431\u043b\u043e\u043a\u0438\u0440\u0443\u0435\u043c\u044b\u043c\u0438 \u043a\u043e\u043b\u0435\u0441\u0430\u043c\u0438.<\/li>\n<li>\u0421\u043a\u043b\u0430\u0434\u043d\u044b\u0435 \u0431\u043e\u043a\u043e\u0432\u044b\u0435 \u043f\u043e\u043b\u043a\u0438 \u0438 \u0440\u0443\u0447\u043a\u0430 \u0438\u0437 \u043f\u043e\u043b\u0438\u0443\u0440\u0435\u0442\u0430\u043d\u0430 \u0432\u044b\u0441\u043e\u043a\u043e\u0439 \u043f\u043b\u043e\u0442\u043d\u043e\u0441\u0442\u0438.<\/li>\n<li>\u0422\u0440\u0435\u0445\u0443\u0440\u043e\u0432\u043d\u0435\u0432\u0430\u044f \u0441\u0438\u0441\u0442\u0435\u043c\u0430 \"Divide &amp; Conquer\u00ae\" \u0434\u043b\u044f \u0433\u0438\u0431\u043a\u043e\u0433\u043e \u043f\u0440\u0438\u0433\u043e\u0442\u043e\u0432\u043b\u0435\u043d\u0438\u044f, \u0442.\u0435. \u0432\u043a\u043b\u044e\u0447\u0430\u0435\u0442 \u0432 \u0441\u0435\u0431\u044f 2-\u0441\u0435\u043a\u0446\u0438\u043e\u043d\u043d\u044b\u0439 \u043f\u043e\u043b\u0443\u043b\u0443\u043d\u043d\u044b\u0439 \u043a\u0435\u0440\u0430\u043c\u0438\u0447\u0435\u0441\u043a\u0438\u0439 \u0434\u0435\u0444\u043b\u0435\u043a\u0442\u043e\u0440 (\u0440\u0430\u0441\u043f\u0440\u0435\u0434\u0435\u043b\u0438\u0442\u0435\u043b\u044c \u0442\u0435\u043f\u043b\u0430) \u0438 2-\u0441\u0435\u043a\u0446\u0438\u043e\u043d\u043d\u044b\u0435 \u043f\u043e\u043b\u0443\u043b\u0443\u043d\u043d\u044b\u0435 \u0440\u0435\u0448\u0435\u0442\u043a\u0438 \u0438\u0437 \u043d\u0435\u0440\u0436\u0430\u0432\u0435\u044e\u0449\u0435\u0439 \u0441\u0442\u0430\u043b\u0438 (304) (\u0434\u0438\u0430\u043c\u0435\u0442\u0440 46 \u0441\u043c) - \u0434\u043e\u043f\u043e\u043b\u043d\u0438\u0442\u0435\u043b\u044c\u043d\u044b\u0435 \u0440\u0435\u0448\u0435\u0442\u043a\u0438 \u043c\u043e\u0436\u043d\u043e \u043f\u0440\u0438\u043e\u0431\u0440\u0435\u0441\u0442\u0438 \u0434\u043e\u043f\u043e\u043b\u043d\u0438\u0442\u0435\u043b\u044c\u043d\u043e.<\/li>\n<li>\u0417\u0430\u043f\u0430\u0442\u0435\u043d\u0442\u043e\u0432\u0430\u043d\u043d\u0430\u044f \u0432\u044b\u0434\u0432\u0438\u0436\u043d\u0430\u044f \u043f\u0435\u043f\u0435\u043b\u044c\u043d\u0438\u0446\u0430 \u0438\u0437 \u043d\u0435\u0440\u0436\u0430\u0432\u0435\u044e\u0449\u0435\u0439 \u0441\u0442\u0430\u043b\u0438 (304) \u043e\u0431\u043b\u0435\u0433\u0447\u0430\u0435\u0442 \u043e\u0447\u0438\u0441\u0442\u043a\u0443 \u0433\u0440\u0438\u043b\u044f.<\/li>\n<li>\u0412\u0441\u0442\u0440\u043e\u0435\u043d\u043d\u044b\u0439 \u0442\u0435\u0440\u043c\u043e\u043c\u0435\u0442\u0440.<\/li>\n<li>\u041c\u043d\u043e\u0433\u043e\u043f\u0430\u043d\u0435\u043b\u044c\u043d\u0430\u044f \u0442\u043e\u043f\u043a\u0430 AMP (\u043f\u044f\u0442\u0438\u043a\u043e\u043c\u043f\u043e\u043d\u0435\u043d\u0442\u043d\u0430\u044f, \u043d\u0435\u0440\u0430\u0437\u0440\u0443\u0448\u0430\u0435\u043c\u0430\u044f).<\/li>\n<li>\u0421\u0442\u043e\u0439\u043a\u0430 \u0434\u043b\u044f \u0430\u043a\u0441\u0435\u0441\u0441\u0443\u0430\u0440\u043e\u0432 \u0438\u0437 \u043d\u0435\u0440\u0436\u0430\u0432\u0435\u044e\u0449\u0435\u0439 \u0441\u0442\u0430\u043b\u0438 \"Accessory Rack\".<\/li>\n<li>\u041f\u043e\u0434\u044a\u0435\u043c\u043d\u044b\u0435 \u043f\u043b\u0430\u043d\u043a\u0438 \u0434\u043b\u044f \u0440\u0435\u0448\u0435\u0442\u043a\u0438 \u0433\u0440\u0438\u043b\u044f.<\/li>\n<\/ul>\n<p>\u041f\u0420\u0418\u041c\u0415\u0427\u0410\u041d\u0418\u0415: \u041d\u0430 \u043a\u0435\u0440\u0430\u043c\u0438\u0447\u0435\u0441\u043a\u0438\u0435 \u0434\u0435\u0442\u0430\u043b\u0438 Kamado Joe \u0440\u0430\u0441\u043f\u0440\u043e\u0441\u0442\u0440\u0430\u043d\u044f\u0435\u0442\u0441\u044f \u043e\u0433\u0440\u0430\u043d\u0438\u0447\u0435\u043d\u043d\u0430\u044f \u043f\u043e\u0436\u0438\u0437\u043d\u0435\u043d\u043d\u0430\u044f \u0433\u0430\u0440\u0430\u043d\u0442\u0438\u044f (\u0443\u0441\u043b\u043e\u0432\u0438\u044f \u0433\u0430\u0440\u0430\u043d\u0442\u0438\u0438:\u00a0<a href=\"https:\/\/tammetorubbq.ee\/wp-content\/uploads\/2023\/12\/Kamado_Joe_garantii-1.docx\" target=\"_blank\" rel=\"noopener\">\u0441\u043c. \u0437\u0434\u0435\u0441\u044c<\/a>); \u0432\u043a\u043b\u044e\u0447\u0430\u044f \u043a\u0435\u0440\u0430\u043c\u0438\u0447\u0435\u0441\u043a\u0443\u044e \u043f\u043b\u0438\u0442\u043a\u0443, \u0442\u0435\u043f\u043b\u043e\u043e\u0442\u0440\u0430\u0436\u0430\u0442\u0435\u043b\u0438 \u0438 \u0443\u043f\u043b\u043e\u0442\u043d\u0438\u0442\u0435\u043b\u044c\u043d\u044b\u0435 \u043f\u043b\u0438\u0442\u043a\u0438 - 3 \u0433\u043e\u0434\u0430; \u043c\u0435\u0442\u0430\u043b\u043b \u0438 \u0447\u0443\u0433\u0443\u043d - 5 \u043b\u0435\u0442; \u0442\u0435\u0440\u043c\u043e\u043c\u0435\u0442\u0440 \u0438 \u043f\u0440\u043e\u043a\u043b\u0430\u0434\u043a\u0438 - 1 \u0433\u043e\u0434.<\/p>\n<p>&nbsp;<\/p>\n<p><strong>\u0422\u0435\u0445\u043d\u0438\u0447\u0435\u0441\u043a\u0430\u044f \u0438\u043d\u0444\u043e\u0440\u043c\u0430\u0446\u0438\u044f<\/strong><\/p>\n<p>CAL 90 \u043a\u0433<\/p>\n<p>\u0420\u0410\u0417\u041c\u0415\u0420\u042b \u0423\u041f\u0410\u041a\u041e\u0412\u041a\u0418 75 \u00d7 75 \u00d7 88 \u0441\u043c<\/p>\n<p>\u0413\u0430\u0431\u0430\u0440\u0438\u0442\u043d\u044b\u0435 \u0440\u0430\u0437\u043c\u0435\u0440\u044b 118 (\u0434) x 121 (\u0432) x 71 (\u0448) \u0441\u043c<\/p>\n<p>\u041f\u043b\u043e\u0449\u0430\u0434\u044c \u00d8 1646 \u0441\u043c\u00b2<\/p>\n<p>\u0414\u0418\u0410\u041f\u0410\u0417\u041e\u041d \u0422\u0415\u041c\u041f\u0415\u0420\u0410\u0422\u0423\u0420 82\u00b0C - 399\u00b0C<\/p>\n<p>\u041f\u0420\u041e\u0414\u0423\u041a\u0422 \u041a\u0430\u043c\u0430\u0434\u043e \u0414\u0436\u043e<\/p>\n<p>&nbsp;<\/p>\n<p><strong>Garantii<\/strong>\u00a0\u2013 Kamado Joe keraamilistele osadele kehtib piiratud eluaegne garantii (garantiitingimused:\u00a0<strong><a href=\"https:\/\/tammetorubbq.ee\/wp-content\/uploads\/2026\/02\/Kamado_Joe_garantii.pdf\">\u0441\u043c. \u0437\u0434\u0435\u0441\u044c<\/a><\/strong>); \u0432\u043a\u043b\u044e\u0447\u0430\u044f \u043a\u0435\u0440\u0430\u043c\u0438\u0447\u0435\u0441\u043a\u0443\u044e \u043f\u043b\u0438\u0442\u043a\u0443, \u0442\u0435\u043f\u043b\u043e\u043e\u0442\u0440\u0430\u0436\u0430\u0442\u0435\u043b\u0438 \u0438 \u0443\u043f\u043b\u043e\u0442\u043d\u0438\u0442\u0435\u043b\u044c\u043d\u044b\u0435 \u043f\u043b\u0438\u0442\u043a\u0438 - 3 \u0433\u043e\u0434\u0430; \u043c\u0435\u0442\u0430\u043b\u043b \u0438 \u0447\u0443\u0433\u0443\u043d - 5 \u043b\u0435\u0442; \u0442\u0435\u0440\u043c\u043e\u043c\u0435\u0442\u0440 \u0438 \u043f\u0440\u043e\u043a\u043b\u0430\u0434\u043a\u0438 - 1 \u0433\u043e\u0434.<\/p>","protected":false},"excerpt":{"rendered":"<h5>S\u00e4\u00e4stlik ja ideaalne komplekt aastaringseks grillimiseks<\/h5>\n<p>Avasta t\u00e4iuslik grillimiskogemus komplektiga, mis \u00fchendab endas legendaarse Kamado Joe kvaliteedi ja praktilise kaitse igasuguste ilmastikuolude vastu. See pakkumine sisaldab <strong data-start=\"364\" data-end=\"410\">Kamado Joe Classic I keraamilist grillahju<\/strong> ning spetsiaalselt sobivat <strong data-start=\"438\" data-end=\"470\">ilmastikukindlat grillikatet<\/strong> \u2013 k\u00f5ik, mida vajad, et alustada kohe ja grillida muretult aastaringselt.<\/p>\n<h5 data-start=\"1527\" data-end=\"1560\"><strong>Miks valida see komplekt?<\/strong><\/h5>\n<ul data-start=\"1561\" data-end=\"1773\">\n<li data-section-id=\"g52hbi\" data-start=\"1561\" data-end=\"1590\">S\u00e4\u00e4stad ostes komplektina<\/li>\n<li data-section-id=\"1wb4nt7\" data-start=\"1591\" data-end=\"1657\">Grill on kohe kaitstud \u2013 ei vaja eraldi lisatarvikute otsimist<\/li>\n<li data-section-id=\"1ll3enp\" data-start=\"1658\" data-end=\"1720\">Ideaalne lahendus Eesti muutlike ilmastikutingimuste jaoks<\/li>\n<li data-section-id=\"1hzfx2\" data-start=\"1721\" data-end=\"1773\">Sobib nii algajale kui ka kogenud grillmeistrile<\/li>\n<\/ul>\n<h5 data-start=\"545\" data-end=\"608\"><strong><a href=\"https:\/\/tammetorubbq.ee\/ru\/product-2\/%d0%ba%d0%b0%d0%bc%d0%b0%d0%b4%d0%be-%d0%b4%d0%b6%d0%be-%d0%ba%d0%bb%d0%b0%d1%81%d1%81%d0%b8%d0%ba-i\/\">Kamado Joe Classic I<\/a> \u2013 mitmek\u00fclgne keraamiline grillahi<\/strong><\/h5>\n<p data-start=\"609\" data-end=\"826\">Kamado Joe Classic I on tuntud oma suurep\u00e4rase soojapidavuse ja t\u00e4pse temperatuuri kontrolli poolest. T\u00e4nu kvaliteetsele keraamikale saad grillida, suitsutada, k\u00fcpsetada ja isegi valmistada pitsat \u2013 k\u00f5ik \u00fches seadmes.<\/p>\n<ul>\n<li data-section-id=\"1iqda9j\" data-start=\"851\" data-end=\"917\">Kvaliteetne paks keraamiline korpus hoiab \u00fchtlast temperatuuri<\/li>\n<li data-section-id=\"l53q71\" data-start=\"918\" data-end=\"979\">T\u00e4pne \u00f5huvoolu reguleerimine lihtsaks kuumuse kontrolliks<\/li>\n<li data-section-id=\"1hhiiid\" data-start=\"980\" data-end=\"1043\">Ruumikas grillpind perele ja s\u00f5pradele toidu valmistamiseks<\/li>\n<li data-section-id=\"1m3pqqf\" data-start=\"1044\" data-end=\"1110\">Sobib nii aeglaseks suitsutamiseks kui ka kiireks grillimiseks<\/li>\n<\/ul>\n<h5 data-start=\"1112\" data-end=\"1177\"><strong><a href=\"https:\/\/tammetorubbq.ee\/ru\/product-2\/kamado-joe-classic-ilmastikukindel-grillikate\/\">Ilmastikukindel grillikate<\/a> \u2013 kaitse sinu investeeringule<\/strong><\/h5>\n<p data-start=\"1178\" data-end=\"1328\">Komplekti kuuluv vastupidav grillikate on loodud spetsiaalselt Kamado Joe Classic mudelile, pakkudes kaitset vihma, lume, UV-kiirguse ja mustuse eest.<\/p>\n<ul>\n<li data-section-id=\"hed4lm\" data-start=\"1358\" data-end=\"1391\">Veekindel ja UV-kindel kangas<\/li>\n<li data-section-id=\"v430y4\" data-start=\"1392\" data-end=\"1441\">Hingav materjal, mis v\u00e4hendab kondensatsiooni<\/li>\n<li data-section-id=\"1s7lg1\" data-start=\"1442\" data-end=\"1489\">T\u00e4pne sobivus Kamado Joe Classic I mudelile<\/li>\n<li data-section-id=\"m4ag7w\" data-start=\"1490\" data-end=\"1525\">Lihtne peale panna ja eemaldada<\/li>\n<\/ul>\n<p><strong data-start=\"1780\" data-end=\"1809\">Tammet\u00f5ruBBQ.ee soovitus:<\/strong> Kui otsid t\u00f6\u00f6kindlat ja mitmek\u00fclgset grilllahendust, mis kestab aastaid ja pakub suurep\u00e4rast maitset igal hooajal, on see komplekt kindel valik.<\/p>\n<p><strong>Oleme tootja Kamado Joe ametlik esindaja, edasim\u00fc\u00fcja Eestis!<\/strong><\/p>\n<p><img loading=\"lazy\" decoding=\"async\" class=\"wp-image-1531\" src=\"http:\/\/tammetorubbq.ee\/wp-content\/uploads\/2024\/03\/kamado-joe-logo-300x40.webp\" alt=\"\u041b\u043e\u0433\u043e\u0442\u0438\u043f Kamado Joe\" width=\"180\" height=\"24\" srcset=\"https:\/\/tammetorubbq.ee\/wp-content\/uploads\/2024\/03\/kamado-joe-logo-300x40.webp 300w, https:\/\/tammetorubbq.ee\/wp-content\/uploads\/2024\/03\/kamado-joe-logo-768x104.webp 768w, https:\/\/tammetorubbq.ee\/wp-content\/uploads\/2024\/03\/kamado-joe-logo-18x2.webp 18w, https:\/\/tammetorubbq.ee\/wp-content\/uploads\/2024\/03\/kamado-joe-logo-600x81.webp 600w, https:\/\/tammetorubbq.ee\/wp-content\/uploads\/2024\/03\/kamado-joe-logo-64x9.webp 64w, https:\/\/tammetorubbq.ee\/wp-content\/uploads\/2024\/03\/kamado-joe-logo.webp 1024w\" sizes=\"auto, (max-width: 180px) 100vw, 180px\" \/><\/p>\n<p><a href=\"https:\/\/tammetorubbq.ee\/ru\/%d0%b7%d0%b0%d0%bf%d0%bb%d0%b0%d1%82%d0%b8%d1%82%d1%8c-%d0%bf%d0%be%d0%b7%d0%b6%d0%b5\/\"><strong>\u041a\u0423\u041f\u0418 \u0421\u0415\u0419\u0427\u0410\u0421, \u0417\u0410\u041f\u041b\u0410\u0422\u0418 \u041f\u041e\u0422\u041e\u041c<\/strong><\/a>\u00a0- \u0431\u0435\u0441\u043f\u0440\u043e\u0446\u0435\u043d\u0442\u043d\u043e!<\/p>\n<p><img loading=\"lazy\" decoding=\"async\" class=\"alignnone wp-image-2646\" src=\"http:\/\/tammetorubbq.ee\/wp-content\/uploads\/2023\/12\/inbank-wordmark.png\" alt=\"\" width=\"167\" height=\"75\" srcset=\"https:\/\/tammetorubbq.ee\/wp-content\/uploads\/2023\/12\/inbank-wordmark.png 300w, https:\/\/tammetorubbq.ee\/wp-content\/uploads\/2023\/12\/inbank-wordmark-18x8.png 18w, https:\/\/tammetorubbq.ee\/wp-content\/uploads\/2023\/12\/inbank-wordmark-64x29.png 64w\" sizes=\"auto, (max-width: 167px) 100vw, 167px\" \/><\/p>\n<p>\u041c\u044b \u0442\u0430\u043a\u0436\u0435 \u043f\u0440\u0435\u0434\u043b\u0430\u0433\u0430\u0435\u043c \u0432\u043e\u0437\u043c\u043e\u0436\u043d\u043e\u0441\u0442\u044c \u043e\u043f\u043b\u0430\u0442\u0438\u0442\u044c \u0442\u043e\u0432\u0430\u0440 \u043f\u043e\u0437\u0436\u0435 - \u043e\u0434\u043d\u0438\u043c, \u0434\u0432\u0443\u043c\u044f \u0438\u043b\u0438 \u0442\u0440\u0435\u043c\u044f \u0440\u0430\u0432\u043d\u044b\u043c\u0438 \u043f\u043b\u0430\u0442\u0435\u0436\u0430\u043c\u0438 \u0431\u0435\u0437 \u043a\u0430\u043a\u0438\u0445-\u043b\u0438\u0431\u043e \u043f\u0440\u043e\u0446\u0435\u043d\u0442\u043e\u0432 \u0438\u043b\u0438 \u043d\u0430\u0434\u0431\u0430\u0432\u043e\u043a.<\/p>\n<p>\u0412 \u043d\u0430\u0448\u0435\u0439 \u043a\u043e\u0440\u0437\u0438\u043d\u0435 \u0432\u044b \u043c\u043e\u0436\u0435\u0442\u0435 \u0432\u044b\u0431\u0440\u0430\u0442\u044c \u0440\u0430\u0437\u043b\u0438\u0447\u043d\u044b\u0435 \u0432\u0430\u0440\u0438\u0430\u043d\u0442\u044b \u043e\u043f\u043b\u0430\u0442\u044b.<\/p>","protected":false},"featured_media":6580,"comment_status":"closed","ping_status":"closed","template":"","meta":{"_uf_show_specific_survey":0,"_uf_disable_surveys":false},"pwb-brand":[69],"product_brand":[387],"product_cat":[55,53,20],"product_tag":[136,239,126,325,316,323,127,78],"class_list":{"0":"post-6576","1":"product","2":"type-product","3":"status-publish","4":"has-post-thumbnail","6":"pwb-brand-kamado-joe","7":"product_brand-kamado-joe","8":"product_cat-keraamilised-grillid","9":"product_cat-grillid","10":"product_cat-kampaania","11":"product_tag-grillide-lisatarvikud","12":"product_tag-ilmastikukindel-kate","13":"product_tag-kamado-joe","14":"product_tag-kamado-joe-classic","15":"product_tag-kamado-joe-keraamiline-grill","16":"product_tag-kamado-joe-lisatarvikud","17":"product_tag-keraamilised-grillid","18":"product_tag-soegrill","20":"first","21":"instock","22":"sale","23":"taxable","24":"shipping-taxable","25":"purchasable","26":"product-type-simple"},"brands":[{"id":69,"name":"\u041a\u0430\u043c\u0430\u0434\u043e \u0414\u0436\u043e","slug":"%d0%ba%d0%b0%d0%bc%d0%b0%d0%b4%d0%be-%d0%b4%d0%b6%d0%be"}],"_links":{"self":[{"href":"https:\/\/tammetorubbq.ee\/ru\/wp-json\/wp\/v2\/product\/6576","targetHints":{"allow":["GET"]}}],"collection":[{"href":"https:\/\/tammetorubbq.ee\/ru\/wp-json\/wp\/v2\/product"}],"about":[{"href":"https:\/\/tammetorubbq.ee\/ru\/wp-json\/wp\/v2\/types\/product"}],"replies":[{"embeddable":true,"href":"https:\/\/tammetorubbq.ee\/ru\/wp-json\/wp\/v2\/comments?post=6576"}],"wp:featuredmedia":[{"embeddable":true,"href":"https:\/\/tammetorubbq.ee\/ru\/wp-json\/wp\/v2\/media\/6580"}],"wp:attachment":[{"href":"https:\/\/tammetorubbq.ee\/ru\/wp-json\/wp\/v2\/media?parent=6576"}],"wp:term":[{"taxonomy":"pwb-brand","embeddable":true,"href":"https:\/\/tammetorubbq.ee\/ru\/wp-json\/wp\/v2\/pwb-brand?post=6576"},{"taxonomy":"product_brand","embeddable":true,"href":"https:\/\/tammetorubbq.ee\/ru\/wp-json\/wp\/v2\/product_brand?post=6576"},{"taxonomy":"product_cat","embeddable":true,"href":"https:\/\/tammetorubbq.ee\/ru\/wp-json\/wp\/v2\/product_cat?post=6576"},{"taxonomy":"product_tag","embeddable":true,"href":"https:\/\/tammetorubbq.ee\/ru\/wp-json\/wp\/v2\/product_tag?post=6576"}],"curies":[{"name":"wp","href":"https:\/\/api.w.org\/{rel}","templated":true}]}}