{"id":6654,"date":"2026-04-15T11:22:21","date_gmt":"2026-04-15T08:22:21","guid":{"rendered":"https:\/\/tammetorubbq.ee\/?post_type=product&#038;p=6654"},"modified":"2026-04-17T00:00:05","modified_gmt":"2026-04-16T21:00:05","slug":"oaka-bbq-balsamico-salatikaste-370g","status":"publish","type":"product","link":"https:\/\/tammetorubbq.ee\/ru\/product-2\/oaka-bbq-balsamico-salatikaste-370g\/","title":{"rendered":"Oak\u2019a BBQ balsamico salatikaste 370g"},"content":{"rendered":"<p data-start=\"95\" data-end=\"339\"><strong data-start=\"95\" data-end=\"111\">\u0418\u043d\u0433\u0440\u0435\u0434\u0438\u0435\u043d\u0442\u044b: <\/strong>vesi, balsami\u00e4\u00e4dikas (24,5%), rapsi\u00f5li, suhkur, valge veini\u00e4\u00e4dikas, sool, k\u00fc\u00fcslaugugraanulid, sibulagranulid, ingver, musta pipra ekstrakt, v\u00fcrtsid, stabilisaatorid (guarkummi, ksantaankummi), s\u00e4ilitusaine (kaaliumsorbaat).<\/p>\n<p data-start=\"341\" data-end=\"497\"><strong data-start=\"341\" data-end=\"357\">S\u00e4ilitamine: <\/strong>Hoida temperatuuril 0 \u00b0C kuni +25 \u00b0C. P\u00e4rast avamist hoida k\u00fclmkapis temperatuuril +2 \u00b0C kuni +6 \u00b0C ning tarbida m\u00f5istliku aja jooksul.<\/p>\n<table>\n<thead>\n<tr>\n<th>Toitaineline info (100 g kohta)<\/th>\n<th>V\u00e4\u00e4rtus<\/th>\n<\/tr>\n<\/thead>\n<tbody>\n<tr>\n<td>Energiav\u00e4\u00e4rtus<\/td>\n<td>764 kJ \/ 182 kcal<\/td>\n<\/tr>\n<tr>\n<td>Rasvad<\/td>\n<td>12,1 g<\/td>\n<\/tr>\n<tr>\n<td>\u2013 millest k\u00fcllastunud rasvhapped<\/td>\n<td>1,79 g<\/td>\n<\/tr>\n<tr>\n<td>S\u00fcsivesikud<\/td>\n<td>17,4 g<\/td>\n<\/tr>\n<tr>\n<td>\u2013 millest suhkrud<\/td>\n<td>16,98 g<\/td>\n<\/tr>\n<tr>\n<td>Valgud<\/td>\n<td>0,51 g<\/td>\n<\/tr>\n<tr>\n<td>Sool<\/td>\n<td>1,8 g<\/td>\n<\/tr>\n<\/tbody>\n<\/table>","protected":false},"excerpt":{"rendered":"<p data-start=\"107\" data-end=\"299\">Oak\u2019a BBQ Balsamico salatikaste on aromaatne kaste, mis on valmistatud balsami\u00e4\u00e4dikast ja hoolikalt tasakaalustatud koostisosadest. See annab salatitele rikkaliku maitse ja meeldiva happesuse.<\/p>\n<p data-start=\"301\" data-end=\"441\">Sobib suurep\u00e4raselt nii igap\u00e4evaste salatite kui ka pidulikumate roogade valmistamiseks, tuues esile v\u00e4rskete k\u00f6\u00f6giviljade loomuliku maitse.<\/p>\n<ul>\n<li data-section-id=\"1p5ojiv\" data-start=\"96\" data-end=\"223\"><strong data-start=\"98\" data-end=\"110\">Salatid:<\/strong> Ideaalne kaste k\u00f6\u00f6givilja-, puuvilja- ja teraviljap\u00f5histele salatitele, lisades rikkaliku ja aromaatse maitse.<\/li>\n<li data-section-id=\"1n34x8i\" data-start=\"225\" data-end=\"351\"><strong data-start=\"227\" data-end=\"242\">Marinaadid:<\/strong> Sobib liha, kala ja k\u00f6\u00f6giviljade marineerimiseks, muutes nende maitse s\u00fcgavamaks ning tekstuuri pehmemaks.<\/li>\n<li data-section-id=\"dhgv1a\" data-start=\"353\" data-end=\"481\"><strong data-start=\"355\" data-end=\"380\">T\u00e4idetud k\u00f6\u00f6giviljad:<\/strong> Lisa kastet t\u00e4idisele, et rikastada paprikate v\u00f5i bakla\u017eaanide maitset ja aroomi k\u00fcpsetamise ajal.<\/li>\n<li data-section-id=\"qt2u3w\" data-start=\"483\" data-end=\"622\"><strong data-start=\"485\" data-end=\"504\">K\u00f6\u00f6giviljaroad:<\/strong> Sobib suurep\u00e4raselt r\u00f6stitud v\u00f5i grillitud k\u00f6\u00f6giviljade k\u00f5rvale, lisades roale \u00f5rna magususe ja meeldiva happesuse.<\/li>\n<\/ul>\n<div class=\"flex flex-col text-sm pb-25\">\n<section class=\"text-token-text-primary w-full focus:outline-none [--shadow-height:45px] has-data-writing-block:pointer-events-none has-data-writing-block:-mt-(--shadow-height) has-data-writing-block:pt-(--shadow-height) [&amp;:has([data-writing-block])&gt;*]:pointer-events-auto scroll-mt-[calc(var(--header-height)+min(200px,max(70px,20svh)))]\" dir=\"auto\" data-turn-id=\"request-WEB:28c81414-927a-48d4-9f94-a86d0e602202-1\" data-testid=\"conversation-turn-4\" data-scroll-anchor=\"true\" data-turn=\"assistant\">\n<div class=\"text-base my-auto mx-auto pb-10 [--thread-content-margin:var(--thread-content-margin-xs,calc(var(--spacing)*4))] @w-sm\/main:[--thread-content-margin:var(--thread-content-margin-sm,calc(var(--spacing)*6))] @w-lg\/main:[--thread-content-margin:var(--thread-content-margin-lg,calc(var(--spacing)*16))] px-(--thread-content-margin)\">\n<div class=\"[--thread-content-max-width:40rem] @w-lg\/main:[--thread-content-max-width:48rem] mx-auto max-w-(--thread-content-max-width) flex-1 group\/turn-messages focus-visible:outline-hidden relative flex w-full min-w-0 flex-col agent-turn\">\n<div class=\"mt-3 w-full empty:hidden\">\n<div class=\"text-center\">\n<p data-start=\"0\" data-end=\"33\"><strong>Traditsioon, kirg ja elustiil<\/strong><\/p>\n<p data-start=\"35\" data-end=\"307\">Oak\u2019A BBQ ei valmista lihtsalt kastmeid ja maitseainesegusid \u2013 nende eesm\u00e4rk on luua julgeid ja unustamatuid BBQ-elamusi. Iga Oak\u2019A BBQ kastmepudel, iga n\u00e4put\u00e4is maitseainesegu ja iga glasuur on k\u00e4sitsi loodud, et viia sinu grillimine t\u00f5elise kulinaarse rituaali tasemele.<\/p>\n<p data-start=\"309\" data-end=\"547\" data-is-last-node=\"\" data-is-only-node=\"\">BBQ on palju enamat kui lihtsalt toit. See on traditsioon, kirg ja viis inimesi kokku tuua. Kogu maailmas hinnatakse BBQ-d selle rikkalike maitsete, aeglaselt k\u00fcpsetatud t\u00e4iuslikkuse ning r\u00f5\u00f5mu p\u00e4rast, mida pakub otse tulelt jagatud eine.<\/p>\n<\/div>\n<\/div>\n<\/div>\n<\/div>\n<\/section>\n<\/div>\n<div class=\"pointer-events-none h-px w-px absolute bottom-0\" aria-hidden=\"true\" data-edge=\"true\"><\/div>\n<p><img loading=\"lazy\" decoding=\"async\" class=\" wp-image-6555\" src=\"https:\/\/tammetorubbq.ee\/wp-content\/uploads\/2026\/04\/Oaka-BBQ-logo-300x250.png\" alt=\"Oak\u2019a BBQ logo\" width=\"147\" height=\"123\" srcset=\"https:\/\/tammetorubbq.ee\/wp-content\/uploads\/2026\/04\/Oaka-BBQ-logo-300x250.png 300w, https:\/\/tammetorubbq.ee\/wp-content\/uploads\/2026\/04\/Oaka-BBQ-logo-1024x853.png 1024w, https:\/\/tammetorubbq.ee\/wp-content\/uploads\/2026\/04\/Oaka-BBQ-logo-768x640.png 768w, https:\/\/tammetorubbq.ee\/wp-content\/uploads\/2026\/04\/Oaka-BBQ-logo-14x12.png 14w, https:\/\/tammetorubbq.ee\/wp-content\/uploads\/2026\/04\/Oaka-BBQ-logo-600x500.png 600w, https:\/\/tammetorubbq.ee\/wp-content\/uploads\/2026\/04\/Oaka-BBQ-logo-64x53.png 64w, https:\/\/tammetorubbq.ee\/wp-content\/uploads\/2026\/04\/Oaka-BBQ-logo.png 1205w\" sizes=\"auto, (max-width: 147px) 100vw, 147px\" \/><\/p>\n","protected":false},"featured_media":6655,"comment_status":"closed","ping_status":"closed","template":"","meta":{"_uf_show_specific_survey":0,"_uf_disable_surveys":false},"pwb-brand":[383],"product_brand":[384],"product_cat":[22],"product_tag":[393,385,386,392],"class_list":{"0":"post-6654","1":"product","2":"type-product","3":"status-publish","4":"has-post-thumbnail","6":"pwb-brand-oaka-bbq","7":"product_brand-oaka-bbq","8":"product_cat-kastmed-ja-marinaadid","9":"product_tag-balsamico","10":"product_tag-oaka-bbq","11":"product_tag-oaka-bbq-kaste","12":"product_tag-salatikaste","14":"first","15":"instock","16":"taxable","17":"shipping-taxable","18":"purchasable","19":"product-type-simple"},"brands":[{"id":383,"name":"Oak\u2019a BBQ","slug":"oaka-bbq"}],"_links":{"self":[{"href":"https:\/\/tammetorubbq.ee\/ru\/wp-json\/wp\/v2\/product\/6654","targetHints":{"allow":["GET"]}}],"collection":[{"href":"https:\/\/tammetorubbq.ee\/ru\/wp-json\/wp\/v2\/product"}],"about":[{"href":"https:\/\/tammetorubbq.ee\/ru\/wp-json\/wp\/v2\/types\/product"}],"replies":[{"embeddable":true,"href":"https:\/\/tammetorubbq.ee\/ru\/wp-json\/wp\/v2\/comments?post=6654"}],"wp:featuredmedia":[{"embeddable":true,"href":"https:\/\/tammetorubbq.ee\/ru\/wp-json\/wp\/v2\/media\/6655"}],"wp:attachment":[{"href":"https:\/\/tammetorubbq.ee\/ru\/wp-json\/wp\/v2\/media?parent=6654"}],"wp:term":[{"taxonomy":"pwb-brand","embeddable":true,"href":"https:\/\/tammetorubbq.ee\/ru\/wp-json\/wp\/v2\/pwb-brand?post=6654"},{"taxonomy":"product_brand","embeddable":true,"href":"https:\/\/tammetorubbq.ee\/ru\/wp-json\/wp\/v2\/product_brand?post=6654"},{"taxonomy":"product_cat","embeddable":true,"href":"https:\/\/tammetorubbq.ee\/ru\/wp-json\/wp\/v2\/product_cat?post=6654"},{"taxonomy":"product_tag","embeddable":true,"href":"https:\/\/tammetorubbq.ee\/ru\/wp-json\/wp\/v2\/product_tag?post=6654"}],"curies":[{"name":"wp","href":"https:\/\/api.w.org\/{rel}","templated":true}]}}