{"id":6738,"date":"2026-04-17T10:14:59","date_gmt":"2026-04-17T07:14:59","guid":{"rendered":"https:\/\/tammetorubbq.ee\/?post_type=product&#038;p=6738"},"modified":"2026-04-19T19:00:01","modified_gmt":"2026-04-19T16:00:01","slug":"grillsymbol-soegrill-chef-xl-silver","status":"publish","type":"product","link":"https:\/\/tammetorubbq.ee\/ru\/product-2\/grillsymbol-soegrill-chef-xl-silver\/","title":{"rendered":"GrillSymbol s\u00f6egrill Chef XL Silver"},"content":{"rendered":"<h5><strong>\u0422\u0435\u0445\u043d\u0438\u0447\u0435\u0441\u043a\u0438\u0435 \u0434\u0430\u043d\u043d\u044b\u0435<\/strong><\/h5>\n<p class=\"isSelectedEnd\">\u2022 M\u00f5\u00f5dud: 151 \u00d7 35 \u00d7 95 cm (laius \u00d7 s\u00fcgavus \u00d7 k\u00f5rgus)<br \/>\n\u2022 Kaal: 70 kg<br \/>\n- <strong>K\u00fcpsetusala: 109 \u00d7 34 cm<\/strong><br \/>\n\u2022 K\u00fcpsetusresti k\u00f5rgus: 80 cm (kaanega 95 cm)<\/p>\n<p class=\"isSelectedEnd\">\u2022 K\u00fcpsetusrestid: 50 \u00d7 33 cm (XL versioonil komplektis 2 tk)<br \/>\n\u2022 Resti valik: ZZG, CG-1, VG, MG v\u00f5i FTG<br \/>\n(m\u00e4rgi eelistus tellimuse lisainfosse; standardis ZZG)<\/p>\n<p class=\"isSelectedEnd\">\u2022 K\u00fcpsetusrest: 5 mm kuumvaltsitud teras<br \/>\n(\u00fche resti kaal 5,3 kg)<br \/>\n\u2022 \u00dche resti mahutavus: ca 1,5\u20132,5 kg liha v\u00f5i grillvorste<\/p>\n<p class=\"isSelectedEnd\">\u2022 K\u00fctus: grills\u00fcsi v\u00f5i brikett<br \/>\n\u2022 2 roostevabast terasest s\u00f6evanni \u2013 lihtne puhastada<br \/>\n\u2022 K\u00fclgedel \u00f5hutusavad tagavad hea \u00f5huvahetuse<\/p>\n<p class=\"isSelectedEnd\">\u2022 Grillvardale s\u00e4lgud k\u00f5igil neljal k\u00fcljel<br \/>\n\u2022 Kaane ventilatsiooniklapp \u00f5hu reguleerimiseks<br \/>\n\u2022 Integreeritud termomeeter (0\u2013300 \u00b0C)<\/p>\n<p>\u2022 Kaas, k\u00fcljed ja alumine riiul: roostevaba teras<br \/>\n\u2022 Tarnitakse osadena<br \/>\n\u2022 Orienteeruv kokkupaneku aeg: ~30 min<\/p>\n<p><strong>NB!<\/strong> Tugevate vihmasadude korral v\u00f5ib kaane ja grilli korpuse vahelistest mikropraostest sattuda grilli sisemusse veidi vett. Sellest ei ole p\u00f5hjust muretseda \u2013 liigne vesi juhitakse grilli p\u00f5hjas oleva \u00f5hutusava kaudu v\u00e4lja ning see ei kahjusta materjali.<\/p>\n<p class=\"isSelectedEnd\">Grilli ei ole soovitatav paigaldada puidust aluspinnale, kuna v\u00e4ikeste avade kaudu v\u00f5ib grillimise k\u00e4igus v\u00e4hesel m\u00e4\u00e4ral tuhka v\u00f5i s\u00e4demeid v\u00e4lja pudeneda.<\/p>\n<p>Kuumuse ja grillimise m\u00f5jul v\u00f5ib roostevabast terasest korpus ajas v\u00e4rvitooni muuta, muutudes kohati kergelt violetseks. See on materjali loomulik omadus ning ei m\u00f5juta grilli kasutusomadusi.<\/p>","protected":false},"excerpt":{"rendered":"<h5>Klassika kohtub t\u00e4nap\u00e4evaga!<\/h5>\n<p class=\"isSelectedEnd\">Ajatu disain, praktilised lahendused ja modernsed materjalid \u2013 just see teeb Chef-XL Silver grillist t\u00f5elise tegija. 2024. aasta mudel on saanud mitmeid uuendusi: parem \u00f5huvahetus, suuremad s\u00f6evannid, mahukas roostevabast terasest riiul ning grillvarraste fikseerimise avad.<\/p>\n<p class=\"isSelectedEnd\">Suur grillimisala v\u00f5imaldab kasutada korraga kahte grillresti v\u00f5i kombineerida resti erineva lisavarustusega \u2013 t\u00e4pselt nii, nagu sulle sobib.<\/p>\n<p class=\"isSelectedEnd\">Materjalide osas pole j\u00e4releandmisi tehtud:<br \/>\n\u2022 3 mm roostevabast terasest korpus hoiab temperatuuri stabiilsena<br \/>\n\u2022 5 mm tugev grillrest tagab parima grillimistulemuse<\/p>\n<p class=\"isSelectedEnd\">Lisaks on grill loodud keskkonda silmas pidades \u2013 jalad ja v\u00e4iksemad detailid on disainitud nii, et nende tootmisel saab kasutada materjalij\u00e4\u00e4ke.<\/p>\n<p>Roostevaba teras peab vastu igas ilmas \u2013 Chef-XL on valmis sind teenima aastaringselt, ka lageda taeva all.<\/p>\n<p>&nbsp;<\/p>\n<p><img loading=\"lazy\" decoding=\"async\" class=\"alignnone size-full wp-image-951\" src=\"https:\/\/tammetorubbq.ee\/wp-content\/uploads\/2023\/11\/GrillSymbol.png\" alt=\"\" width=\"273\" height=\"75\" srcset=\"https:\/\/tammetorubbq.ee\/wp-content\/uploads\/2023\/11\/GrillSymbol.png 273w, https:\/\/tammetorubbq.ee\/wp-content\/uploads\/2023\/11\/GrillSymbol-18x5.png 18w, https:\/\/tammetorubbq.ee\/wp-content\/uploads\/2023\/11\/GrillSymbol-64x18.png 64w\" sizes=\"auto, (max-width: 273px) 100vw, 273px\" \/><\/p>\n<p><a href=\"https:\/\/tammetorubbq.ee\/ru\/%d0%b7%d0%b0%d0%bf%d0%bb%d0%b0%d1%82%d0%b8%d1%82%d1%8c-%d0%bf%d0%be%d0%b7%d0%b6%d0%b5\/\"><strong>\u041a\u0423\u041f\u0418 \u0421\u0415\u0419\u0427\u0410\u0421, \u0417\u0410\u041f\u041b\u0410\u0422\u0418 \u041f\u041e\u0422\u041e\u041c<\/strong><\/a>\u00a0- \u0431\u0435\u0441\u043f\u0440\u043e\u0446\u0435\u043d\u0442\u043d\u043e!<\/p>\n<p><img loading=\"lazy\" decoding=\"async\" class=\"alignnone wp-image-2646\" src=\"http:\/\/tammetorubbq.ee\/wp-content\/uploads\/2023\/12\/inbank-wordmark.png\" alt=\"\" width=\"167\" height=\"75\" srcset=\"https:\/\/tammetorubbq.ee\/wp-content\/uploads\/2023\/12\/inbank-wordmark.png 300w, https:\/\/tammetorubbq.ee\/wp-content\/uploads\/2023\/12\/inbank-wordmark-18x8.png 18w, https:\/\/tammetorubbq.ee\/wp-content\/uploads\/2023\/12\/inbank-wordmark-64x29.png 64w\" sizes=\"auto, (max-width: 167px) 100vw, 167px\" \/><\/p>\n<p>\u041c\u044b \u0442\u0430\u043a\u0436\u0435 \u043f\u0440\u0435\u0434\u043b\u0430\u0433\u0430\u0435\u043c \u0432\u043e\u0437\u043c\u043e\u0436\u043d\u043e\u0441\u0442\u044c \u043e\u043f\u043b\u0430\u0442\u0438\u0442\u044c \u0442\u043e\u0432\u0430\u0440 \u043f\u043e\u0437\u0436\u0435 - \u043e\u0434\u043d\u0438\u043c, \u0434\u0432\u0443\u043c\u044f \u0438\u043b\u0438 \u0442\u0440\u0435\u043c\u044f \u0440\u0430\u0432\u043d\u044b\u043c\u0438 \u043f\u043b\u0430\u0442\u0435\u0436\u0430\u043c\u0438 \u0431\u0435\u0437 \u043a\u0430\u043a\u0438\u0445-\u043b\u0438\u0431\u043e \u043f\u0440\u043e\u0446\u0435\u043d\u0442\u043e\u0432 \u0438\u043b\u0438 \u043d\u0430\u0434\u0431\u0430\u0432\u043e\u043a.<\/p>\n<p>\u0412 \u043d\u0430\u0448\u0435\u0439 \u043a\u043e\u0440\u0437\u0438\u043d\u0435 \u0432\u044b \u043c\u043e\u0436\u0435\u0442\u0435 \u0432\u044b\u0431\u0440\u0430\u0442\u044c \u0440\u0430\u0437\u043b\u0438\u0447\u043d\u044b\u0435 \u0432\u0430\u0440\u0438\u0430\u043d\u0442\u044b \u043e\u043f\u043b\u0430\u0442\u044b.<\/p>","protected":false},"featured_media":6744,"comment_status":"closed","ping_status":"closed","template":"","meta":{"_uf_show_specific_survey":0,"_uf_disable_surveys":false},"pwb-brand":[92],"product_brand":[396],"product_cat":[169],"product_tag":[147,397,78],"class_list":{"0":"post-6738","1":"product","2":"type-product","3":"status-publish","4":"has-post-thumbnail","6":"pwb-brand-grillsymbol","7":"product_brand-grillsymbol","8":"product_cat-soegrillid","9":"product_tag-grillsymbol","10":"product_tag-saslolivann","11":"product_tag-soegrill","13":"first","14":"instock","15":"taxable","16":"shipping-taxable","17":"purchasable","18":"product-type-simple"},"brands":[{"id":92,"name":"GrillSymbol","slug":"%d1%81%d0%b8%d0%bc%d0%b2%d0%be%d0%bb-%d0%b1%d0%b0%d1%80%d0%b1%d0%b5%d0%ba%d1%8e"}],"_links":{"self":[{"href":"https:\/\/tammetorubbq.ee\/ru\/wp-json\/wp\/v2\/product\/6738","targetHints":{"allow":["GET"]}}],"collection":[{"href":"https:\/\/tammetorubbq.ee\/ru\/wp-json\/wp\/v2\/product"}],"about":[{"href":"https:\/\/tammetorubbq.ee\/ru\/wp-json\/wp\/v2\/types\/product"}],"replies":[{"embeddable":true,"href":"https:\/\/tammetorubbq.ee\/ru\/wp-json\/wp\/v2\/comments?post=6738"}],"wp:featuredmedia":[{"embeddable":true,"href":"https:\/\/tammetorubbq.ee\/ru\/wp-json\/wp\/v2\/media\/6744"}],"wp:attachment":[{"href":"https:\/\/tammetorubbq.ee\/ru\/wp-json\/wp\/v2\/media?parent=6738"}],"wp:term":[{"taxonomy":"pwb-brand","embeddable":true,"href":"https:\/\/tammetorubbq.ee\/ru\/wp-json\/wp\/v2\/pwb-brand?post=6738"},{"taxonomy":"product_brand","embeddable":true,"href":"https:\/\/tammetorubbq.ee\/ru\/wp-json\/wp\/v2\/product_brand?post=6738"},{"taxonomy":"product_cat","embeddable":true,"href":"https:\/\/tammetorubbq.ee\/ru\/wp-json\/wp\/v2\/product_cat?post=6738"},{"taxonomy":"product_tag","embeddable":true,"href":"https:\/\/tammetorubbq.ee\/ru\/wp-json\/wp\/v2\/product_tag?post=6738"}],"curies":[{"name":"wp","href":"https:\/\/api.w.org\/{rel}","templated":true}]}}