{"id":6746,"date":"2026-04-17T10:25:10","date_gmt":"2026-04-17T07:25:10","guid":{"rendered":"https:\/\/tammetorubbq.ee\/?post_type=product&#038;p=6746"},"modified":"2026-04-19T19:00:58","modified_gmt":"2026-04-19T16:00:58","slug":"grillsymbol-soegrill-naked-chef-xl-silver","status":"publish","type":"product","link":"https:\/\/tammetorubbq.ee\/ru\/product-2\/grillsymbol-soegrill-naked-chef-xl-silver\/","title":{"rendered":"GrillSymbol s\u00f6egrill Naked Chef XL Silver"},"content":{"rendered":"<p class=\"isSelectedEnd\">\u2022 Materjal: 3 mm roostevaba teras<br \/>\n\u2022 M\u00f5\u00f5dud: 110 \u00d7 35 \u00d7 80 cm (pikkus \u00d7 laius \u00d7 k\u00f5rgus)<br \/>\n\u2022 Kaal: 40 kg<br \/>\n- <strong>K\u00fcpsetusala: 110 \u00d7 34 cm<\/strong><\/p>\n<p class=\"isSelectedEnd\">\u2022 Grillrestid: Classic CG-1 50 \u00d7 33 cm (roostevaba teras, komplektis 2 tk)<br \/>\n\u2022 Alusplaat tarvikute hoiustamiseks: CMR-XL<\/p>\n<p class=\"isSelectedEnd\">\u2022 K\u00fctus: s\u00fcsi, brikett v\u00f5i ise valmistatud s\u00fcsi<br \/>\n\u2022 K\u00fclgedel \u00f5hutusavad tagavad hea \u00f5huvahetuse<\/p>\n<p class=\"isSelectedEnd\">\u2022 Tarnitakse detailidena<br \/>\n\u2022 Orienteeruv kokkupanekuaeg: ~30 min<\/p>\n<h5><strong>Huvi korral uuri lisaks lisavarustuse kohta.\u00a0<\/strong><\/h5>\n<p>\u2022 Roostevabast terasest kaas: CL-XL<br \/>\n\u2022 Terasest k\u00fcpsetusrest: ZZG<br \/>\n\u2022 Terasest k\u00fcpsetusplaat: FTG<br \/>\n\u2022 Wok-komplekt: WPS<br \/>\n\u2022 Terasest plancha komplekt: BPS<br \/>\n\u2022 Roostevabast terasest plancha komplekt: BPSI<br \/>\n\u2022 Malmpann: FP-16<br \/>\n\u2022 \u0160a\u0161l\u00f5kivarraste komplekt: SKEW-47<\/p>\n<p class=\"isSelectedEnd\"><strong>NB! <\/strong>Grillimise ja kuumuse m\u00f5jul v\u00f5ib roostevabast terasest korpus ajas muutuda kergelt violetseks. Tegemist on materjali loomuliku omadusega ning see ei m\u00f5juta grilli kasutust. Komplektis olevad s\u00f6evannid aitavad v\u00e4hendada korpuse v\u00e4rvimuutust.<\/p>\n<p>Grilli ei tohi paigaldada puidust aluspinnale, kuna v\u00e4ikeste avade kaudu v\u00f5ib v\u00e4hesel m\u00e4\u00e4ral tuhka v\u00f5i s\u00e4demeid v\u00e4lja pudeneda.<\/p>","protected":false},"excerpt":{"rendered":"<h5>Tippklassi \u0161a\u0161l\u00f5ki- ja vorstigrill!<\/h5>\n<p class=\"isSelectedEnd\">Vastupidavast materjalist valmistatud premium-klassi s\u00f6egrill, mis pakub nii klassikalist kasutuskogemust kui ka t\u00e4nap\u00e4evast funktsionaalsust. 2024. aasta mudel on veelgi praktilisem ja l\u00e4bim\u00f5eldum kui selle eelk\u00e4ijad.<\/p>\n<p class=\"isSelectedEnd\">Grilli valmistamisel pole kvaliteedis j\u00e4releandmisi tehtud:<br \/>\n\u2022 3 mm roostevabast terasest korpus tagab stabiilse kuumuse ja pikaealisuse<br \/>\n\u2022 tugev ja vastupidav konstruktsioon nagu vanadel headel aegadel<\/p>\n<p class=\"isSelectedEnd\">Samal ajal on p\u00f6\u00f6ratud t\u00e4helepanu j\u00e4tkusuutlikkusele \u2013 v\u00e4iksemad detailid ja jalad on disainitud nii, et tootmisel saaks kasutada materjalij\u00e4\u00e4ke, v\u00e4hendades nii keskkonnam\u00f5ju.<\/p>\n<p>Naked Chef XL Silver \u00fchendab endas kolm olulist v\u00e4\u00e4rtust: vastupidavad materjalid, t\u00f5hus tootmine ja minimaalne jalaj\u00e4lg.<\/p>\n<p>&nbsp;<\/p>\n<p><img loading=\"lazy\" decoding=\"async\" class=\"alignnone size-full wp-image-951\" src=\"https:\/\/tammetorubbq.ee\/wp-content\/uploads\/2023\/11\/GrillSymbol.png\" alt=\"\" width=\"273\" height=\"75\" srcset=\"https:\/\/tammetorubbq.ee\/wp-content\/uploads\/2023\/11\/GrillSymbol.png 273w, https:\/\/tammetorubbq.ee\/wp-content\/uploads\/2023\/11\/GrillSymbol-18x5.png 18w, https:\/\/tammetorubbq.ee\/wp-content\/uploads\/2023\/11\/GrillSymbol-64x18.png 64w\" sizes=\"auto, (max-width: 273px) 100vw, 273px\" \/><\/p>\n<p><a href=\"https:\/\/tammetorubbq.ee\/ru\/%d0%b7%d0%b0%d0%bf%d0%bb%d0%b0%d1%82%d0%b8%d1%82%d1%8c-%d0%bf%d0%be%d0%b7%d0%b6%d0%b5\/\"><strong>\u041a\u0423\u041f\u0418 \u0421\u0415\u0419\u0427\u0410\u0421, \u0417\u0410\u041f\u041b\u0410\u0422\u0418 \u041f\u041e\u0422\u041e\u041c<\/strong><\/a>\u00a0- \u0431\u0435\u0441\u043f\u0440\u043e\u0446\u0435\u043d\u0442\u043d\u043e!<\/p>\n<p><img loading=\"lazy\" decoding=\"async\" class=\"alignnone wp-image-2646\" src=\"http:\/\/tammetorubbq.ee\/wp-content\/uploads\/2023\/12\/inbank-wordmark.png\" alt=\"\" width=\"167\" height=\"75\" srcset=\"https:\/\/tammetorubbq.ee\/wp-content\/uploads\/2023\/12\/inbank-wordmark.png 300w, https:\/\/tammetorubbq.ee\/wp-content\/uploads\/2023\/12\/inbank-wordmark-18x8.png 18w, https:\/\/tammetorubbq.ee\/wp-content\/uploads\/2023\/12\/inbank-wordmark-64x29.png 64w\" sizes=\"auto, (max-width: 167px) 100vw, 167px\" \/><\/p>\n<p>\u041c\u044b \u0442\u0430\u043a\u0436\u0435 \u043f\u0440\u0435\u0434\u043b\u0430\u0433\u0430\u0435\u043c \u0432\u043e\u0437\u043c\u043e\u0436\u043d\u043e\u0441\u0442\u044c \u043e\u043f\u043b\u0430\u0442\u0438\u0442\u044c \u0442\u043e\u0432\u0430\u0440 \u043f\u043e\u0437\u0436\u0435 - \u043e\u0434\u043d\u0438\u043c, \u0434\u0432\u0443\u043c\u044f \u0438\u043b\u0438 \u0442\u0440\u0435\u043c\u044f \u0440\u0430\u0432\u043d\u044b\u043c\u0438 \u043f\u043b\u0430\u0442\u0435\u0436\u0430\u043c\u0438 \u0431\u0435\u0437 \u043a\u0430\u043a\u0438\u0445-\u043b\u0438\u0431\u043e \u043f\u0440\u043e\u0446\u0435\u043d\u0442\u043e\u0432 \u0438\u043b\u0438 \u043d\u0430\u0434\u0431\u0430\u0432\u043e\u043a.<\/p>\n<p>\u0412 \u043d\u0430\u0448\u0435\u0439 \u043a\u043e\u0440\u0437\u0438\u043d\u0435 \u0432\u044b \u043c\u043e\u0436\u0435\u0442\u0435 \u0432\u044b\u0431\u0440\u0430\u0442\u044c \u0440\u0430\u0437\u043b\u0438\u0447\u043d\u044b\u0435 \u0432\u0430\u0440\u0438\u0430\u043d\u0442\u044b \u043e\u043f\u043b\u0430\u0442\u044b.<\/p>","protected":false},"featured_media":6748,"comment_status":"closed","ping_status":"closed","template":"","meta":{"_uf_show_specific_survey":0,"_uf_disable_surveys":false},"pwb-brand":[92],"product_brand":[396],"product_cat":[169],"product_tag":[147,397,78],"class_list":{"0":"post-6746","1":"product","2":"type-product","3":"status-publish","4":"has-post-thumbnail","6":"pwb-brand-grillsymbol","7":"product_brand-grillsymbol","8":"product_cat-soegrillid","9":"product_tag-grillsymbol","10":"product_tag-saslolivann","11":"product_tag-soegrill","13":"first","14":"instock","15":"taxable","16":"shipping-taxable","17":"purchasable","18":"product-type-simple"},"brands":[{"id":92,"name":"GrillSymbol","slug":"%d1%81%d0%b8%d0%bc%d0%b2%d0%be%d0%bb-%d0%b1%d0%b0%d1%80%d0%b1%d0%b5%d0%ba%d1%8e"}],"_links":{"self":[{"href":"https:\/\/tammetorubbq.ee\/ru\/wp-json\/wp\/v2\/product\/6746","targetHints":{"allow":["GET"]}}],"collection":[{"href":"https:\/\/tammetorubbq.ee\/ru\/wp-json\/wp\/v2\/product"}],"about":[{"href":"https:\/\/tammetorubbq.ee\/ru\/wp-json\/wp\/v2\/types\/product"}],"replies":[{"embeddable":true,"href":"https:\/\/tammetorubbq.ee\/ru\/wp-json\/wp\/v2\/comments?post=6746"}],"wp:featuredmedia":[{"embeddable":true,"href":"https:\/\/tammetorubbq.ee\/ru\/wp-json\/wp\/v2\/media\/6748"}],"wp:attachment":[{"href":"https:\/\/tammetorubbq.ee\/ru\/wp-json\/wp\/v2\/media?parent=6746"}],"wp:term":[{"taxonomy":"pwb-brand","embeddable":true,"href":"https:\/\/tammetorubbq.ee\/ru\/wp-json\/wp\/v2\/pwb-brand?post=6746"},{"taxonomy":"product_brand","embeddable":true,"href":"https:\/\/tammetorubbq.ee\/ru\/wp-json\/wp\/v2\/product_brand?post=6746"},{"taxonomy":"product_cat","embeddable":true,"href":"https:\/\/tammetorubbq.ee\/ru\/wp-json\/wp\/v2\/product_cat?post=6746"},{"taxonomy":"product_tag","embeddable":true,"href":"https:\/\/tammetorubbq.ee\/ru\/wp-json\/wp\/v2\/product_tag?post=6746"}],"curies":[{"name":"wp","href":"https:\/\/api.w.org\/{rel}","templated":true}]}}