{"id":6851,"date":"2026-04-24T09:41:01","date_gmt":"2026-04-24T06:41:01","guid":{"rendered":"https:\/\/tammetorubbq.ee\/?post_type=product&#038;p=6851"},"modified":"2026-04-26T18:00:13","modified_gmt":"2026-04-26T15:00:13","slug":"napoleon-rogue-425-kolme-poletiga-kulg-ja-tagapoletiga-gaasigrill-roostevaba-alumiinium-korpus-aluskapp-uksega-rotisserie-poordvarras","status":"publish","type":"product","link":"https:\/\/tammetorubbq.ee\/ru\/product-2\/napoleon-rogue-425-kolme-poletiga-kulg-ja-tagapoletiga-gaasigrill-roostevaba-alumiinium-korpus-aluskapp-uksega-rotisserie-poordvarras\/","title":{"rendered":"Napoleon Rogue 425 kolme p\u00f5letiga (k\u00fclg- ja tagap\u00f5letiga) gaasigrill, roostevaba\/alumiinium korpus,  aluskapp uksega + rotisserie p\u00f6\u00f6rdvarras"},"content":{"rendered":"<p class=\"isSelectedEnd\"><strong>\u0422\u0435\u0445\u043d\u0438\u0447\u0435\u0441\u043a\u0438\u0435 \u0434\u0430\u043d\u043d\u044b\u0435<\/strong><\/p>\n<table>\n<thead>\n<tr>\n<th style=\"text-align: left;\"><strong>Parameeter<\/strong><\/th>\n<th style=\"text-align: left;\"><strong>Kirjeldus \/ v\u00e4\u00e4rtus<\/strong><\/th>\n<\/tr>\n<\/thead>\n<tbody>\n<tr>\n<td><strong>\u0413\u0440\u0438\u043b\u043b\u0438\u043f\u0438\u043d\u0434<\/strong><\/td>\n<td>60 \u00d7 45 cm (2700 cm\u00b2)<\/td>\n<\/tr>\n<tr>\n<td><strong>Soojendusrest<\/strong><\/td>\n<td>60 \u00d7 17 cm (1020 cm\u00b2)<\/td>\n<\/tr>\n<tr>\n<td><strong>K\u00fclgp\u00f5leti pind<\/strong><\/td>\n<td>\u00d8 20 cm<\/td>\n<\/tr>\n<tr>\n<td><strong>V\u00f5imsus kokku<\/strong><\/td>\n<td>22,25 kW<\/td>\n<\/tr>\n<tr>\n<td><strong>P\u00f5letite arv<\/strong><\/td>\n<td>3 + infrapuna tagap\u00f5leti + k\u00fclgp\u00f5leti<\/td>\n<\/tr>\n<tr>\n<td><strong>Restimaterjal<\/strong><\/td>\n<td>Emailitud valuraut<\/td>\n<\/tr>\n<tr>\n<td><strong>Korpuse materjal<\/strong><\/td>\n<td>Roostevaba teras ja alumiinium<\/td>\n<\/tr>\n<tr>\n<td><strong>\u0422\u043e\u043f\u043b\u0438\u0432\u043e<\/strong><\/td>\n<td>Propaan<\/td>\n<\/tr>\n<tr>\n<td><strong>Balloonihoidik<\/strong><\/td>\n<td>Olemas<\/td>\n<\/tr>\n<tr>\n<td><strong>Rotisserikomplekt<\/strong><\/td>\n<td>Kaasas<\/td>\n<\/tr>\n<tr>\n<td><strong>K\u00fclgriiulid<\/strong><\/td>\n<td>Kokkupandavad<\/td>\n<\/tr>\n<\/tbody>\n<\/table>\n<p data-start=\"303\" data-end=\"313\"><strong data-start=\"303\" data-end=\"313\">\u0418\u0437\u043c\u0435\u0440\u0435\u043d\u0438\u044f<\/strong><\/p>\n<ul data-start=\"314\" data-end=\"417\">\n<li data-section-id=\"1alkzox\" data-start=\"314\" data-end=\"356\">K\u00f5rgus: 123 cm | 160 cm avatud kaanega<\/li>\n<li data-section-id=\"1s9e7qx\" data-start=\"357\" data-end=\"396\">Laius: 130 cm | 89 cm (riiulid all)<\/li>\n<li data-section-id=\"1vnyd3t\" data-start=\"397\" data-end=\"417\">S\u00fcgavus: 63,5 cm<\/li>\n<\/ul>\n<p data-start=\"419\" data-end=\"437\"><strong data-start=\"419\" data-end=\"437\">Pakendi m\u00f5\u00f5dud<\/strong><\/p>\n<ul data-start=\"438\" data-end=\"517\" data-is-last-node=\"\" data-is-only-node=\"\">\n<li data-section-id=\"yng6wk\" data-start=\"438\" data-end=\"458\">K\u00f5rgus: 60,96 cm<\/li>\n<li data-section-id=\"13kf0s5\" data-start=\"459\" data-end=\"478\">Laius: 71,76 cm<\/li>\n<li data-section-id=\"1ar4k19\" data-start=\"479\" data-end=\"500\">S\u00fcgavus: 85,09 cm<\/li>\n<li data-section-id=\"1agxti2\" data-start=\"501\" data-end=\"517\" data-is-last-node=\"\">Kaal: 55,78 kg<\/li>\n<\/ul>\n<h5 data-start=\"0\" data-end=\"31\"><strong data-start=\"0\" data-end=\"31\">\u041f\u043e\u0447\u0435\u043c\u0443 \u0441\u0442\u043e\u0438\u0442 \u0432\u044b\u0431\u0440\u0430\u0442\u044c \u0433\u0440\u0438\u043b\u044c Napoleon?<\/strong><\/h5>\n<p class=\"\" data-start=\"33\" data-end=\"253\">Napoleon - \u043a\u0430\u043d\u0430\u0434\u0441\u043a\u0430\u044f \u0441\u0435\u043c\u0435\u0439\u043d\u0430\u044f \u043a\u043e\u043c\u043f\u0430\u043d\u0438\u044f, \u043a\u043e\u0442\u043e\u0440\u0430\u044f \u043d\u0430 \u043f\u0440\u043e\u0442\u044f\u0436\u0435\u043d\u0438\u0438 \u0434\u0435\u0441\u044f\u0442\u0438\u043b\u0435\u0442\u0438\u0439 \u0437\u0430\u043d\u0438\u043c\u0430\u0435\u0442\u0441\u044f \u0440\u0430\u0437\u0440\u0430\u0431\u043e\u0442\u043a\u043e\u0439 \u0432\u044b\u0441\u043e\u043a\u043e\u043a\u0430\u0447\u0435\u0441\u0442\u0432\u0435\u043d\u043d\u044b\u0445 \u0433\u0440\u0438\u043b\u0435\u0439 \u0438 \u0440\u0435\u0448\u0435\u043d\u0438\u0439 \u0434\u043b\u044f \u043f\u0440\u0438\u0433\u043e\u0442\u043e\u0432\u043b\u0435\u043d\u0438\u044f \u043f\u0438\u0449\u0438 \u043d\u0430 \u043e\u0442\u043a\u0440\u044b\u0442\u043e\u043c \u0432\u043e\u0437\u0434\u0443\u0445\u0435. \u0411\u0440\u0435\u043d\u0434 \u0438\u0437\u0432\u0435\u0441\u0442\u0435\u043d \u0432\u043e \u0432\u0441\u0435\u043c \u043c\u0438\u0440\u0435 \u0431\u043b\u0430\u0433\u043e\u0434\u0430\u0440\u044f \u043d\u0430\u0434\u0435\u0436\u043d\u043e\u0441\u0442\u0438, \u0438\u043d\u043d\u043e\u0432\u0430\u0446\u0438\u044f\u043c \u0438 \u0434\u043e\u043b\u0433\u043e\u0432\u0435\u0447\u043d\u043e\u0441\u0442\u0438.<\/p>\n<p class=\"\" data-start=\"255\" data-end=\"629\">\u041a\u0430\u0436\u0434\u044b\u0439 \u0433\u0440\u0438\u043b\u044c Napoleon \u0441\u043e\u0437\u0434\u0430\u043d \u0434\u043b\u044f \u0442\u043e\u0447\u043d\u043e\u0433\u043e \u043a\u043e\u043d\u0442\u0440\u043e\u043b\u044f \u0442\u0435\u043f\u043b\u0430, \u043f\u0440\u043e\u0447\u043d\u043e\u0439 \u043a\u043e\u043d\u0441\u0442\u0440\u0443\u043a\u0446\u0438\u0438 \u0438 \u043f\u0440\u043e\u0434\u0443\u043c\u0430\u043d\u043d\u043e\u0433\u043e \u0443\u0434\u043e\u0431\u0441\u0442\u0432\u0430 \u0438\u0441\u043f\u043e\u043b\u044c\u0437\u043e\u0432\u0430\u043d\u0438\u044f. \u0411\u0443\u0434\u044c \u0442\u043e \u0443\u0433\u043e\u043b\u044c\u043d\u044b\u0439, \u0433\u0430\u0437\u043e\u0432\u044b\u0439 \u0438\u043b\u0438 \u043f\u0435\u043b\u043b\u0435\u0442\u043d\u044b\u0439 \u0433\u0440\u0438\u043b\u044c, Napoleon \u0441\u043e\u0447\u0435\u0442\u0430\u0435\u0442 \u0441\u043e\u0432\u0440\u0435\u043c\u0435\u043d\u043d\u044b\u0439 \u0434\u0438\u0437\u0430\u0439\u043d \u0441 \u043f\u0440\u0430\u043a\u0442\u0438\u0447\u043d\u044b\u043c\u0438 \u0440\u0435\u0448\u0435\u043d\u0438\u044f\u043c\u0438: \u0433\u043e\u0440\u0435\u043b\u043a\u0438 \u0438\u0437 \u043d\u0435\u0440\u0436\u0430\u0432\u0435\u044e\u0449\u0435\u0439 \u0441\u0442\u0430\u043b\u0438, \u0447\u0443\u0433\u0443\u043d\u043d\u044b\u0435 \u0440\u0435\u0448\u0435\u0442\u043a\u0438, \u0441\u0438\u0441\u0442\u0435\u043c\u0430 \u0440\u043e\u0437\u0436\u0438\u0433\u0430 JETFIRE\u2122, \u0442\u0435\u0440\u043c\u043e\u043c\u0435\u0442\u0440 ACCU-PROBE\u2122 \u0438 \u043f\u0440\u043e\u0434\u0443\u043c\u0430\u043d\u043d\u044b\u0435 \u0440\u0435\u0448\u0435\u043d\u0438\u044f \u0434\u043b\u044f \u0445\u0440\u0430\u043d\u0435\u043d\u0438\u044f - \u0432\u043e\u0442 \u043b\u0438\u0448\u044c \u043d\u0435\u0441\u043a\u043e\u043b\u044c\u043a\u043e \u043f\u0440\u0438\u043c\u0435\u0440\u043e\u0432.<\/p>\n<p class=\"\" data-start=\"631\" data-end=\"859\">\u0410\u0441\u0441\u043e\u0440\u0442\u0438\u043c\u0435\u043d\u0442 Napoleon \u043e\u0445\u0432\u0430\u0442\u044b\u0432\u0430\u0435\u0442 \u0432\u0441\u0435 \u043f\u043e\u0442\u0440\u0435\u0431\u043d\u043e\u0441\u0442\u0438 - \u043e\u0442 \u043f\u043e\u0440\u0442\u0430\u0442\u0438\u0432\u043d\u044b\u0445 \u043c\u043e\u0434\u0435\u043b\u0435\u0439 \u0434\u043e \u043f\u043e\u043b\u043d\u043e\u0446\u0435\u043d\u043d\u044b\u0445 \u043f\u043e\u043b\u0435\u0432\u044b\u0445 \u043a\u0443\u0445\u043e\u043d\u044c. \u0415\u0441\u043b\u0438 \u0432\u044b \u0446\u0435\u043d\u0438\u0442\u0435 \u043d\u0430\u0434\u0435\u0436\u043d\u043e\u0441\u0442\u044c, \u0444\u0443\u043d\u043a\u0446\u0438\u043e\u043d\u0430\u043b\u044c\u043d\u043e\u0441\u0442\u044c \u0438 \u0432\u043e\u0437\u043c\u043e\u0436\u043d\u043e\u0441\u0442\u044c \u0433\u043e\u0442\u043e\u0432\u0438\u0442\u044c \u043d\u0430 \u0433\u0440\u0438\u043b\u0435 \u043a\u0440\u0443\u0433\u043b\u044b\u0439 \u0433\u043e\u0434, Napoleon - \u044d\u0442\u043e \u043f\u0440\u0430\u0432\u0438\u043b\u044c\u043d\u044b\u0439 \u0432\u044b\u0431\u043e\u0440.<\/p>","protected":false},"excerpt":{"rendered":"<h5><strong>Rohkem kui lihtsalt gaasigrill, komplektis rotisserie p\u00f6\u00f6rdvarras.\u00a0<\/strong><\/h5>\n<p class=\"isSelectedEnd\">Stiilne must Napoleon Rogue 425 gaasigrill toob sinu \u00f5uealale tippklassi grillikogemuse. Mahlased tulemused on garanteeritud t\u00e4nu legendaarsetele WAVE\u2122 malmrestidele ning kolmele roostevabast terasest p\u00f5letile, mis tagavad t\u00e4pse temperatuurikontrolli.<\/p>\n<p>425 ruuttolli (~2700 cm\u00b2) suurune grillimispind annab piisavalt ruumi nii pere\u00f5htuks kui ka suuremaks grillipeoks.<\/p>\n<p class=\"isSelectedEnd\"><strong>Lisaks:<\/strong><br \/>\n\u2022 Tagumine infrapuna p\u00f6\u00f6rdvarda p\u00f5leti \u2013 ideaalne mahlaste praadide jaoks<br \/>\n\u2022 Integreeritud k\u00fclgp\u00f5leti \u2013 kastmed ja lisandid mugavalt samal ajal<\/p>\n<p class=\"isSelectedEnd\"><strong>Praktilisus kohtub disainiga:<\/strong><br \/>\n\u2022 Portselankattega kaas ja vastupidav pulberv\u00e4rvitud korpus<br \/>\n\u2022 Lukustatavad rattad lihtsaks liigutamiseks<br \/>\n\u2022 Kokkupandavad k\u00fcljeriiulid ruumi s\u00e4\u00e4stmiseks<\/p>\n<h5><strong>Napoleon Rogue 425 \u2013 mitmek\u00fclgne, vastupidav ja loodud nautimiseks.<\/strong><\/h5>\n<p data-start=\"0\" data-end=\"16\"><strong data-start=\"0\" data-end=\"16\">\u041e\u0441\u043d\u043e\u0432\u043d\u044b\u0435 \u0445\u0430\u0440\u0430\u043a\u0442\u0435\u0440\u0438\u0441\u0442\u0438\u043a\u0438<\/strong><\/p>\n<ul data-start=\"18\" data-end=\"1142\" data-is-last-node=\"\" data-is-only-node=\"\">\n<li data-section-id=\"s2fgsz\" data-start=\"18\" data-end=\"103\"><strong data-start=\"20\" data-end=\"45\">3 p\u00f5hik\u00fcpsetusp\u00f5letit<\/strong> \u2013 kogu grillimispind 23 3\/4 \u00d7 18 tolli (60,3 \u00d7 45,7 cm)<\/li>\n<li data-section-id=\"10mr5a2\" data-start=\"104\" data-end=\"237\"><strong data-start=\"106\" data-end=\"137\">T\u00e4pne kuumuse reguleerimine<\/strong> \u2013 v\u00f5imaldab grillida ja k\u00fcpsetada madalal temperatuuril v\u00f5i t\u00f5sta kuumust kiireks pruunistamiseks<\/li>\n<li data-section-id=\"mbw3af\" data-start=\"238\" data-end=\"425\"><strong data-start=\"240\" data-end=\"263\">\u0427\u0443\u0433\u0443\u043d\u043d\u044b\u0435 \u0433\u0440\u0438\u043b\u0438 \u0434\u043b\u044f \u0431\u0430\u0440\u0431\u0435\u043a\u044e<\/strong> \u2013 portselankattega malmrestid tagavad \u00fchtlase kuumuse ja ideaalse pruunistuse; p\u00f6\u00f6ratav disain annab tugevamad grillij\u00e4ljed, sooned hoiavad mahlad toidu juures<\/li>\n<li data-section-id=\"1awca7a\" data-start=\"426\" data-end=\"594\"><strong data-start=\"428\" data-end=\"453\">Vastupidav viimistlus<\/strong> \u2013 must portselanemailiga kaas ja uksed ning pulberv\u00e4rvitud juhtpaneel ja k\u00fcljeriiulid peavad vastu igasugusele ilmale ega n\u00e4ita s\u00f5rmej\u00e4lgi<\/li>\n<li data-section-id=\"1o6kgfg\" data-start=\"595\" data-end=\"697\"><strong data-start=\"597\" data-end=\"611\">K\u00fclgp\u00f5leti<\/strong> \u2013 integreeritud pliidit\u00fc\u00fcpi p\u00f5letiga saad mugavalt valmistada kastmeid ja lisandeid<\/li>\n<li data-section-id=\"h1t1t3\" data-start=\"698\" data-end=\"814\"><strong data-start=\"700\" data-end=\"728\">Tagumine infrapunap\u00f5leti<\/strong> \u2013 ideaalne p\u00f6\u00f6rdvarda (rotisserie) kasutamiseks ja mahlaste praadide valmistamiseks<\/li>\n<li data-section-id=\"sfmx4g\" data-start=\"815\" data-end=\"915\"><strong data-start=\"817\" data-end=\"851\">Komplektis p\u00f6\u00f6rdvarda komplekt<\/strong> \u2013 sisaldab varrast, mootorit, kahvleid, k\u00e4epidet ja kinnitust<\/li>\n<li data-section-id=\"c1ilim\" data-start=\"916\" data-end=\"1028\"><strong data-start=\"918\" data-end=\"944\">Ruumi s\u00e4\u00e4stev lahendus<\/strong> \u2013 kokkupandav k\u00fcljeriiul, sobib v\u00e4iksematesse aedadesse, terrassidele ja r\u00f5dudele<\/li>\n<li data-section-id=\"zfgeju\" data-start=\"1029\" data-end=\"1142\" data-is-last-node=\"\"><strong data-start=\"1031\" data-end=\"1056\">\u0421\u0438\u0441\u0442\u0435\u043c\u0430 \u0437\u0430\u0436\u0438\u0433\u0430\u043d\u0438\u044f JETFIRE\u2122<\/strong> \u2013 patareivaba s\u00fc\u00fcde, mis s\u00fc\u00fctab p\u00f5letid koheselt leegijoaga, tagades kindla k\u00e4ivituse<\/li>\n<\/ul>\n<p><strong>Tammet\u00f5ruBBQ soovitab:<\/strong><\/p>\n<p>\u2022 Napoleon gaasigrilli <strong><a href=\"https:\/\/tammetorubbq.ee\/ru\/product-2\/napoleon-gaasigrilli-vahetatavad-rasvatopsi-sisud\/\">vahetatavad rasvatopsi sisud<\/a><\/strong><\/p>\n<p>\u2022 Napoleon Rogue 425 gaasigrilli <strong><a href=\"https:\/\/tammetorubbq.ee\/ru\/product-2\/napoleon-rogue-425-gaasigrilli-fooliumvannid-rasvaeemaldusplaadid\/\">fooliumvannid \/ rasvaeemaldusplaadid<\/a><\/strong><\/p>\n<p>\u2022 Napoleon <a href=\"https:\/\/tammetorubbq.ee\/ru\/product-2\/napoleon-grillikate-rogue-425-sarja-gaasigrillile\/\"><strong>\u0431\u0430\u0440\u0431\u0435\u043a\u044e<\/strong><\/a> Rogue 425 sarja gaasigrillile<\/p>\n<p>\u2022 Napoleon <strong><a href=\"https:\/\/tammetorubbq.ee\/ru\/product-2\/napoleon-soemoodul-gaasigrillile\/\">s\u00f6emoodul<\/a><\/strong> gaasigrillile<\/p>\n<p><img loading=\"lazy\" decoding=\"async\" class=\"wp-image-2098\" src=\"http:\/\/tammetorubbq.ee\/wp-content\/uploads\/2024\/11\/napoleon-gas-grills-logo-vector-1-300x124.png\" alt=\"\u043d\u0430\u043f\u043e\u043b\u0435\u043e\u043d \u0433\u0430\u0437\u043e\u0432\u044b\u0435 \u0433\u0440\u0438\u043b\u0438 \u043b\u043e\u0433\u043e\u0442\u0438\u043f \u0432\u0435\u043a\u0442\u043e\u0440\" width=\"174\" height=\"72\" srcset=\"https:\/\/tammetorubbq.ee\/wp-content\/uploads\/2024\/11\/napoleon-gas-grills-logo-vector-1-300x124.png 300w, https:\/\/tammetorubbq.ee\/wp-content\/uploads\/2024\/11\/napoleon-gas-grills-logo-vector-1-768x317.png 768w, https:\/\/tammetorubbq.ee\/wp-content\/uploads\/2024\/11\/napoleon-gas-grills-logo-vector-1-18x7.png 18w, https:\/\/tammetorubbq.ee\/wp-content\/uploads\/2024\/11\/napoleon-gas-grills-logo-vector-1-600x248.png 600w, https:\/\/tammetorubbq.ee\/wp-content\/uploads\/2024\/11\/napoleon-gas-grills-logo-vector-1-64x26.png 64w, https:\/\/tammetorubbq.ee\/wp-content\/uploads\/2024\/11\/napoleon-gas-grills-logo-vector-1.png 847w\" sizes=\"auto, (max-width: 174px) 100vw, 174px\" \/><\/p>\n<p><a href=\"https:\/\/tammetorubbq.ee\/ru\/%d0%b7%d0%b0%d0%bf%d0%bb%d0%b0%d1%82%d0%b8%d1%82%d1%8c-%d0%bf%d0%be%d0%b7%d0%b6%d0%b5\/\"><strong>\u041a\u0423\u041f\u0418 \u0421\u0415\u0419\u0427\u0410\u0421, \u0417\u0410\u041f\u041b\u0410\u0422\u0418 \u041f\u041e\u0422\u041e\u041c<\/strong><\/a>\u00a0- \u0431\u0435\u0441\u043f\u0440\u043e\u0446\u0435\u043d\u0442\u043d\u043e!<\/p>\n<p><img loading=\"lazy\" decoding=\"async\" class=\"alignnone wp-image-2646\" src=\"http:\/\/tammetorubbq.ee\/wp-content\/uploads\/2023\/12\/inbank-wordmark.png\" alt=\"\u0418\u043d\u0431\u0430\u043d\u043a\" width=\"164\" height=\"74\" srcset=\"https:\/\/tammetorubbq.ee\/wp-content\/uploads\/2023\/12\/inbank-wordmark.png 300w, https:\/\/tammetorubbq.ee\/wp-content\/uploads\/2023\/12\/inbank-wordmark-18x8.png 18w, https:\/\/tammetorubbq.ee\/wp-content\/uploads\/2023\/12\/inbank-wordmark-64x29.png 64w\" sizes=\"auto, (max-width: 164px) 100vw, 164px\" \/><\/p>\n<p>\u041c\u044b \u0442\u0430\u043a\u0436\u0435 \u043f\u0440\u0435\u0434\u043b\u0430\u0433\u0430\u0435\u043c \u0432\u043e\u0437\u043c\u043e\u0436\u043d\u043e\u0441\u0442\u044c \u043e\u043f\u043b\u0430\u0442\u0438\u0442\u044c \u0442\u043e\u0432\u0430\u0440 \u043f\u043e\u0437\u0436\u0435 - \u043e\u0434\u043d\u0438\u043c, \u0434\u0432\u0443\u043c\u044f \u0438\u043b\u0438 \u0442\u0440\u0435\u043c\u044f \u0440\u0430\u0432\u043d\u044b\u043c\u0438 \u043f\u043b\u0430\u0442\u0435\u0436\u0430\u043c\u0438 \u0431\u0435\u0437 \u043a\u0430\u043a\u0438\u0445-\u043b\u0438\u0431\u043e \u043f\u0440\u043e\u0446\u0435\u043d\u0442\u043e\u0432 \u0438\u043b\u0438 \u043d\u0430\u0434\u0431\u0430\u0432\u043e\u043a.<\/p>\n<p>\u0412 \u043d\u0430\u0448\u0435\u0439 \u043a\u043e\u0440\u0437\u0438\u043d\u0435 \u0432\u044b \u043c\u043e\u0436\u0435\u0442\u0435 \u0432\u044b\u0431\u0440\u0430\u0442\u044c \u0440\u0430\u0437\u043b\u0438\u0447\u043d\u044b\u0435 \u0432\u0430\u0440\u0438\u0430\u043d\u0442\u044b \u043e\u043f\u043b\u0430\u0442\u044b.<\/p>","protected":false},"featured_media":6853,"comment_status":"closed","ping_status":"closed","template":"","meta":{"_uf_show_specific_survey":0,"_uf_disable_surveys":false},"pwb-brand":[101],"product_brand":[389],"product_cat":[100],"product_tag":[110,409,148,364,408],"class_list":{"0":"post-6851","1":"product","2":"type-product","3":"status-publish","4":"has-post-thumbnail","6":"pwb-brand-napoleon","7":"product_brand-napoleon","8":"product_cat-gaasigrillid","9":"product_tag-gaasigrill","10":"product_tag-napoleo","11":"product_tag-napoleon","12":"product_tag-napoleon-gaasigrill","13":"product_tag-napoleon-rogue","15":"first","16":"instock","17":"taxable","18":"shipping-taxable","19":"purchasable","20":"product-type-simple"},"brands":[{"id":101,"name":"\u041d\u0430\u043f\u043e\u043b\u0435\u043e\u043d","slug":"%d0%bd%d0%b0%d0%bf%d0%be%d0%bb%d0%b5%d0%be%d0%bd"}],"_links":{"self":[{"href":"https:\/\/tammetorubbq.ee\/ru\/wp-json\/wp\/v2\/product\/6851","targetHints":{"allow":["GET"]}}],"collection":[{"href":"https:\/\/tammetorubbq.ee\/ru\/wp-json\/wp\/v2\/product"}],"about":[{"href":"https:\/\/tammetorubbq.ee\/ru\/wp-json\/wp\/v2\/types\/product"}],"replies":[{"embeddable":true,"href":"https:\/\/tammetorubbq.ee\/ru\/wp-json\/wp\/v2\/comments?post=6851"}],"wp:featuredmedia":[{"embeddable":true,"href":"https:\/\/tammetorubbq.ee\/ru\/wp-json\/wp\/v2\/media\/6853"}],"wp:attachment":[{"href":"https:\/\/tammetorubbq.ee\/ru\/wp-json\/wp\/v2\/media?parent=6851"}],"wp:term":[{"taxonomy":"pwb-brand","embeddable":true,"href":"https:\/\/tammetorubbq.ee\/ru\/wp-json\/wp\/v2\/pwb-brand?post=6851"},{"taxonomy":"product_brand","embeddable":true,"href":"https:\/\/tammetorubbq.ee\/ru\/wp-json\/wp\/v2\/product_brand?post=6851"},{"taxonomy":"product_cat","embeddable":true,"href":"https:\/\/tammetorubbq.ee\/ru\/wp-json\/wp\/v2\/product_cat?post=6851"},{"taxonomy":"product_tag","embeddable":true,"href":"https:\/\/tammetorubbq.ee\/ru\/wp-json\/wp\/v2\/product_tag?post=6851"}],"curies":[{"name":"wp","href":"https:\/\/api.w.org\/{rel}","templated":true}]}}