{"id":6911,"date":"2026-04-26T12:38:32","date_gmt":"2026-04-26T09:38:32","guid":{"rendered":"https:\/\/tammetorubbq.ee\/?post_type=product&#038;p=6911"},"modified":"2026-04-26T18:00:14","modified_gmt":"2026-04-26T15:00:14","slug":"broilchef-tahoe-2217-kolme-poleti-ja-keraamilise-pliidiga-gaasigrill","status":"publish","type":"product","link":"https:\/\/tammetorubbq.ee\/ru\/product-2\/broilchef-tahoe-2217-kolme-poleti-ja-keraamilise-pliidiga-gaasigrill\/","title":{"rendered":"BroilChef Tahoe 2217 kolme p\u00f5leti ja keraamilise pliidiga gaasigrill"},"content":{"rendered":"<p><strong>Grillimisalad<\/strong><\/p>\n<ul>\n<li>p\u00f5higrillimise ala 56 x 43,3 cm<\/li>\n<li>sear-p\u00f5leti ala 24 x 36 cm<\/li>\n<li>soojendusrest 56 x 15 cm<\/li>\n<\/ul>\n<p><strong>P\u00f5letid ja v\u00f5imsus<\/strong><\/p>\n<ul>\n<li>3 x SS #304 roostevabast terasest p\u00f5hap\u00f5leti, iga\u00fcks 3,4 kW<\/li>\n<li>1 x infrapuna sear-p\u00f5leti, 3,5 kW<\/li>\n<li>koguv\u00f5imsus 13,7 kW \/ 48 000 BTU<\/li>\n<\/ul>\n<p><strong>Konstruktsioon<\/strong><\/p>\n<ul>\n<li>p\u00f5lemiskamber valualumiiniumist<\/li>\n<li>kaas valualumiiniumist, kahekordse seinaga aluminiseeritud leht ja k\u00f5rgetemperatuuriline pulberv\u00e4rv<\/li>\n<li>s\u00fc\u00fctes\u00fcsteem Push n\u2019 Turn Jet Fire<\/li>\n<li>p\u00f5hirest 2 x 8 mm roostevabast terasest \u00fcmarvardad<\/li>\n<li>soojendusrest 5 mm roostevabast terasest traatrest<\/li>\n<li>5 roostevabast terasest leegikatet<\/li>\n<li>k\u00fclglauad pulberv\u00e4rvitud aluminiseeritud lehest, 6 hoidikuga<\/li>\n<li>uksed pulberv\u00e4rvitud aluminiseeritud metallist<\/li>\n<li>nupud PVC-st<\/li>\n<li>4 p\u00f6\u00f6rlevat ratast<\/li>\n<\/ul>\n<p><strong>\u0420\u0430\u0437\u043c\u0435\u0440\u044b \u0438 \u0432\u0435\u0441<\/strong><\/p>\n<ul>\n<li>laius 128 cm<\/li>\n<li>s\u00fcgavus 58 cm<\/li>\n<li>s\u00fcgavus avatud kaanega 82 cm<\/li>\n<li>k\u00f5rgus suletud kaanega 120 cm<\/li>\n<li>k\u00f5rgus avatud kaanega 153 cm<\/li>\n<li>k\u00fclglaua k\u00f5rgus 91 cm<\/li>\n<li>kaal 50 kg<\/li>\n<\/ul>\n<p data-start=\"0\" data-end=\"27\"><strong data-start=\"0\" data-end=\"27\">Kaal ja pakendi m\u00f5\u00f5tmed<\/strong><\/p>\n<p data-start=\"29\" data-end=\"77\" data-is-last-node=\"\" data-is-only-node=\"\">Kaal: 58,5 kg<br data-start=\"42\" data-end=\"45\" \/>Pakendi m\u00f5\u00f5tmed: 75 \u00d7 62 \u00d7 58 cm<\/p>\n<h5 class=\"isSelectedEnd\"><strong>BroilChef br\u00e4ndilugu<\/strong><\/h5>\n<p class=\"isSelectedEnd\">Alates 1976. aastast on BroilChefi taga seisev pere valmistanud grille maailma tuntud kaubam\u00e4rkidele \u2013 vaikselt, hoolikalt ja uhkusega.<\/p>\n<p class=\"isSelectedEnd\">Aastak\u00fcmneid oli BroilChef see, kes seisis suurte nimede taga. Insenerid, disainerid ja meistrid \u2013 inimesed, kes teadsid t\u00e4pselt, mis t\u00f6\u00f6tab ja mis mitte. Selle aja jooksul on BroilChef \u00f5ppinud, millised lahendused peavad ajale vastu, millised eba\u00f5nnestuvad ning mis k\u00f5ige olulisem \u2013 mis tegelikult s\u00fctitab kirge, kui inimesed kogunevad tule \u00fcmber.<\/p>\n<p class=\"isSelectedEnd\">Aastal 2015 toimus muutus, BroilChefi tegevjuht, eluaegne Star Warsi f\u00e4nn, esitas k\u00fcsimuse, mis muutis k\u00f5ike: \u201eKui me suudame luua teistele\u2026 miks mitte luua midagi, mida me ise armastame?\u201c<\/p>\n<p class=\"isSelectedEnd\">Sellest hetkest sai alguse midagi uut. Alguses vaid s\u00e4de \u2013 lihtne ja m\u00e4nguline idee. Kuid selles s\u00e4demes peitus midagi enamat kui lihtsalt uus toode.<\/p>\n<p class=\"isSelectedEnd\">See ei olnud enam lihtsalt j\u00e4rjekordse grilli loomine. See oli millegi loomine, millel on identiteet ja hing.<\/p>\n<p>BroilChefi missioon ulatub kaugemale kui ainult grillide tootmine \u2013 see on inimeste kokku toomisest. Nad usuvad, et pole midagi rahuldustpakkuvamat kui luua t\u00e4henduslikke hetki ja sidemeid, \u00fcks BBQ korraga.<\/p>","protected":false},"excerpt":{"rendered":"<h5><strong>Kolm p\u00f5letit, infrapuna sear ja keraamiline pliidiala<\/strong><\/h5>\n<p class=\"isSelectedEnd\">BroilChef Tahoe 2217 on t\u00f6\u00f6kindel gaasigrill, mis \u00fchendab suure kuumuse, praktilise t\u00f6\u00f6pinna ja vastupidava konstruktsiooni. See on loodud kasutajale, kes soovib paindlikkust \u2013 v\u00f5imalust grillida, pruunistada ja valmistada erinevaid roogasid \u00fchel seadmel.<\/p>\n<p class=\"isSelectedEnd\">Kolm roostevabast terasest p\u00f5hap\u00f5letit tagavad \u00fchtlase kuumuse ja stabiilse k\u00fcpsetamise ka suurema koguse toidu valmistamisel. Eraldi infrapuna sear-p\u00f5leti v\u00f5imaldab liha kiiresti k\u00f5rgel temperatuuril viimistleda, saavutades intensiivse pruunistuse \u2013 tootja andmetel kuni umbes 980 \u00b0C.<\/p>\n<p class=\"isSelectedEnd\">Grilli konstruktsioonis on kasutatud vastupidavaid materjale nagu valualumiinium, roostevaba teras ja pulberv\u00e4rvitud metall, mis tagavad pika kasutusea ja hea kuumataluvuse. Roostevabast terasest restid on tugevad ja lihtsalt puhastatavad, samas kui valualumiiniumist p\u00f5lemiskamber lisab stabiilsust ja vastupidavust.<\/p>\n<p>Praktilised lisad nagu soojendusrest, k\u00fclglaua t\u00f6\u00f6riistahoidikud ja lukustatavad rattad muudavad kasutamise igap\u00e4evaselt mugavaks.<\/p>\n<p><strong>Tammet\u00f5ruBBQ.ee soovitab:<\/strong><\/p>\n<p>\u2022 BroilChef\u00a0<a href=\"https:\/\/tammetorubbq.ee\/ru\/product-2\/broilchef-grillikate-tahoe-bc-2217-gaasigrillile\/\"><strong>\u0431\u0430\u0440\u0431\u0435\u043a\u044e<\/strong><\/a> Tahoe BC-2217 gaasigrillile<\/p>\n<p><img loading=\"lazy\" decoding=\"async\" class=\"wp-image-6906\" src=\"https:\/\/tammetorubbq.ee\/wp-content\/uploads\/2026\/04\/BroilChef-logo-300x91.png\" alt=\"BroilChef logo\" width=\"237\" height=\"72\" srcset=\"https:\/\/tammetorubbq.ee\/wp-content\/uploads\/2026\/04\/BroilChef-logo-300x91.png 300w, https:\/\/tammetorubbq.ee\/wp-content\/uploads\/2026\/04\/BroilChef-logo-1024x311.png 1024w, https:\/\/tammetorubbq.ee\/wp-content\/uploads\/2026\/04\/BroilChef-logo-768x233.png 768w, https:\/\/tammetorubbq.ee\/wp-content\/uploads\/2026\/04\/BroilChef-logo-1536x467.png 1536w, https:\/\/tammetorubbq.ee\/wp-content\/uploads\/2026\/04\/BroilChef-logo-18x5.png 18w, https:\/\/tammetorubbq.ee\/wp-content\/uploads\/2026\/04\/BroilChef-logo-600x182.png 600w, https:\/\/tammetorubbq.ee\/wp-content\/uploads\/2026\/04\/BroilChef-logo-64x19.png 64w, https:\/\/tammetorubbq.ee\/wp-content\/uploads\/2026\/04\/BroilChef-logo.png 2048w\" sizes=\"auto, (max-width: 237px) 100vw, 237px\" \/><\/p>\n<p><a href=\"https:\/\/tammetorubbq.ee\/ru\/%d0%b7%d0%b0%d0%bf%d0%bb%d0%b0%d1%82%d0%b8%d1%82%d1%8c-%d0%bf%d0%be%d0%b7%d0%b6%d0%b5\/\"><strong>\u041a\u0423\u041f\u0418 \u0421\u0415\u0419\u0427\u0410\u0421, \u0417\u0410\u041f\u041b\u0410\u0422\u0418 \u041f\u041e\u0422\u041e\u041c<\/strong><\/a>\u00a0- \u0431\u0435\u0441\u043f\u0440\u043e\u0446\u0435\u043d\u0442\u043d\u043e!<\/p>\n<p><img loading=\"lazy\" decoding=\"async\" class=\"alignnone wp-image-2646\" src=\"http:\/\/tammetorubbq.ee\/wp-content\/uploads\/2023\/12\/inbank-wordmark.png\" alt=\"\u0418\u043d\u0431\u0430\u043d\u043a\" width=\"164\" height=\"74\" srcset=\"https:\/\/tammetorubbq.ee\/wp-content\/uploads\/2023\/12\/inbank-wordmark.png 300w, https:\/\/tammetorubbq.ee\/wp-content\/uploads\/2023\/12\/inbank-wordmark-18x8.png 18w, https:\/\/tammetorubbq.ee\/wp-content\/uploads\/2023\/12\/inbank-wordmark-64x29.png 64w\" sizes=\"auto, (max-width: 164px) 100vw, 164px\" \/><\/p>\n<p>\u041c\u044b \u0442\u0430\u043a\u0436\u0435 \u043f\u0440\u0435\u0434\u043b\u0430\u0433\u0430\u0435\u043c \u0432\u043e\u0437\u043c\u043e\u0436\u043d\u043e\u0441\u0442\u044c \u043e\u043f\u043b\u0430\u0442\u0438\u0442\u044c \u0442\u043e\u0432\u0430\u0440 \u043f\u043e\u0437\u0436\u0435 - \u043e\u0434\u043d\u0438\u043c, \u0434\u0432\u0443\u043c\u044f \u0438\u043b\u0438 \u0442\u0440\u0435\u043c\u044f \u0440\u0430\u0432\u043d\u044b\u043c\u0438 \u043f\u043b\u0430\u0442\u0435\u0436\u0430\u043c\u0438 \u0431\u0435\u0437 \u043a\u0430\u043a\u0438\u0445-\u043b\u0438\u0431\u043e \u043f\u0440\u043e\u0446\u0435\u043d\u0442\u043e\u0432 \u0438\u043b\u0438 \u043d\u0430\u0434\u0431\u0430\u0432\u043e\u043a.<\/p>\n<p>\u0412 \u043d\u0430\u0448\u0435\u0439 \u043a\u043e\u0440\u0437\u0438\u043d\u0435 \u0432\u044b \u043c\u043e\u0436\u0435\u0442\u0435 \u0432\u044b\u0431\u0440\u0430\u0442\u044c \u0440\u0430\u0437\u043b\u0438\u0447\u043d\u044b\u0435 \u0432\u0430\u0440\u0438\u0430\u043d\u0442\u044b \u043e\u043f\u043b\u0430\u0442\u044b.<\/p>","protected":false},"featured_media":6917,"comment_status":"closed","ping_status":"closed","template":"","meta":{"_uf_show_specific_survey":0,"_uf_disable_surveys":false},"pwb-brand":[410],"product_brand":[411],"product_cat":[100],"product_tag":[412,413,110],"class_list":{"0":"post-6911","1":"product","2":"type-product","3":"status-publish","4":"has-post-thumbnail","6":"pwb-brand-broilchef","7":"product_brand-broilchef","8":"product_cat-gaasigrillid","9":"product_tag-broilchef","10":"product_tag-broilchef-gaasigrill","11":"product_tag-gaasigrill","13":"first","14":"instock","15":"taxable","16":"shipping-taxable","17":"purchasable","18":"product-type-simple"},"brands":[{"id":410,"name":"BroilChef","slug":"broilchef"}],"_links":{"self":[{"href":"https:\/\/tammetorubbq.ee\/ru\/wp-json\/wp\/v2\/product\/6911","targetHints":{"allow":["GET"]}}],"collection":[{"href":"https:\/\/tammetorubbq.ee\/ru\/wp-json\/wp\/v2\/product"}],"about":[{"href":"https:\/\/tammetorubbq.ee\/ru\/wp-json\/wp\/v2\/types\/product"}],"replies":[{"embeddable":true,"href":"https:\/\/tammetorubbq.ee\/ru\/wp-json\/wp\/v2\/comments?post=6911"}],"wp:featuredmedia":[{"embeddable":true,"href":"https:\/\/tammetorubbq.ee\/ru\/wp-json\/wp\/v2\/media\/6917"}],"wp:attachment":[{"href":"https:\/\/tammetorubbq.ee\/ru\/wp-json\/wp\/v2\/media?parent=6911"}],"wp:term":[{"taxonomy":"pwb-brand","embeddable":true,"href":"https:\/\/tammetorubbq.ee\/ru\/wp-json\/wp\/v2\/pwb-brand?post=6911"},{"taxonomy":"product_brand","embeddable":true,"href":"https:\/\/tammetorubbq.ee\/ru\/wp-json\/wp\/v2\/product_brand?post=6911"},{"taxonomy":"product_cat","embeddable":true,"href":"https:\/\/tammetorubbq.ee\/ru\/wp-json\/wp\/v2\/product_cat?post=6911"},{"taxonomy":"product_tag","embeddable":true,"href":"https:\/\/tammetorubbq.ee\/ru\/wp-json\/wp\/v2\/product_tag?post=6911"}],"curies":[{"name":"wp","href":"https:\/\/api.w.org\/{rel}","templated":true}]}}