{"id":6922,"date":"2026-04-26T12:57:57","date_gmt":"2026-04-26T09:57:57","guid":{"rendered":"https:\/\/tammetorubbq.ee\/?post_type=product&#038;p=6922"},"modified":"2026-04-26T18:00:02","modified_gmt":"2026-04-26T15:00:02","slug":"broilchef-bc-756-nelja-poletiga-portselanemailitud-kupsetuspinnaga-planchagrill","status":"publish","type":"product","link":"https:\/\/tammetorubbq.ee\/ru\/product-2\/broilchef-bc-756-nelja-poletiga-portselanemailitud-kupsetuspinnaga-planchagrill\/","title":{"rendered":"BroilChef BC-756 nelja p\u00f5letiga planchagrill"},"content":{"rendered":"<p><strong>K\u00fcpsetuspind<\/strong><\/p>\n<ul>\n<li>k\u00fcpsetuspind 91,5 x 53,3 cm<\/li>\n<li>k\u00fcpsetuspinna materjal: portselanemailitud teras<\/li>\n<\/ul>\n<p><strong>P\u00f5letid ja v\u00f5imsus<\/strong><\/p>\n<ul>\n<li>4 p\u00f5letit<\/li>\n<li>v\u00f5imsus umbes 14 kW<\/li>\n<li>4 eraldi reguleeritavat kuumustsooni<\/li>\n<li>otses\u00fc\u00fctega piezos\u00fc\u00fcde<\/li>\n<li>k\u00fctus: propaan grilligaas<\/li>\n<\/ul>\n<p><strong>Konstruktsioon ja varustus<\/strong><\/p>\n<ul>\n<li>t\u00fc\u00fcp: gaasiga planchagrill<\/li>\n<li>kaas: jah<\/li>\n<li>rasvakogumiss\u00fcsteem: eest v\u00e4ljak\u00e4iv rasvakogumistops<\/li>\n<li>lisad: k\u00fclglauad, rattad, t\u00f6\u00f6riistakonksud<\/li>\n<li>kasutamiseks v\u00e4litingimustes<\/li>\n<\/ul>\n<p><strong>\u0420\u0430\u0437\u043c\u0435\u0440\u044b \u0438 \u0432\u0435\u0441<\/strong><\/p>\n<ul>\n<li>m\u00f5\u00f5dud kokkupanduna 167 x 64,5 x 106 cm<\/li>\n<li>kaal 55 kg<\/li>\n<\/ul>\n<p data-start=\"0\" data-end=\"27\"><strong data-start=\"0\" data-end=\"27\">Kaal ja pakendi m\u00f5\u00f5tmed<\/strong><\/p>\n<p data-start=\"29\" data-end=\"75\" data-is-last-node=\"\" data-is-only-node=\"\">Kaal: 65 kg<br data-start=\"40\" data-end=\"43\" \/>Pakendi m\u00f5\u00f5tmed: 99 \u00d7 65 \u00d7 40 cm<\/p>\n<div style=\"width: 1280px;\" class=\"wp-video\"><video class=\"wp-video-shortcode\" id=\"video-6922-1\" width=\"1280\" height=\"720\" preload=\"metadata\" controls=\"controls\"><source type=\"video\/mp4\" src=\"https:\/\/tammetorubbq.ee\/wp-content\/uploads\/2026\/04\/BC-756-Plancha.mp4?_=1\" \/><a href=\"https:\/\/tammetorubbq.ee\/wp-content\/uploads\/2026\/04\/BC-756-Plancha.mp4\">https:\/\/tammetorubbq.ee\/wp-content\/uploads\/2026\/04\/BC-756-Plancha.mp4<\/a><\/video><\/div>\n<h5 class=\"isSelectedEnd\"><strong>BroilChef br\u00e4ndilugu<\/strong><\/h5>\n<p class=\"isSelectedEnd\">Alates 1976. aastast on BroilChefi taga seisev pere valmistanud grille maailma tuntud kaubam\u00e4rkidele \u2013 vaikselt, hoolikalt ja uhkusega.<\/p>\n<p class=\"isSelectedEnd\">Aastak\u00fcmneid oli BroilChef see, kes seisis suurte nimede taga. Insenerid, disainerid ja meistrid \u2013 inimesed, kes teadsid t\u00e4pselt, mis t\u00f6\u00f6tab ja mis mitte. Selle aja jooksul on BroilChef \u00f5ppinud, millised lahendused peavad ajale vastu, millised eba\u00f5nnestuvad ning mis k\u00f5ige olulisem \u2013 mis tegelikult s\u00fctitab kirge, kui inimesed kogunevad tule \u00fcmber.<\/p>\n<p class=\"isSelectedEnd\">Aastal 2015 toimus muutus, BroilChefi tegevjuht, eluaegne Star Warsi f\u00e4nn, esitas k\u00fcsimuse, mis muutis k\u00f5ike: \u201eKui me suudame luua teistele\u2026 miks mitte luua midagi, mida me ise armastame?\u201c<\/p>\n<p class=\"isSelectedEnd\">Sellest hetkest sai alguse midagi uut. Alguses vaid s\u00e4de \u2013 lihtne ja m\u00e4nguline idee. Kuid selles s\u00e4demes peitus midagi enamat kui lihtsalt uus toode.<\/p>\n<p class=\"isSelectedEnd\">See ei olnud enam lihtsalt j\u00e4rjekordse grilli loomine. See oli millegi loomine, millel on identiteet ja hing.<\/p>\n<p>BroilChefi missioon ulatub kaugemale kui ainult grillide tootmine \u2013 see on inimeste kokku toomisest. Nad usuvad, et pole midagi rahuldustpakkuvamat kui luua t\u00e4henduslikke hetki ja sidemeid, \u00fcks BBQ korraga.<\/p>","protected":false},"excerpt":{"rendered":"<h5><strong>Portselanemailitud k\u00fcpsetuspind<\/strong><\/h5>\n<p class=\"isSelectedEnd\">BroilChef BC-756 on suure ja \u00fchtlase k\u00fcpsetuspinnaga gaasiplancha, mis on ideaalne valik neile, kes eelistavad klassikalisele grillrestile siledat k\u00fcpsetuspinda. Plancha v\u00f5imaldab valmistada korraga v\u00e4ga erinevaid roogasid \u2013 alates burgeritest ja steikidest kuni munade, pannkookide, k\u00f6\u00f6giviljade ja mereandideni.<\/p>\n<p class=\"isSelectedEnd\">Neli eraldi reguleeritavat p\u00f5letit v\u00f5imaldavad luua erinevaid kuumustsoone, andes t\u00e4ieliku kontrolli k\u00fcpsetamise \u00fcle. See teeb v\u00f5imalikuks samaaegse erineva intensiivsusega k\u00fcpsetamise \u2013 tugev kuumus liha jaoks ning madalam temperatuur k\u00f6\u00f6giviljade v\u00f5i valmistoitude hoidmiseks.<\/p>\n<p class=\"isSelectedEnd\">Portselanemailitud k\u00fcpsetuspind tagab \u00fchtlase kuumuse ja lihtsa puhastamise. Emailkate v\u00e4hendab hooldusvajadust ning muudab igap\u00e4evase kasutamise mugavaks ja praktiliseks.<\/p>\n<p class=\"isSelectedEnd\">Kaanega konstruktsioon aitab kuumust paremini s\u00e4ilitada ning lisab kasutuspaindlikkust. Samuti kaitseb kaas k\u00fcpsetuspinda siis, kui grilli ei kasutata.<\/p>\n<p>Praktilised lahendused nagu k\u00fclglauad, t\u00f6\u00f6riistakonksud ja eest v\u00e4ljat\u00f5mmatav rasvakogumistops muudavad kasutamise lihtsaks ja organiseerituks. T\u00e4nu ratastele on grilli v\u00f5imalik vajadusel ka h\u00f5lpsasti liigutada.<\/p>\n<p><strong>Tammet\u00f5ruBBQ.ee soovitab:<\/strong><\/p>\n<p>\u2022 BroilChef\u00a0<a href=\"https:\/\/tammetorubbq.ee\/ru\/product-2\/broilchef-grillikate-bc-756-planchagrillile\/\"><strong>\u0431\u0430\u0440\u0431\u0435\u043a\u044e<\/strong><\/a> BC-756 planchagrillile<\/p>\n<p><img loading=\"lazy\" decoding=\"async\" class=\"wp-image-6906\" src=\"https:\/\/tammetorubbq.ee\/wp-content\/uploads\/2026\/04\/BroilChef-logo-300x91.png\" alt=\"BroilChef logo\" width=\"237\" height=\"72\" srcset=\"https:\/\/tammetorubbq.ee\/wp-content\/uploads\/2026\/04\/BroilChef-logo-300x91.png 300w, https:\/\/tammetorubbq.ee\/wp-content\/uploads\/2026\/04\/BroilChef-logo-1024x311.png 1024w, https:\/\/tammetorubbq.ee\/wp-content\/uploads\/2026\/04\/BroilChef-logo-768x233.png 768w, https:\/\/tammetorubbq.ee\/wp-content\/uploads\/2026\/04\/BroilChef-logo-1536x467.png 1536w, https:\/\/tammetorubbq.ee\/wp-content\/uploads\/2026\/04\/BroilChef-logo-18x5.png 18w, https:\/\/tammetorubbq.ee\/wp-content\/uploads\/2026\/04\/BroilChef-logo-600x182.png 600w, https:\/\/tammetorubbq.ee\/wp-content\/uploads\/2026\/04\/BroilChef-logo-64x19.png 64w, https:\/\/tammetorubbq.ee\/wp-content\/uploads\/2026\/04\/BroilChef-logo.png 2048w\" sizes=\"auto, (max-width: 237px) 100vw, 237px\" \/><\/p>\n<p><a href=\"https:\/\/tammetorubbq.ee\/ru\/%d0%b7%d0%b0%d0%bf%d0%bb%d0%b0%d1%82%d0%b8%d1%82%d1%8c-%d0%bf%d0%be%d0%b7%d0%b6%d0%b5\/\"><strong>\u041a\u0423\u041f\u0418 \u0421\u0415\u0419\u0427\u0410\u0421, \u0417\u0410\u041f\u041b\u0410\u0422\u0418 \u041f\u041e\u0422\u041e\u041c<\/strong><\/a>\u00a0- \u0431\u0435\u0441\u043f\u0440\u043e\u0446\u0435\u043d\u0442\u043d\u043e!<\/p>\n<p><img loading=\"lazy\" decoding=\"async\" class=\"alignnone wp-image-2646\" src=\"http:\/\/tammetorubbq.ee\/wp-content\/uploads\/2023\/12\/inbank-wordmark.png\" alt=\"\u0418\u043d\u0431\u0430\u043d\u043a\" width=\"164\" height=\"74\" srcset=\"https:\/\/tammetorubbq.ee\/wp-content\/uploads\/2023\/12\/inbank-wordmark.png 300w, https:\/\/tammetorubbq.ee\/wp-content\/uploads\/2023\/12\/inbank-wordmark-18x8.png 18w, https:\/\/tammetorubbq.ee\/wp-content\/uploads\/2023\/12\/inbank-wordmark-64x29.png 64w\" sizes=\"auto, (max-width: 164px) 100vw, 164px\" \/><\/p>\n<p>\u041c\u044b \u0442\u0430\u043a\u0436\u0435 \u043f\u0440\u0435\u0434\u043b\u0430\u0433\u0430\u0435\u043c \u0432\u043e\u0437\u043c\u043e\u0436\u043d\u043e\u0441\u0442\u044c \u043e\u043f\u043b\u0430\u0442\u0438\u0442\u044c \u0442\u043e\u0432\u0430\u0440 \u043f\u043e\u0437\u0436\u0435 - \u043e\u0434\u043d\u0438\u043c, \u0434\u0432\u0443\u043c\u044f \u0438\u043b\u0438 \u0442\u0440\u0435\u043c\u044f \u0440\u0430\u0432\u043d\u044b\u043c\u0438 \u043f\u043b\u0430\u0442\u0435\u0436\u0430\u043c\u0438 \u0431\u0435\u0437 \u043a\u0430\u043a\u0438\u0445-\u043b\u0438\u0431\u043e \u043f\u0440\u043e\u0446\u0435\u043d\u0442\u043e\u0432 \u0438\u043b\u0438 \u043d\u0430\u0434\u0431\u0430\u0432\u043e\u043a.<\/p>\n<p>\u0412 \u043d\u0430\u0448\u0435\u0439 \u043a\u043e\u0440\u0437\u0438\u043d\u0435 \u0432\u044b \u043c\u043e\u0436\u0435\u0442\u0435 \u0432\u044b\u0431\u0440\u0430\u0442\u044c \u0440\u0430\u0437\u043b\u0438\u0447\u043d\u044b\u0435 \u0432\u0430\u0440\u0438\u0430\u043d\u0442\u044b \u043e\u043f\u043b\u0430\u0442\u044b.<\/p>","protected":false},"featured_media":6926,"comment_status":"closed","ping_status":"closed","template":"","meta":{"_uf_show_specific_survey":0,"_uf_disable_surveys":false},"pwb-brand":[410],"product_brand":[411],"product_cat":[100],"product_tag":[412,413,110],"class_list":{"0":"post-6922","1":"product","2":"type-product","3":"status-publish","4":"has-post-thumbnail","6":"pwb-brand-broilchef","7":"product_brand-broilchef","8":"product_cat-gaasigrillid","9":"product_tag-broilchef","10":"product_tag-broilchef-gaasigrill","11":"product_tag-gaasigrill","13":"first","14":"instock","15":"taxable","16":"shipping-taxable","17":"purchasable","18":"product-type-simple"},"brands":[{"id":410,"name":"BroilChef","slug":"broilchef"}],"_links":{"self":[{"href":"https:\/\/tammetorubbq.ee\/ru\/wp-json\/wp\/v2\/product\/6922","targetHints":{"allow":["GET"]}}],"collection":[{"href":"https:\/\/tammetorubbq.ee\/ru\/wp-json\/wp\/v2\/product"}],"about":[{"href":"https:\/\/tammetorubbq.ee\/ru\/wp-json\/wp\/v2\/types\/product"}],"replies":[{"embeddable":true,"href":"https:\/\/tammetorubbq.ee\/ru\/wp-json\/wp\/v2\/comments?post=6922"}],"wp:featuredmedia":[{"embeddable":true,"href":"https:\/\/tammetorubbq.ee\/ru\/wp-json\/wp\/v2\/media\/6926"}],"wp:attachment":[{"href":"https:\/\/tammetorubbq.ee\/ru\/wp-json\/wp\/v2\/media?parent=6922"}],"wp:term":[{"taxonomy":"pwb-brand","embeddable":true,"href":"https:\/\/tammetorubbq.ee\/ru\/wp-json\/wp\/v2\/pwb-brand?post=6922"},{"taxonomy":"product_brand","embeddable":true,"href":"https:\/\/tammetorubbq.ee\/ru\/wp-json\/wp\/v2\/product_brand?post=6922"},{"taxonomy":"product_cat","embeddable":true,"href":"https:\/\/tammetorubbq.ee\/ru\/wp-json\/wp\/v2\/product_cat?post=6922"},{"taxonomy":"product_tag","embeddable":true,"href":"https:\/\/tammetorubbq.ee\/ru\/wp-json\/wp\/v2\/product_tag?post=6922"}],"curies":[{"name":"wp","href":"https:\/\/api.w.org\/{rel}","templated":true}]}}