{"id":7058,"date":"2026-05-07T14:07:45","date_gmt":"2026-05-07T11:07:45","guid":{"rendered":"https:\/\/tammetorubbq.ee\/?post_type=product&#038;p=7058"},"modified":"2026-05-10T01:00:18","modified_gmt":"2026-05-09T22:00:18","slug":"kamado-joe-tugevdatud-terasest-grillihari","status":"publish","type":"product","link":"https:\/\/tammetorubbq.ee\/ru\/toode\/kamado-joe-tugevdatud-terasest-grillihari\/","title":{"rendered":"Kamado Joe tugevdatud terasest grillihari"},"content":{"rendered":"<p class=\"isSelectedEnd\"><strong>\u0422\u0435\u0445\u043d\u0438\u0447\u0435\u0441\u043a\u0438\u0435 \u0434\u0430\u043d\u043d\u044b\u0435<\/strong><\/p>\n<p>\u2022 Materjal: roostevaba teras<br \/>\n\u2022 Pikkus: 45,75 cm<br \/>\n\u2022 Eemaldab rasva ja k\u00f5rbenud j\u00e4\u00e4gid<br \/>\n\u2022 Ergonoomiline ja tasakaalustatud k\u00e4epide<br \/>\n\u2022 Vahetatav harjapea<br \/>\n\u2022 N\u00f5udepesumasinas pestav<\/p>","protected":false},"excerpt":{"rendered":"<p class=\"isSelectedEnd\">Kamado Joe\u00ae tugevdatud terasest grillihari on m\u00f5eldud kamado k\u00fcpsetusrestide p\u00f5hjalikuks puhastamiseks p\u00e4rast grillimist. Tugev harjastega konstruktsioon aitab eemaldada rasva, toiduj\u00e4\u00e4ke ja kuumuse m\u00f5jul tekkinud k\u00f5rbenud kihi.<\/p>\n<p class=\"isSelectedEnd\">Puhas grillrest aitab hoida grilli paremas t\u00f6\u00f6korras ning v\u00e4hendab mustuse kogunemist j\u00e4rgmiseks kasutuskorraks. Regulaarne puhastamine aitab \u00fchtlasi s\u00e4ilitada ka toidu puhtama ja parema maitse, kuna vanad j\u00e4\u00e4gid ei m\u00f5juta uut toitu.<\/p>\n<p class=\"isSelectedEnd\">Harja pikkus on 45,75 cm, mis tagab mugava kasutuse ka kuumade pindade puhastamisel, hoides k\u00e4ed ohutus kauguses. Tasakaalustatud ja ergonoomiline k\u00e4epide muudab t\u00f6\u00f6riista k\u00e4sitsemise mugavaks. Vahetatav harjapea pikendab toote kasutusiga ning muudab selle praktiliseks pikaajaliseks tarvikuks.<\/p>\n<p>Hari on lihtsasti hooldatav ning sobib pesemiseks n\u00f5udepesumasinas.<\/p>\n<p>&nbsp;<\/p>\n<p><img loading=\"lazy\" decoding=\"async\" class=\"alignnone wp-image-1531\" src=\"https:\/\/tammetorubbq.ee\/wp-content\/uploads\/2024\/03\/kamado-joe-logo-300x40.webp\" alt=\"\u041b\u043e\u0433\u043e\u0442\u0438\u043f Kamado Joe\" width=\"240\" height=\"32\" srcset=\"https:\/\/tammetorubbq.ee\/wp-content\/uploads\/2024\/03\/kamado-joe-logo-300x40.webp 300w, https:\/\/tammetorubbq.ee\/wp-content\/uploads\/2024\/03\/kamado-joe-logo-768x104.webp 768w, https:\/\/tammetorubbq.ee\/wp-content\/uploads\/2024\/03\/kamado-joe-logo-18x2.webp 18w, https:\/\/tammetorubbq.ee\/wp-content\/uploads\/2024\/03\/kamado-joe-logo-600x81.webp 600w, https:\/\/tammetorubbq.ee\/wp-content\/uploads\/2024\/03\/kamado-joe-logo-64x9.webp 64w, https:\/\/tammetorubbq.ee\/wp-content\/uploads\/2024\/03\/kamado-joe-logo.webp 1024w\" sizes=\"auto, (max-width: 240px) 100vw, 240px\" \/><\/p>\n<p><strong>\u041c\u044b \u044f\u0432\u043b\u044f\u0435\u043c\u0441\u044f \u043e\u0444\u0438\u0446\u0438\u0430\u043b\u044c\u043d\u044b\u043c \u043f\u0440\u0435\u0434\u0441\u0442\u0430\u0432\u0438\u0442\u0435\u043b\u0435\u043c \u043f\u0440\u043e\u0438\u0437\u0432\u043e\u0434\u0438\u0442\u0435\u043b\u044f Kamado Joe \u0432 \u042d\u0441\u0442\u043e\u043d\u0438\u0438!<\/strong><\/p>","protected":false},"featured_media":7062,"comment_status":"closed","ping_status":"closed","template":"","meta":{"_uf_show_specific_survey":0,"_uf_disable_surveys":false},"pwb-brand":[69],"product_brand":[387],"product_cat":[30],"product_tag":[418,134,126,323],"class_list":{"0":"post-7058","1":"product","2":"type-product","3":"status-publish","4":"has-post-thumbnail","6":"pwb-brand-kamado-joe","7":"product_brand-kamado-joe","8":"product_cat-grillimise-tarvikud","9":"product_tag-grillihari","10":"product_tag-grillimise-tarvikud","11":"product_tag-kamado-joe","12":"product_tag-kamado-joe-lisatarvikud","14":"first","15":"instock","16":"taxable","17":"shipping-taxable","18":"purchasable","19":"product-type-simple"},"brands":[{"id":69,"name":"\u041a\u0430\u043c\u0430\u0434\u043e \u0414\u0436\u043e","slug":"%d0%ba%d0%b0%d0%bc%d0%b0%d0%b4%d0%be-%d0%b4%d0%b6%d0%be"}],"_links":{"self":[{"href":"https:\/\/tammetorubbq.ee\/ru\/wp-json\/wp\/v2\/product\/7058","targetHints":{"allow":["GET"]}}],"collection":[{"href":"https:\/\/tammetorubbq.ee\/ru\/wp-json\/wp\/v2\/product"}],"about":[{"href":"https:\/\/tammetorubbq.ee\/ru\/wp-json\/wp\/v2\/types\/product"}],"replies":[{"embeddable":true,"href":"https:\/\/tammetorubbq.ee\/ru\/wp-json\/wp\/v2\/comments?post=7058"}],"wp:featuredmedia":[{"embeddable":true,"href":"https:\/\/tammetorubbq.ee\/ru\/wp-json\/wp\/v2\/media\/7062"}],"wp:attachment":[{"href":"https:\/\/tammetorubbq.ee\/ru\/wp-json\/wp\/v2\/media?parent=7058"}],"wp:term":[{"taxonomy":"pwb-brand","embeddable":true,"href":"https:\/\/tammetorubbq.ee\/ru\/wp-json\/wp\/v2\/pwb-brand?post=7058"},{"taxonomy":"product_brand","embeddable":true,"href":"https:\/\/tammetorubbq.ee\/ru\/wp-json\/wp\/v2\/product_brand?post=7058"},{"taxonomy":"product_cat","embeddable":true,"href":"https:\/\/tammetorubbq.ee\/ru\/wp-json\/wp\/v2\/product_cat?post=7058"},{"taxonomy":"product_tag","embeddable":true,"href":"https:\/\/tammetorubbq.ee\/ru\/wp-json\/wp\/v2\/product_tag?post=7058"}],"curies":[{"name":"wp","href":"https:\/\/api.w.org\/{rel}","templated":true}]}}