{"id":7181,"date":"2026-05-15T14:16:32","date_gmt":"2026-05-15T11:16:32","guid":{"rendered":"https:\/\/tammetorubbq.ee\/?post_type=product&#038;p=7181"},"modified":"2026-05-16T05:00:06","modified_gmt":"2026-05-16T02:00:06","slug":"tabasco-chipotle-pepper-kaste-60ml","status":"publish","type":"product","link":"https:\/\/tammetorubbq.ee\/ru\/toode\/tabasco-chipotle-pepper-kaste-60ml\/","title":{"rendered":"Tabasco Chipotle Pepper kaste 60ml"},"content":{"rendered":"<p data-section-id=\"19ts1gp\" data-start=\"295\" data-end=\"314\"><span role=\"text\"><strong data-start=\"299\" data-end=\"314\">\u0418\u043d\u0433\u0440\u0435\u0434\u0438\u0435\u043d\u0442\u044b: <\/strong>\u00e4<\/span>\u00e4dikas, suitsutatud punane jalape\u00f1o pipar (chipotle), vesi, suhkur, sool, k\u00fc\u00fcslauk.<\/p>\n<p data-section-id=\"9dp8qh\" data-start=\"406\" data-end=\"460\"><span role=\"text\"><strong data-start=\"410\" data-end=\"460\">Toitumisalane teave (100 ml kohta, ligikaudne)<\/strong><\/span><\/p>\n<ul data-start=\"461\" data-end=\"588\">\n<li data-section-id=\"ztdx67\" data-start=\"461\" data-end=\"485\">Energia: ~15\u201320 kcal<\/li>\n<li data-section-id=\"16xr9qu\" data-start=\"486\" data-end=\"501\">Rasvad: 0 g<\/li>\n<li data-section-id=\"fadm9b\" data-start=\"502\" data-end=\"555\">S\u00fcsivesikud: ~3\u20134 g\n<ul data-start=\"528\" data-end=\"555\">\n<li data-section-id=\"1x1amex\" data-start=\"528\" data-end=\"555\">millest suhkrud: ~2\u20133 g<\/li>\n<\/ul>\n<\/li>\n<li data-section-id=\"7wz02w\" data-start=\"556\" data-end=\"571\">Valgud: 0 g<\/li>\n<li data-section-id=\"11h579i\" data-start=\"572\" data-end=\"588\">Sool: ~2\u20133 g<\/li>\n<\/ul>\n<p>&nbsp;<\/p>\n<p data-start=\"0\" data-end=\"346\">TABASCO on maailma enim levinud teravakastmete kaubam\u00e4rk, mille ajalugu ulatub aastasse 1868, kui Edmund McIlhenny l\u00f5i esimese TABASCO kastme Louisiana osariigis Avery Islandil, USA-s. T\u00e4naseni on ettev\u00f5te pereomanduses ning toodab kastmeid traditsiooniliste retseptide j\u00e4rgi, kasutades kvaliteetseid koostisosi ja hoolikalt laagerdatud t\u0161illipipraid.<\/p>\n<p data-start=\"348\" data-end=\"719\" data-is-last-node=\"\" data-is-only-node=\"\">TABASCO p\u00f5hiv\u00e4\u00e4rtusteks on autentsus, kvaliteet, lihtsad koostisosad ja kirg maitsete vastu. Ettev\u00f5te keskendub j\u00e4tkusuutlikule tootmisele ning soovib pakkuda inimestele \u00fcle maailma julgeid ja ainulaadseid maitseelamusi. TABASCO visioon on inspireerida inimesi avastama uusi maitseid ja muuta igap\u00e4evane toit p\u00f5nevamaks l\u00e4bi kvaliteetsete piprakastmete ja maitseainete.<\/p>","protected":false},"excerpt":{"rendered":"<h5>Hea valik neile, kes eelistavad mahedamat teravust<\/h5>\n<p data-start=\"0\" data-end=\"328\">Rikkaliku ja t\u00e4idlase maitsega t\u0161illikaste, mis pakub ideaalse tasakaalu suitsususe ja m\u00f5\u00f5duka teravuse vahel. See on valmistatud viinapuul k\u00fcpsenud punastest jalape\u00f1o paprikatest, mida suitsutatakse aeglaselt h\u00f5\u00f5guva pekanipuu tule kohal, kuni need saavutavad oma iseloomuliku chipotle-maitse.<\/p>\n<p data-start=\"330\" data-end=\"605\">Tulemuseks on s\u00fcgava ja kergelt magusa maitseprofiiliga kaste, mis sobib suurep\u00e4raselt grillitud liha, burgerite ja tacode juurde. Samuti on see suurep\u00e4rane valik marinaadidesse ning annab ootamatult suitsuse n\u00fcansi dipikastmetele, kokteilidele ja isegi magusatele roogadele.<\/p>\n<p data-start=\"607\" data-end=\"948\" data-is-last-node=\"\" data-is-only-node=\"\">Kaste on tasakaalustatud \u2013 suitsune, kergelt magus ja m\u00f5\u00f5dukalt v\u00fcrtsikas, mist\u00f5ttu sobib see nii igap\u00e4evaseks kasutamiseks kui ka neile, kes eelistavad mahedamat, kuid iseloomulikku teravust. TABASCO Chipotle Pepper Sauce lisab lihtsatele roogadele s\u00fcgavust ja BBQ-stiilis karakterit, muutes need m\u00e4rgatavalt rikkalikumaks ja maitsekamaks.<\/p>\n<p><strong>Teravusaste: 1500 &#8211; 2500 SHU (Scoville\u2019i \u00fchikut) ehk 5\/2<\/strong><\/p>\n<p>**\u201eScoville\u2019i \u00fchik\u201d (SHU) on m\u00f5\u00f5t\u00fchik, mis n\u00e4itab kapsaitsiini sisaldust \u2013 see on pipardes leiduv \u00fchend, mis p\u00f5hjustab teravust.<\/p>\n<p><a href=\"https:\/\/tammetorubbq.ee\/wp-content\/uploads\/2026\/05\/Tabasco_Logo.svg\"><img loading=\"lazy\" decoding=\"async\" class=\"alignnone wp-image-7161\" src=\"https:\/\/tammetorubbq.ee\/wp-content\/uploads\/2026\/05\/Tabasco_Logo.svg\" alt=\"Tabasco \" width=\"178\" height=\"178\" \/><\/a><\/p>","protected":false},"featured_media":7186,"comment_status":"closed","ping_status":"closed","template":"","meta":{"_uf_show_specific_survey":0,"_uf_disable_surveys":false},"pwb-brand":[424],"product_brand":[425],"product_cat":[22],"product_tag":[138,428,118,159,114,426,119,427],"class_list":{"0":"post-7181","1":"product","2":"type-product","3":"status-publish","4":"has-post-thumbnail","6":"pwb-brand-tabasco","7":"product_brand-tabasco","8":"product_cat-kastmed-ja-marinaadid","9":"product_tag-burger","10":"product_tag-dipikaste","11":"product_tag-kanaliha","12":"product_tag-kanatiivad","13":"product_tag-sealiha","14":"product_tag-tabasco","15":"product_tag-veiseliha","16":"product_tag-wrap","18":"first","19":"outofstock","20":"taxable","21":"shipping-taxable","22":"purchasable","23":"product-type-simple"},"brands":[{"id":424,"name":"Tabasco","slug":"tabasco"}],"_links":{"self":[{"href":"https:\/\/tammetorubbq.ee\/ru\/wp-json\/wp\/v2\/product\/7181","targetHints":{"allow":["GET"]}}],"collection":[{"href":"https:\/\/tammetorubbq.ee\/ru\/wp-json\/wp\/v2\/product"}],"about":[{"href":"https:\/\/tammetorubbq.ee\/ru\/wp-json\/wp\/v2\/types\/product"}],"replies":[{"embeddable":true,"href":"https:\/\/tammetorubbq.ee\/ru\/wp-json\/wp\/v2\/comments?post=7181"}],"wp:featuredmedia":[{"embeddable":true,"href":"https:\/\/tammetorubbq.ee\/ru\/wp-json\/wp\/v2\/media\/7186"}],"wp:attachment":[{"href":"https:\/\/tammetorubbq.ee\/ru\/wp-json\/wp\/v2\/media?parent=7181"}],"wp:term":[{"taxonomy":"pwb-brand","embeddable":true,"href":"https:\/\/tammetorubbq.ee\/ru\/wp-json\/wp\/v2\/pwb-brand?post=7181"},{"taxonomy":"product_brand","embeddable":true,"href":"https:\/\/tammetorubbq.ee\/ru\/wp-json\/wp\/v2\/product_brand?post=7181"},{"taxonomy":"product_cat","embeddable":true,"href":"https:\/\/tammetorubbq.ee\/ru\/wp-json\/wp\/v2\/product_cat?post=7181"},{"taxonomy":"product_tag","embeddable":true,"href":"https:\/\/tammetorubbq.ee\/ru\/wp-json\/wp\/v2\/product_tag?post=7181"}],"curies":[{"name":"wp","href":"https:\/\/api.w.org\/{rel}","templated":true}]}}